{"id":4456,"date":"2020-12-15T17:11:25","date_gmt":"2020-12-15T16:11:25","guid":{"rendered":"https:\/\/handinhand.info\/?page_id=4456"},"modified":"2020-12-28T16:35:34","modified_gmt":"2020-12-28T15:35:34","slug":"nachruf","status":"publish","type":"page","link":"https:\/\/handinhand.info\/en\/ueber-hih\/nachruf\/","title":{"rendered":"Nachruf"},"content":{"rendered":"<p><div class=\"fusion-fullwidth fullwidth-box fusion-builder-row-1 nonhundred-percent-fullwidth non-hundred-percent-height-scrolling\" style=\"--awb-border-radius-top-left:0px;--awb-border-radius-top-right:0px;--awb-border-radius-bottom-right:0px;--awb-border-radius-bottom-left:0px;--awb-flex-wrap:wrap;\" ><div class=\"fusion-builder-row fusion-row\"><div class=\"fusion-layout-column fusion_builder_column fusion-builder-column-0 fusion_builder_column_1_1 1_1 fusion-one-full fusion-column-first fusion-column-last\" style=\"--awb-bg-size:cover;\"><div class=\"fusion-column-wrapper fusion-flex-column-wrapper-legacy\"><div class=\"fusion-image-element in-legacy-container\" style=\"--awb-caption-title-font-family:var(--h2_typography-font-family);--awb-caption-title-font-weight:var(--h2_typography-font-weight);--awb-caption-title-font-style:var(--h2_typography-font-style);--awb-caption-title-size:var(--h2_typography-font-size);--awb-caption-title-transform:var(--h2_typography-text-transform);--awb-caption-title-line-height:var(--h2_typography-line-height);--awb-caption-title-letter-spacing:var(--h2_typography-letter-spacing);\"><span class=\"fusion-imageframe imageframe-none imageframe-1 hover-type-none\"><img decoding=\"async\" width=\"600\" height=\"338\" title=\"nachruf-kerze\" src=\"https:\/\/handinhand.info\/wp-content\/uploads\/2020\/12\/nachruf-kerze.jpg\" data-orig-src=\"https:\/\/handinhand.info\/wp-content\/uploads\/2020\/12\/nachruf-kerze.jpg\" alt class=\"lazyload img-responsive wp-image-4455\" srcset=\"data:image\/svg+xml,%3Csvg%20xmlns%3D%27http%3A%2F%2Fwww.w3.org%2F2000%2Fsvg%27%20width%3D%27600%27%20height%3D%27338%27%20viewBox%3D%270%200%20600%20338%27%3E%3Crect%20width%3D%27600%27%20height%3D%27338%27%20fill-opacity%3D%220%22%2F%3E%3C%2Fsvg%3E\" data-srcset=\"https:\/\/handinhand.info\/wp-content\/uploads\/2020\/12\/nachruf-kerze-200x113.jpg 200w, https:\/\/handinhand.info\/wp-content\/uploads\/2020\/12\/nachruf-kerze-400x225.jpg 400w, https:\/\/handinhand.info\/wp-content\/uploads\/2020\/12\/nachruf-kerze.jpg 600w\" data-sizes=\"auto\" data-orig-sizes=\"(max-width: 800px) 100vw, 600px\" \/><\/span><\/div><div class=\"fusion-clearfix\"><\/div><\/div><\/div><div class=\"fusion-layout-column fusion_builder_column fusion-builder-column-1 fusion_builder_column_1_1 1_1 fusion-one-full fusion-column-first fusion-column-last\" style=\"--awb-bg-size:cover;\"><div class=\"fusion-column-wrapper fusion-column-has-shadow fusion-flex-column-wrapper-legacy\"><div class=\"fusion-text fusion-text-1\"><h3><span style=\"color: #9e183e;\"><strong>\u201eErinnerungen,<br \/>\ndie unser Herz ber\u00fchren,<br \/>\ngehen niemals verloren.\u201c<\/strong><\/span><\/h3>\n<\/div><div class=\"fusion-clearfix\"><\/div><\/div><\/div><\/div><\/div><div class=\"fusion-fullwidth fullwidth-box fusion-builder-row-2 nonhundred-percent-fullwidth non-hundred-percent-height-scrolling\" style=\"--awb-border-radius-top-left:0px;--awb-border-radius-top-right:0px;--awb-border-radius-bottom-right:0px;--awb-border-radius-bottom-left:0px;--awb-padding-bottom:0px;--awb-margin-bottom:0px;--awb-flex-wrap:wrap;\" ><div class=\"fusion-builder-row fusion-row\"><div class=\"fusion-layout-column fusion_builder_column fusion-builder-column-2 fusion_builder_column_1_1 1_1 fusion-one-full fusion-column-first fusion-column-last\" style=\"--awb-bg-size:cover;\"><div class=\"fusion-column-wrapper fusion-flex-column-wrapper-legacy\"><div class=\"fusion-sep-clear\"><\/div><div class=\"fusion-separator fusion-has-icon fusion-full-width-sep separator-icon-gross, m-b-40\" style=\"margin-left: auto;margin-right: auto;margin-top:20px;margin-bottom:20px;width:100%;\"><div class=\"fusion-separator-border sep-single\" style=\"--awb-height:20px;--awb-amount:20px;--awb-sep-color:#9e183e;border-color:#9e183e;border-top-width:1px;\"><\/div><span class=\"icon-wrapper\" style=\"border-color:transparent;font-size:16px;width: 1.75em; height: 1.75em;border-width:1px;padding:1px;margin-top:-0.5px\"><i class=\"fa-users fas\" style=\"font-size: inherit;color:#9e183e;\" aria-hidden=\"true\"><\/i><\/span><div class=\"fusion-separator-border sep-single\" style=\"--awb-height:20px;--awb-amount:20px;--awb-sep-color:#9e183e;border-color:#9e183e;border-top-width:1px;\"><\/div><\/div><div class=\"fusion-sep-clear\"><\/div>\n<div class=\"fusion-clearfix\"><\/div><\/div><\/div><\/div><\/div><div class=\"fusion-fullwidth fullwidth-box fusion-builder-row-3 nonhundred-percent-fullwidth non-hundred-percent-height-scrolling\" style=\"--awb-border-radius-top-left:0px;--awb-border-radius-top-right:0px;--awb-border-radius-bottom-right:0px;--awb-border-radius-bottom-left:0px;--awb-flex-wrap:wrap;\" ><div class=\"fusion-builder-row fusion-row\"><div class=\"fusion-layout-column fusion_builder_column fusion-builder-column-3 fusion_builder_column_1_1 1_1 fusion-one-full fusion-column-first fusion-column-last\" style=\"--awb-bg-size:cover;\"><div class=\"fusion-column-wrapper fusion-flex-column-wrapper-legacy\"><div class=\"fusion-text fusion-text-2\"><h3>Dr. Chandra Sekara Rao<\/h3>\n<\/div><div class=\"fusion-clearfix\"><\/div><\/div><\/div><div class=\"fusion-layout-column fusion_builder_column fusion-builder-column-4 fusion_builder_column_1_1 1_1 fusion-one-full fusion-column-first fusion-column-last\" style=\"--awb-bg-size:cover;\"><div class=\"fusion-column-wrapper fusion-flex-column-wrapper-legacy\"><div class=\"fusion-text fusion-text-3\"><p>Am 28.10.2020<\/p>\n<p>Verstarb <strong><em>Dr. Chandra Sekara Rao<\/em><\/strong> pl\u00f6tzlich und unerwartet an Covid19.<\/p>\n<p>Er wurde 72 Jahre alt.<\/p>\n<p>In mehr als 10 Augencamps hat er unerm\u00fcdlich und kostenfrei zusammen mit HANDinHAND Dienst f\u00fcr unz\u00e4hlige Arme geleistet. So vielen Menschen neues Augenlicht geschenkt.<\/p>\n<p>2018 war er mit seiner Frau auf Europatour und hat auch Elmar Jung in Darmstadt getroffen.<\/p>\n<p>Wir verlieren einen g\u00fctigen hilfsbereiten Freund und sind in Gedanken bei seiner Familie.<\/p>\n<p>Er wird uns stets unvergessen bleiben.<\/p>\n<\/div><div class=\"awb-gallery-wrapper awb-gallery-wrapper-1 button-span-no\"><div style=\"margin:-5px;--awb-bordersize:0px;\" class=\"fusion-gallery fusion-gallery-container fusion-grid-3 fusion-columns-total-6 fusion-gallery-layout-grid fusion-gallery-1\"><div style=\"padding:5px;\" class=\"fusion-grid-column fusion-gallery-column fusion-gallery-column-3 hover-type-zoomin\"><div class=\"fusion-gallery-image\"><a href=\"https:\/\/handinhand.info\/wp-content\/uploads\/2020\/12\/Nachruf_Dr-Chandra-Sekararao_05.jpg\" rel=\"noreferrer\" data-rel=\"iLightbox[gallery_image_1]\" class=\"fusion-lightbox\" target=\"_self\"><img decoding=\"async\" src=\"https:\/\/handinhand.info\/wp-content\/uploads\/2020\/12\/Nachruf_Dr-Chandra-Sekararao_05-460x295.jpg\" width=\"460\" height=\"295\" alt=\"\" title=\"Nachruf_Dr-Chandra-Sekararao_05\" aria-label=\"Nachruf_Dr-Chandra-Sekararao_05\" class=\"img-responsive wp-image-4487 fusion-gallery-image-size-fixed\"  \/><\/a><\/div><\/div><div style=\"padding:5px;\" class=\"fusion-grid-column fusion-gallery-column fusion-gallery-column-3 hover-type-zoomin\"><div class=\"fusion-gallery-image\"><a href=\"https:\/\/handinhand.info\/wp-content\/uploads\/2020\/12\/Nachruf_Dr-Chandra-Sekararao_01.jpg\" rel=\"noreferrer\" data-rel=\"iLightbox[gallery_image_1]\" class=\"fusion-lightbox\" target=\"_self\"><img decoding=\"async\" src=\"https:\/\/handinhand.info\/wp-content\/uploads\/2020\/12\/Nachruf_Dr-Chandra-Sekararao_01-460x295.jpg\" width=\"460\" height=\"295\" alt=\"\" title=\"Nachruf_Dr-Chandra-Sekararao_01\" aria-label=\"Nachruf_Dr-Chandra-Sekararao_01\" class=\"img-responsive wp-image-4483 fusion-gallery-image-size-fixed\"  \/><\/a><\/div><\/div><div style=\"padding:5px;\" class=\"fusion-grid-column fusion-gallery-column fusion-gallery-column-3 hover-type-zoomin\"><div class=\"fusion-gallery-image\"><a href=\"https:\/\/handinhand.info\/wp-content\/uploads\/2020\/12\/Nachruf_Dr-Chandra-Sekararao_02.jpg\" rel=\"noreferrer\" data-rel=\"iLightbox[gallery_image_1]\" class=\"fusion-lightbox\" target=\"_self\"><img decoding=\"async\" src=\"https:\/\/handinhand.info\/wp-content\/uploads\/2020\/12\/Nachruf_Dr-Chandra-Sekararao_02-460x295.jpg\" width=\"460\" height=\"295\" alt=\"\" title=\"Nachruf_Dr-Chandra-Sekararao_02\" aria-label=\"Nachruf_Dr-Chandra-Sekararao_02\" class=\"img-responsive wp-image-4484 fusion-gallery-image-size-fixed\"  \/><\/a><\/div><\/div><div class=\"clearfix\"><\/div><div style=\"padding:5px;\" class=\"fusion-grid-column fusion-gallery-column fusion-gallery-column-3 hover-type-zoomin\"><div class=\"fusion-gallery-image\"><a href=\"https:\/\/handinhand.info\/wp-content\/uploads\/2020\/12\/Nachruf_Dr-Chandra-Sekararao_03.jpg\" rel=\"noreferrer\" data-rel=\"iLightbox[gallery_image_1]\" class=\"fusion-lightbox\" target=\"_self\"><img decoding=\"async\" src=\"https:\/\/handinhand.info\/wp-content\/uploads\/2020\/12\/Nachruf_Dr-Chandra-Sekararao_03-460x295.jpg\" width=\"460\" height=\"295\" alt=\"\" title=\"Nachruf_Dr-Chandra-Sekararao_03\" aria-label=\"Nachruf_Dr-Chandra-Sekararao_03\" class=\"img-responsive wp-image-4485 fusion-gallery-image-size-fixed\"  \/><\/a><\/div><\/div><div style=\"padding:5px;\" class=\"fusion-grid-column fusion-gallery-column fusion-gallery-column-3 hover-type-zoomin\"><div class=\"fusion-gallery-image\"><a href=\"https:\/\/handinhand.info\/wp-content\/uploads\/2020\/12\/Nachruf_Dr-Chandra-Sekararao_04.jpg\" rel=\"noreferrer\" data-rel=\"iLightbox[gallery_image_1]\" class=\"fusion-lightbox\" target=\"_self\"><img decoding=\"async\" src=\"https:\/\/handinhand.info\/wp-content\/uploads\/2020\/12\/Nachruf_Dr-Chandra-Sekararao_04-460x295.jpg\" width=\"460\" height=\"295\" alt=\"\" title=\"Nachruf_Dr-Chandra-Sekararao_04\" aria-label=\"Nachruf_Dr-Chandra-Sekararao_04\" class=\"img-responsive wp-image-4486 fusion-gallery-image-size-fixed\"  \/><\/a><\/div><\/div><div style=\"padding:5px;\" class=\"fusion-grid-column fusion-gallery-column fusion-gallery-column-3 hover-type-zoomin\"><div class=\"fusion-gallery-image\"><a href=\"https:\/\/handinhand.info\/wp-content\/uploads\/2020\/12\/Nachruf_Dr-Chandra-Sekararao_07.jpg\" rel=\"noreferrer\" data-rel=\"iLightbox[gallery_image_1]\" class=\"fusion-lightbox\" target=\"_self\"><img decoding=\"async\" src=\"https:\/\/handinhand.info\/wp-content\/uploads\/2020\/12\/Nachruf_Dr-Chandra-Sekararao_07-460x295.jpg\" width=\"460\" height=\"295\" alt=\"\" title=\"Nachruf_Dr-Chandra-Sekararao_07\" aria-label=\"Nachruf_Dr-Chandra-Sekararao_07\" class=\"img-responsive wp-image-4489 fusion-gallery-image-size-fixed\"  \/><\/a><\/div><\/div><div class=\"clearfix\"><\/div><\/div><\/div><div class=\"fusion-clearfix\"><\/div><\/div><\/div><\/div><\/div><div class=\"fusion-fullwidth fullwidth-box fusion-builder-row-4 nonhundred-percent-fullwidth non-hundred-percent-height-scrolling\" style=\"--awb-border-radius-top-left:0px;--awb-border-radius-top-right:0px;--awb-border-radius-bottom-right:0px;--awb-border-radius-bottom-left:0px;--awb-padding-bottom:0px;--awb-margin-bottom:0px;--awb-flex-wrap:wrap;\" ><div class=\"fusion-builder-row fusion-row\"><div class=\"fusion-layout-column fusion_builder_column fusion-builder-column-5 fusion_builder_column_1_1 1_1 fusion-one-full fusion-column-first fusion-column-last\" style=\"--awb-bg-size:cover;\"><div class=\"fusion-column-wrapper fusion-flex-column-wrapper-legacy\"><div class=\"fusion-sep-clear\"><\/div><div class=\"fusion-separator fusion-has-icon fusion-full-width-sep separator-icon-gross, m-b-40\" style=\"margin-left: auto;margin-right: auto;margin-top:20px;margin-bottom:20px;width:100%;\"><div class=\"fusion-separator-border sep-single\" style=\"--awb-height:20px;--awb-amount:20px;--awb-sep-color:#9e183e;border-color:#9e183e;border-top-width:1px;\"><\/div><span class=\"icon-wrapper\" style=\"border-color:transparent;font-size:16px;width: 1.75em; height: 1.75em;border-width:1px;padding:1px;margin-top:-0.5px\"><i class=\"fa-users fas\" style=\"font-size: inherit;color:#9e183e;\" aria-hidden=\"true\"><\/i><\/span><div class=\"fusion-separator-border sep-single\" style=\"--awb-height:20px;--awb-amount:20px;--awb-sep-color:#9e183e;border-color:#9e183e;border-top-width:1px;\"><\/div><\/div><div class=\"fusion-sep-clear\"><\/div>\n<div class=\"fusion-clearfix\"><\/div><\/div><\/div><\/div><\/div><div class=\"fusion-fullwidth fullwidth-box fusion-builder-row-5 nonhundred-percent-fullwidth non-hundred-percent-height-scrolling\" style=\"--awb-border-radius-top-left:0px;--awb-border-radius-top-right:0px;--awb-border-radius-bottom-right:0px;--awb-border-radius-bottom-left:0px;--awb-flex-wrap:wrap;\" ><div class=\"fusion-builder-row fusion-row\"><div class=\"fusion-layout-column fusion_builder_column fusion-builder-column-6 fusion_builder_column_1_1 1_1 fusion-one-full fusion-column-first fusion-column-last\" style=\"--awb-bg-size:cover;\"><div class=\"fusion-column-wrapper fusion-flex-column-wrapper-legacy\"><div class=\"fusion-text fusion-text-4\"><h3>Mr. Nehemia<\/h3>\n<\/div><div class=\"fusion-clearfix\"><\/div><\/div><\/div><div class=\"fusion-layout-column fusion_builder_column fusion-builder-column-7 fusion_builder_column_1_1 1_1 fusion-one-full fusion-column-first fusion-column-last\" style=\"--awb-bg-size:cover;\"><div class=\"fusion-column-wrapper fusion-flex-column-wrapper-legacy\"><div class=\"fusion-text fusion-text-5\"><p>Ebenfalls am 28.10.2020<\/p>\n<p>verstarb <strong><em>Mr. Nehemia <\/em><\/strong>ebenso an Corona.<strong><em><br \/>\n<\/em><\/strong><\/p>\n<p>Er wurde 41 Jahre alt und hinterl\u00e4sst Frau und zwei T\u00f6chter.<\/p>\n<p>Er versorgte im Namen von HANDinHAND seit drei Jahren die Leprakranken auf der Leprastation in Premanagar. Auch er war ein treuer und zuverl\u00e4ssiger Mitarbeiter f\u00fcr uns.<\/p>\n<p>In Gedanken sind wir bei seiner Familie, der wir zun\u00e4chst mit Witwen- und Waisengeld \u00fcber die Runden helfen werden.<\/p>\n<\/div><div class=\"awb-gallery-wrapper awb-gallery-wrapper-2 button-span-no\"><div style=\"margin:-5px;--awb-bordersize:0px;\" class=\"fusion-gallery fusion-gallery-container fusion-grid-2 fusion-columns-total-2 fusion-gallery-layout-grid fusion-gallery-2\"><div style=\"padding:5px;\" class=\"fusion-grid-column fusion-gallery-column fusion-gallery-column-2 hover-type-zoomin\"><div class=\"fusion-gallery-image\"><a href=\"https:\/\/handinhand.info\/wp-content\/uploads\/2020\/12\/Nachruf_Nehemia_02.jpg\" rel=\"noreferrer\" data-rel=\"iLightbox[gallery_image_2]\" class=\"fusion-lightbox\" target=\"_self\"><img decoding=\"async\" src=\"https:\/\/handinhand.info\/wp-content\/uploads\/2020\/12\/Nachruf_Nehemia_02-460x295.jpg\" width=\"460\" height=\"295\" alt=\"\" title=\"Nachruf_Nehemia_02\" aria-label=\"Nachruf_Nehemia_02\" class=\"img-responsive wp-image-4491 fusion-gallery-image-size-fixed\"  \/><\/a><\/div><\/div><div style=\"padding:5px;\" class=\"fusion-grid-column fusion-gallery-column fusion-gallery-column-2 hover-type-zoomin\"><div class=\"fusion-gallery-image\"><a href=\"https:\/\/handinhand.info\/wp-content\/uploads\/2020\/12\/Nachruf_Nehemia_01.jpg\" rel=\"noreferrer\" data-rel=\"iLightbox[gallery_image_2]\" class=\"fusion-lightbox\" target=\"_self\"><img decoding=\"async\" src=\"https:\/\/handinhand.info\/wp-content\/uploads\/2020\/12\/Nachruf_Nehemia_01-460x295.jpg\" width=\"460\" height=\"295\" alt=\"\" title=\"Nachruf_Nehemia_01\" aria-label=\"Nachruf_Nehemia_01\" class=\"img-responsive wp-image-4490 fusion-gallery-image-size-fixed\"  \/><\/a><\/div><\/div><div class=\"clearfix\"><\/div><\/div><\/div><div class=\"fusion-clearfix\"><\/div><\/div><\/div><\/div><\/div><\/p>","protected":false},"excerpt":{"rendered":"","protected":false},"author":1,"featured_media":0,"parent":3053,"menu_order":27,"comment_status":"closed","ping_status":"closed","template":"","meta":{"footnotes":""},"class_list":["post-4456","page","type-page","status-publish","hentry"],"yoast_head":"<!-- This site is optimized with the Yoast SEO plugin v26.0 - https:\/\/yoast.com\/wordpress\/plugins\/seo\/ -->\n<title>HiH - Menschen bei HANDinHAND<\/title>\n<meta name=\"description\" content=\"HiH e. V. ist ein von Elmar Jung gegr\u00fcndetes Hilfswerk, das Kinder, Kranke und Familien in Indien unterst\u00fctzt, die gro\u00dfe Not leiden.\" \/>\n<meta name=\"robots\" content=\"index, follow, max-snippet:-1, max-image-preview:large, max-video-preview:-1\" \/>\n<link rel=\"canonical\" href=\"https:\/\/handinhand.info\/en\/ueber-hih\/nachruf\/\" \/>\n<meta property=\"og:locale\" content=\"en_GB\" \/>\n<meta property=\"og:type\" content=\"article\" \/>\n<meta property=\"og:title\" content=\"HiH - Menschen bei HANDinHAND\" \/>\n<meta property=\"og:description\" content=\"HiH e. V. ist ein von Elmar Jung gegr\u00fcndetes Hilfswerk, das Kinder, Kranke und Familien in Indien unterst\u00fctzt, die gro\u00dfe Not leiden.\" \/>\n<meta property=\"og:url\" content=\"https:\/\/handinhand.info\/en\/ueber-hih\/nachruf\/\" \/>\n<meta property=\"og:site_name\" content=\"HANDinHAND\" \/>\n<meta property=\"article:modified_time\" content=\"2020-12-28T15:35:34+00:00\" \/>\n<meta name=\"twitter:card\" content=\"summary_large_image\" \/>\n<meta name=\"twitter:label1\" content=\"Estimated reading time\" \/>\n\t<meta name=\"twitter:data1\" content=\"9 minutes\" \/>\n<script type=\"application\/ld+json\" class=\"yoast-schema-graph\">{\"@context\":\"https:\/\/schema.org\",\"@graph\":[{\"@type\":\"WebPage\",\"@id\":\"https:\/\/handinhand.info\/ueber-hih\/nachruf\/\",\"url\":\"https:\/\/handinhand.info\/ueber-hih\/nachruf\/\",\"name\":\"HiH - Menschen bei HANDinHAND\",\"isPartOf\":{\"@id\":\"https:\/\/handinhand.info\/#website\"},\"datePublished\":\"2020-12-15T16:11:25+00:00\",\"dateModified\":\"2020-12-28T15:35:34+00:00\",\"description\":\"HiH e. V. ist ein von Elmar Jung gegr\u00fcndetes Hilfswerk, das Kinder, Kranke und Familien in Indien unterst\u00fctzt, die gro\u00dfe Not leiden.\",\"breadcrumb\":{\"@id\":\"https:\/\/handinhand.info\/ueber-hih\/nachruf\/#breadcrumb\"},\"inLanguage\":\"en-GB\",\"potentialAction\":[{\"@type\":\"ReadAction\",\"target\":[\"https:\/\/handinhand.info\/ueber-hih\/nachruf\/\"]}]},{\"@type\":\"BreadcrumbList\",\"@id\":\"https:\/\/handinhand.info\/ueber-hih\/nachruf\/#breadcrumb\",\"itemListElement\":[{\"@type\":\"ListItem\",\"position\":1,\"name\":\"Startseite\",\"item\":\"https:\/\/handinhand.info\/\"},{\"@type\":\"ListItem\",\"position\":2,\"name\":\"\u00dcBER HiH\",\"item\":\"https:\/\/handinhand.info\/ueber-hih\/\"},{\"@type\":\"ListItem\",\"position\":3,\"name\":\"Nachruf\"}]},{\"@type\":\"WebSite\",\"@id\":\"https:\/\/handinhand.info\/#website\",\"url\":\"https:\/\/handinhand.info\/\",\"name\":\"HANDinHAND\",\"description\":\"Hilfe zur Selbsthilfe in Indien\",\"potentialAction\":[{\"@type\":\"SearchAction\",\"target\":{\"@type\":\"EntryPoint\",\"urlTemplate\":\"https:\/\/handinhand.info\/?s={search_term_string}\"},\"query-input\":{\"@type\":\"PropertyValueSpecification\",\"valueRequired\":true,\"valueName\":\"search_term_string\"}}],\"inLanguage\":\"en-GB\"}]}<\/script>\n<!-- \/ Yoast SEO plugin. -->","yoast_head_json":{"title":"HiH - Menschen bei HANDinHAND","description":"HiH e. V. ist ein von Elmar Jung gegr\u00fcndetes Hilfswerk, das Kinder, Kranke und Familien in Indien unterst\u00fctzt, die gro\u00dfe Not leiden.","robots":{"index":"index","follow":"follow","max-snippet":"max-snippet:-1","max-image-preview":"max-image-preview:large","max-video-preview":"max-video-preview:-1"},"canonical":"https:\/\/handinhand.info\/en\/ueber-hih\/nachruf\/","og_locale":"en_GB","og_type":"article","og_title":"HiH - Menschen bei HANDinHAND","og_description":"HiH e. V. ist ein von Elmar Jung gegr\u00fcndetes Hilfswerk, das Kinder, Kranke und Familien in Indien unterst\u00fctzt, die gro\u00dfe Not leiden.","og_url":"https:\/\/handinhand.info\/en\/ueber-hih\/nachruf\/","og_site_name":"HANDinHAND","article_modified_time":"2020-12-28T15:35:34+00:00","twitter_card":"summary_large_image","twitter_misc":{"Estimated reading time":"9 minutes"},"schema":{"@context":"https:\/\/schema.org","@graph":[{"@type":"WebPage","@id":"https:\/\/handinhand.info\/ueber-hih\/nachruf\/","url":"https:\/\/handinhand.info\/ueber-hih\/nachruf\/","name":"HiH - Menschen bei HANDinHAND","isPartOf":{"@id":"https:\/\/handinhand.info\/#website"},"datePublished":"2020-12-15T16:11:25+00:00","dateModified":"2020-12-28T15:35:34+00:00","description":"HiH e. V. ist ein von Elmar Jung gegr\u00fcndetes Hilfswerk, das Kinder, Kranke und Familien in Indien unterst\u00fctzt, die gro\u00dfe Not leiden.","breadcrumb":{"@id":"https:\/\/handinhand.info\/ueber-hih\/nachruf\/#breadcrumb"},"inLanguage":"en-GB","potentialAction":[{"@type":"ReadAction","target":["https:\/\/handinhand.info\/ueber-hih\/nachruf\/"]}]},{"@type":"BreadcrumbList","@id":"https:\/\/handinhand.info\/ueber-hih\/nachruf\/#breadcrumb","itemListElement":[{"@type":"ListItem","position":1,"name":"Startseite","item":"https:\/\/handinhand.info\/"},{"@type":"ListItem","position":2,"name":"\u00dcBER HiH","item":"https:\/\/handinhand.info\/ueber-hih\/"},{"@type":"ListItem","position":3,"name":"Nachruf"}]},{"@type":"WebSite","@id":"https:\/\/handinhand.info\/#website","url":"https:\/\/handinhand.info\/","name":"HANDinHAND","description":"Hilfe zur Selbsthilfe in Indien","potentialAction":[{"@type":"SearchAction","target":{"@type":"EntryPoint","urlTemplate":"https:\/\/handinhand.info\/?s={search_term_string}"},"query-input":{"@type":"PropertyValueSpecification","valueRequired":true,"valueName":"search_term_string"}}],"inLanguage":"en-GB"}]}},"_links":{"self":[{"href":"https:\/\/handinhand.info\/en\/wp-json\/wp\/v2\/pages\/4456","targetHints":{"allow":["GET"]}}],"collection":[{"href":"https:\/\/handinhand.info\/en\/wp-json\/wp\/v2\/pages"}],"about":[{"href":"https:\/\/handinhand.info\/en\/wp-json\/wp\/v2\/types\/page"}],"author":[{"embeddable":true,"href":"https:\/\/handinhand.info\/en\/wp-json\/wp\/v2\/users\/1"}],"replies":[{"embeddable":true,"href":"https:\/\/handinhand.info\/en\/wp-json\/wp\/v2\/comments?post=4456"}],"version-history":[{"count":0,"href":"https:\/\/handinhand.info\/en\/wp-json\/wp\/v2\/pages\/4456\/revisions"}],"up":[{"embeddable":true,"href":"https:\/\/handinhand.info\/en\/wp-json\/wp\/v2\/pages\/3053"}],"wp:attachment":[{"href":"https:\/\/handinhand.info\/en\/wp-json\/wp\/v2\/media?parent=4456"}],"curies":[{"name":"wp","href":"https:\/\/api.w.org\/{rel}","templated":true}]}}