{"id":3869,"date":"2019-04-17T07:57:11","date_gmt":"2019-04-17T05:57:11","guid":{"rendered":"https:\/\/handinhand.info\/?page_id=3869"},"modified":"2019-04-17T11:11:11","modified_gmt":"2019-04-17T09:11:11","slug":"faq","status":"publish","type":"page","link":"https:\/\/handinhand.info\/en\/ueber-hih\/faq\/","title":{"rendered":"H\u00e4ufige Fragen"},"content":{"rendered":"<div class=\"fusion-fullwidth fullwidth-box fusion-builder-row-1 nonhundred-percent-fullwidth non-hundred-percent-height-scrolling\" style=\"--awb-border-radius-top-left:0px;--awb-border-radius-top-right:0px;--awb-border-radius-bottom-right:0px;--awb-border-radius-bottom-left:0px;--awb-flex-wrap:wrap;\" ><div class=\"fusion-builder-row fusion-row\"><div class=\"fusion-layout-column fusion_builder_column fusion-builder-column-0 fusion_builder_column_1_1 1_1 fusion-one-full fusion-column-first fusion-column-last\" style=\"--awb-bg-size:cover;\"><div class=\"fusion-column-wrapper fusion-flex-column-wrapper-legacy\"><div class=\"fusion-text fusion-text-1\"><h3>H\u00e4ufig gestellte Fragen<\/h3>\n<\/div><div class=\"fusion-clearfix\"><\/div><\/div><\/div><div class=\"fusion-layout-column fusion_builder_column fusion-builder-column-1 fusion_builder_column_1_1 1_1 fusion-one-full fusion-column-first fusion-column-last\" style=\"--awb-bg-size:cover;\"><div class=\"fusion-column-wrapper fusion-flex-column-wrapper-legacy\"><div class=\"accordian fusion-accordian\" style=\"--awb-border-size:1px;--awb-icon-size:13px;--awb-content-font-size:16px;--awb-icon-alignment:left;--awb-hover-color:#f9f9f9;--awb-border-color:#8b8c97;--awb-background-color:#ffffff;--awb-divider-color:#e0dede;--awb-divider-hover-color:#e0dede;--awb-icon-color:#ffffff;--awb-title-color:#25699e;--awb-content-color:#747474;--awb-icon-box-color:#25699e;--awb-toggle-hover-accent-color:#9e183e;--awb-title-font-family:&quot;Raleway&quot;;--awb-title-font-weight:600;--awb-title-font-style:normal;--awb-title-font-size:16px;--awb-content-font-family:&quot;Open Sans&quot;;--awb-content-font-style:normal;--awb-content-font-weight:400;\"><div class=\"panel-group fusion-toggle-icon-boxed\" id=\"accordion-3869-1\"><div class=\"fusion-panel panel-default panel-4c1eeffd9325c8ac5 fusion-toggle-has-divider\"><div class=\"panel-heading\"><h4 class=\"panel-title toggle\" id=\"toggle_4c1eeffd9325c8ac5\"><a class=\"active\" aria-expanded=\"true\" aria-controls=\"4c1eeffd9325c8ac5\" role=\"button\" data-toggle=\"collapse\" data-target=\"#4c1eeffd9325c8ac5\" href=\"#4c1eeffd9325c8ac5\"><span class=\"fusion-toggle-icon-wrapper\" aria-hidden=\"true\"><i class=\"fa-fusion-box active-icon awb-icon-minus\" aria-hidden=\"true\"><\/i><i class=\"fa-fusion-box inactive-icon awb-icon-plus\" aria-hidden=\"true\"><\/i><\/span><span class=\"fusion-toggle-heading\">Muss ich Mitglied werden, um bei HiH zu spenden?<\/span><\/a><\/h4><\/div><div id=\"4c1eeffd9325c8ac5\" class=\"panel-collapse collapse in\" aria-labelledby=\"toggle_4c1eeffd9325c8ac5\"><div class=\"panel-body toggle-content fusion-clearfix\">\n<p>Nein, jeder ist als Spender willkommen, denn nur durch Ihre Spendenbereitschaft wird es uns als Verein m\u00f6glich sein, in Indien zu helfen und Not zu lindern. Wenn Sie im Rahmen Ihrer M\u00f6glichkeiten teilen, setzen Sie ein sichtbares Zeichen von N\u00e4chstenliebe und Solidarit\u00e4t mit den Menschen in Not.<\/p>\n<\/div><\/div><\/div><div class=\"fusion-panel panel-default panel-b87aaa0430d9bd608 fusion-toggle-has-divider\"><div class=\"panel-heading\"><h4 class=\"panel-title toggle\" id=\"toggle_b87aaa0430d9bd608\"><a aria-expanded=\"false\" aria-controls=\"b87aaa0430d9bd608\" role=\"button\" data-toggle=\"collapse\" data-target=\"#b87aaa0430d9bd608\" href=\"#b87aaa0430d9bd608\"><span class=\"fusion-toggle-icon-wrapper\" aria-hidden=\"true\"><i class=\"fa-fusion-box active-icon awb-icon-minus\" aria-hidden=\"true\"><\/i><i class=\"fa-fusion-box inactive-icon awb-icon-plus\" aria-hidden=\"true\"><\/i><\/span><span class=\"fusion-toggle-heading\">Gibt es die M\u00f6glichkeit ein Patenkind zu unterst\u00fctzen?<\/span><\/a><\/h4><\/div><div id=\"b87aaa0430d9bd608\" class=\"panel-collapse collapse\" aria-labelledby=\"toggle_b87aaa0430d9bd608\"><div class=\"panel-body toggle-content fusion-clearfix\">\n<p>Wie vielen anderen Organisationen ist uns auch daran gelegen, besonders in schulische Bildung und die Unterst\u00fctzung von Kindern zu &#8222;investieren&#8220;. Bildung ist ein Gut, das man nicht mehr verlieren kann und auch Kindern aus unterpriviligierten Familien eine echte Chance geben kann. Wir arbeiten daher mit mehreren Schulen und Waisenheimen sehr eng zusammen.<\/p>\n<p>Vor einigen Jahren haben wir uns jedoch entschlossen, pers\u00f6nliche Einzelpatenschaften nicht mehr zu vermitteln. Der erfoderliche Aufwand daf\u00fcr ist von unseren ehrenamtlichen Mitarbeitern leider nicht zu leisten.<\/p>\n<p>M\u00f6chten Sie gezielt Kinder unterst\u00fctzen, w\u00e4re das leicht \u00fcber eine Spende zugunsten unserer Schul- und Waisenheim-Projekte m\u00f6glich (z.B. in Bangalore und Bobbili). Ebenso gibt es immer wieder Anfragen aus Indien zur F\u00f6rderung und Unterst\u00fctzung bei Ausbildung und Studium. Gerne k\u00f6nnen wir ihnen auch ein konkretes Projekt vermitteln. Sprechen Sie uns an.<\/p>\n<\/div><\/div><\/div><div class=\"fusion-panel panel-default panel-5c6b86e38376c6a40 fusion-toggle-has-divider\"><div class=\"panel-heading\"><h4 class=\"panel-title toggle\" id=\"toggle_5c6b86e38376c6a40\"><a aria-expanded=\"false\" aria-controls=\"5c6b86e38376c6a40\" role=\"button\" data-toggle=\"collapse\" data-target=\"#5c6b86e38376c6a40\" href=\"#5c6b86e38376c6a40\"><span class=\"fusion-toggle-icon-wrapper\" aria-hidden=\"true\"><i class=\"fa-fusion-box active-icon awb-icon-minus\" aria-hidden=\"true\"><\/i><i class=\"fa-fusion-box inactive-icon awb-icon-plus\" aria-hidden=\"true\"><\/i><\/span><span class=\"fusion-toggle-heading\">Erhalte ich eine Spendenbescheinigung?<\/span><\/a><\/h4><\/div><div id=\"5c6b86e38376c6a40\" class=\"panel-collapse collapse\" aria-labelledby=\"toggle_5c6b86e38376c6a40\"><div class=\"panel-body toggle-content fusion-clearfix\">\n<p>F\u00fcr Ihre Steuererkl\u00e4rung erhalten Sie jeweils im Februar des Folgejahres eine Zuwendungsbest\u00e4tigung \u00fcber alle Spenden des Vorjahres. Aufgrund Ihrer Spende an uns k\u00f6nnen Sie bis zu 20% ihrer Einkommenssteuer absetzen<\/p>\n<\/div><\/div><\/div><div class=\"fusion-panel panel-default panel-20ad2ee58e5fc998a fusion-toggle-has-divider\"><div class=\"panel-heading\"><h4 class=\"panel-title toggle\" id=\"toggle_20ad2ee58e5fc998a\"><a aria-expanded=\"false\" aria-controls=\"20ad2ee58e5fc998a\" role=\"button\" data-toggle=\"collapse\" data-target=\"#20ad2ee58e5fc998a\" href=\"#20ad2ee58e5fc998a\"><span class=\"fusion-toggle-icon-wrapper\" aria-hidden=\"true\"><i class=\"fa-fusion-box active-icon awb-icon-minus\" aria-hidden=\"true\"><\/i><i class=\"fa-fusion-box inactive-icon awb-icon-plus\" aria-hidden=\"true\"><\/i><\/span><span class=\"fusion-toggle-heading\">Warum gibt es bei HANDinHAND e.V. kein Spendensiegel, wie man es bei anderen Hilfsorganisationen finden kann?<\/span><\/a><\/h4><\/div><div id=\"20ad2ee58e5fc998a\" class=\"panel-collapse collapse\" aria-labelledby=\"toggle_20ad2ee58e5fc998a\"><div class=\"panel-body toggle-content fusion-clearfix\">\n<p>Ein Spendensiegel halten wir eigentlich f\u00fcr eine vern\u00fcnftige Sache. Um ein Spendensiegel zu bekommen muss man allerdings regelm\u00e4\u00dfig den Organisationen, die es verleihen eine Geb\u00fchr bezahlen. Die zu zahlenden Betr\u00e4ge erscheinen uns (in Relation zu unserem Spendenaufkommen) immer wieder recht hoch und daher geben wir das uns gespendete Geld lieber an bed\u00fcrftige Menschen in Indien weiter.<\/p>\n<\/div><\/div><\/div><div class=\"fusion-panel panel-default panel-f5cecdea19580f3be fusion-toggle-has-divider\"><div class=\"panel-heading\"><h4 class=\"panel-title toggle\" id=\"toggle_f5cecdea19580f3be\"><a aria-expanded=\"false\" aria-controls=\"f5cecdea19580f3be\" role=\"button\" data-toggle=\"collapse\" data-target=\"#f5cecdea19580f3be\" href=\"#f5cecdea19580f3be\"><span class=\"fusion-toggle-icon-wrapper\" aria-hidden=\"true\"><i class=\"fa-fusion-box active-icon awb-icon-minus\" aria-hidden=\"true\"><\/i><i class=\"fa-fusion-box inactive-icon awb-icon-plus\" aria-hidden=\"true\"><\/i><\/span><span class=\"fusion-toggle-heading\">Wie hoch sind die Verwaltungsausgaben bei HANDinHAND e.V.?<\/span><\/a><\/h4><\/div><div id=\"f5cecdea19580f3be\" class=\"panel-collapse collapse\" aria-labelledby=\"toggle_f5cecdea19580f3be\"><div class=\"panel-body toggle-content fusion-clearfix\">\n<p>In den vergangenen Jahren beliefen sich diese Ausgaben im Schnitt auf 5 % unserer gesamten Ausgaben. Wir bem\u00fchen uns die Verwaltungsausgaben so gering wie m\u00f6glich zu halten, ganz vermeiden lassen sie sich nicht und auch \u00fcber zielgerichtete Verwaltungsspenden, lassen sich diese Kosten nicht g\u00e4nzlich abdecken. Sollten Sie allerdings gezielt f\u00fcr ein Projekt gespendet haben, geht dieser Betrag aber auch zu 100% in das von Ihnen gew\u00e4hlte Projekt.<\/p>\n<\/div><\/div><\/div><div class=\"fusion-panel panel-default panel-673b09e233c9d8836 fusion-toggle-has-divider\"><div class=\"panel-heading\"><h4 class=\"panel-title toggle\" id=\"toggle_673b09e233c9d8836\"><a aria-expanded=\"false\" aria-controls=\"673b09e233c9d8836\" role=\"button\" data-toggle=\"collapse\" data-target=\"#673b09e233c9d8836\" href=\"#673b09e233c9d8836\"><span class=\"fusion-toggle-icon-wrapper\" aria-hidden=\"true\"><i class=\"fa-fusion-box active-icon awb-icon-minus\" aria-hidden=\"true\"><\/i><i class=\"fa-fusion-box inactive-icon awb-icon-plus\" aria-hidden=\"true\"><\/i><\/span><span class=\"fusion-toggle-heading\">Kann ich meine Spende von der Steuer absetzen?<\/span><\/a><\/h4><\/div><div id=\"673b09e233c9d8836\" class=\"panel-collapse collapse\" aria-labelledby=\"toggle_673b09e233c9d8836\"><div class=\"panel-body toggle-content fusion-clearfix\">\n<p>HANDinHAND e.V. ist im Sinne der Abgabenordnug \u00a753 AO als mildt\u00e4tig und gemeinn\u00fctzig anerkannt. Sie k\u00f6nnen mit Ihre Spende an uns bis zu 20% Ihrer einkommensteuerpflichtigen Jahresbez\u00fcge von der Steuer absetzen.<\/p>\n<\/div><\/div><\/div><div class=\"fusion-panel panel-default panel-d5bbdc2937903b4fa fusion-toggle-has-divider\"><div class=\"panel-heading\"><h4 class=\"panel-title toggle\" id=\"toggle_d5bbdc2937903b4fa\"><a aria-expanded=\"false\" aria-controls=\"d5bbdc2937903b4fa\" role=\"button\" data-toggle=\"collapse\" data-target=\"#d5bbdc2937903b4fa\" href=\"#d5bbdc2937903b4fa\"><span class=\"fusion-toggle-icon-wrapper\" aria-hidden=\"true\"><i class=\"fa-fusion-box active-icon awb-icon-minus\" aria-hidden=\"true\"><\/i><i class=\"fa-fusion-box inactive-icon awb-icon-plus\" aria-hidden=\"true\"><\/i><\/span><span class=\"fusion-toggle-heading\">Wie erhalte ich Informationen \u00fcber aktuelle Projekte?<\/span><\/a><\/h4><\/div><div id=\"d5bbdc2937903b4fa\" class=\"panel-collapse collapse\" aria-labelledby=\"toggle_d5bbdc2937903b4fa\"><div class=\"panel-body toggle-content fusion-clearfix\">\n<p>Auf unserer Homepage ver\u00f6ffentlichen wir regelm\u00e4\u00dfig eine Auswahl an aktuellen Projekten. Ebenso ver\u00f6ffentlichen wir einige davon in unserer j\u00e4hrliche erscheinden Vereinszeitschift HANinHAND-gemacht.<\/p>\n<p>Suchen Sie dar\u00fcber hinaus gezielt nach einem bestimmten Projekt, \u00fcber das Sie sich gerne informieren m\u00f6chten oder f\u00fcr das Sie spenden m\u00f6chten, k\u00f6nnen Sie uns auch gerne (am besten per Email) kontaktieren: <a href=\"mailto:info@handinhand.info\">info@handinhand.info<\/a>. Weitere Kontaktm\u00f6glichkeiten finden Sie auf unserer Kontakt-Seite.<\/p>\n<\/div><\/div><\/div><div class=\"fusion-panel panel-default panel-96b61060ff29cede9 fusion-toggle-has-divider\"><div class=\"panel-heading\"><h4 class=\"panel-title toggle\" id=\"toggle_96b61060ff29cede9\"><a aria-expanded=\"false\" aria-controls=\"96b61060ff29cede9\" role=\"button\" data-toggle=\"collapse\" data-target=\"#96b61060ff29cede9\" href=\"#96b61060ff29cede9\"><span class=\"fusion-toggle-icon-wrapper\" aria-hidden=\"true\"><i class=\"fa-fusion-box active-icon awb-icon-minus\" aria-hidden=\"true\"><\/i><i class=\"fa-fusion-box inactive-icon awb-icon-plus\" aria-hidden=\"true\"><\/i><\/span><span class=\"fusion-toggle-heading\">Wie kann ich mich selbst bei HiH einbringen?<\/span><\/a><\/h4><\/div><div id=\"96b61060ff29cede9\" class=\"panel-collapse collapse\" aria-labelledby=\"toggle_96b61060ff29cede9\"><div class=\"panel-body toggle-content fusion-clearfix\">\n<p>Wenn Sie sich \u00fcber eine Spende hinaus bei HiH einbringen m\u00f6chten, dann nehmen Sie gerne Kontakt mit uns auf. Per Email geht das sicherlich am schnellsten (z.B. an <a href=\"mailto:info@handinhand.info\">info@handinhand.info<\/a>). Sie k\u00f6nnten aber auch unsere j\u00e4hrliche Mitgliederversammlung (jeweils im August) und\/oder den Dia-Vortrag (immer am 3. Sonntag im Januar) in R\u00f6dermark \/ Ober-Roden besuchen und uns pers\u00f6nlich ansprechen.<\/p>\n<\/div><\/div><\/div><div class=\"fusion-panel panel-default panel-c96f172bf23d98a36 fusion-toggle-has-divider\"><div class=\"panel-heading\"><h4 class=\"panel-title toggle\" id=\"toggle_c96f172bf23d98a36\"><a aria-expanded=\"false\" aria-controls=\"c96f172bf23d98a36\" role=\"button\" data-toggle=\"collapse\" data-target=\"#c96f172bf23d98a36\" href=\"#c96f172bf23d98a36\"><span class=\"fusion-toggle-icon-wrapper\" aria-hidden=\"true\"><i class=\"fa-fusion-box active-icon awb-icon-minus\" aria-hidden=\"true\"><\/i><i class=\"fa-fusion-box inactive-icon awb-icon-plus\" aria-hidden=\"true\"><\/i><\/span><span class=\"fusion-toggle-heading\">Was geschieht mit dem von mir gespendeten Geld?<\/span><\/a><\/h4><\/div><div id=\"c96f172bf23d98a36\" class=\"panel-collapse collapse\" aria-labelledby=\"toggle_c96f172bf23d98a36\"><div class=\"panel-body toggle-content fusion-clearfix\">\n<p>Spenden k\u00f6nnen entweder projektgebunden oder ohne bestimmten Verwendungszweck gemacht werden. Mit einer projektgebundenen Spende bestimmt der Spender selbst, wof\u00fcr das Geld verwendet wird.<\/p>\n<p>In jedem Fall wird Ihre Spende aber von uns gezielt eingesetzt und kommt zu 100% in Indien an. Mehr \u00fcber den Prozess, innerhalb dessen wir Projekte generieren, pr\u00fcfen, genehmigen und daf\u00fcr Spendengelder weiterleiten erfahren Sie in der 16. Ausgabe der HiH-gemacht, die Sie von dieser Website herunterladen k\u00f6nnen. Gerne k\u00f6nnen Sie uns auch kontaktieren \u00fcber <a href=\"mailto:info@handinhand.info\">info@handinhand.info<\/a> oder die Kontaktdaten im Impressum.<\/p>\n<\/div><\/div><\/div><\/div><\/div><div class=\"fusion-clearfix\"><\/div><\/div><\/div><\/div><\/div>","protected":false},"excerpt":{"rendered":"","protected":false},"author":1,"featured_media":0,"parent":3053,"menu_order":12,"comment_status":"closed","ping_status":"closed","template":"","meta":{"footnotes":""},"class_list":["post-3869","page","type-page","status-publish","hentry"],"yoast_head":"<!-- This site is optimized with the Yoast SEO plugin v27.4 - https:\/\/yoast.com\/product\/yoast-seo-wordpress\/ -->\n<title>HiH - Menschen bei HANDinHAND<\/title>\n<meta name=\"description\" content=\"HiH e. V. ist ein von Elmar Jung gegr\u00fcndetes Hilfswerk, das Kinder, Kranke und Familien in Indien unterst\u00fctzt, die gro\u00dfe Not leiden.\" \/>\n<meta name=\"robots\" content=\"index, follow, max-snippet:-1, max-image-preview:large, max-video-preview:-1\" \/>\n<link rel=\"canonical\" href=\"https:\/\/handinhand.info\/en\/ueber-hih\/faq\/\" \/>\n<meta property=\"og:locale\" content=\"en_GB\" \/>\n<meta property=\"og:type\" content=\"article\" \/>\n<meta property=\"og:title\" content=\"HiH - Menschen bei HANDinHAND\" \/>\n<meta property=\"og:description\" content=\"HiH e. V. ist ein von Elmar Jung gegr\u00fcndetes Hilfswerk, das Kinder, Kranke und Familien in Indien unterst\u00fctzt, die gro\u00dfe Not leiden.\" \/>\n<meta property=\"og:url\" content=\"https:\/\/handinhand.info\/en\/ueber-hih\/faq\/\" \/>\n<meta property=\"og:site_name\" content=\"HANDinHAND\" \/>\n<meta property=\"article:modified_time\" content=\"2019-04-17T09:11:11+00:00\" \/>\n<meta name=\"twitter:card\" content=\"summary_large_image\" \/>\n<meta name=\"twitter:label1\" content=\"Estimated reading time\" \/>\n\t<meta name=\"twitter:data1\" content=\"6 minutes\" \/>\n<script type=\"application\/ld+json\" class=\"yoast-schema-graph\">{\"@context\":\"https:\\\/\\\/schema.org\",\"@graph\":[{\"@type\":\"WebPage\",\"@id\":\"https:\\\/\\\/handinhand.info\\\/ueber-hih\\\/faq\\\/\",\"url\":\"https:\\\/\\\/handinhand.info\\\/ueber-hih\\\/faq\\\/\",\"name\":\"HiH - Menschen bei HANDinHAND\",\"isPartOf\":{\"@id\":\"https:\\\/\\\/handinhand.info\\\/#website\"},\"datePublished\":\"2019-04-17T05:57:11+00:00\",\"dateModified\":\"2019-04-17T09:11:11+00:00\",\"description\":\"HiH e. V. ist ein von Elmar Jung gegr\u00fcndetes Hilfswerk, das Kinder, Kranke und Familien in Indien unterst\u00fctzt, die gro\u00dfe Not leiden.\",\"breadcrumb\":{\"@id\":\"https:\\\/\\\/handinhand.info\\\/ueber-hih\\\/faq\\\/#breadcrumb\"},\"inLanguage\":\"en-GB\",\"potentialAction\":[{\"@type\":\"ReadAction\",\"target\":[\"https:\\\/\\\/handinhand.info\\\/ueber-hih\\\/faq\\\/\"]}]},{\"@type\":\"BreadcrumbList\",\"@id\":\"https:\\\/\\\/handinhand.info\\\/ueber-hih\\\/faq\\\/#breadcrumb\",\"itemListElement\":[{\"@type\":\"ListItem\",\"position\":1,\"name\":\"Startseite\",\"item\":\"https:\\\/\\\/handinhand.info\\\/\"},{\"@type\":\"ListItem\",\"position\":2,\"name\":\"\u00dcBER HiH\",\"item\":\"https:\\\/\\\/handinhand.info\\\/ueber-hih\\\/\"},{\"@type\":\"ListItem\",\"position\":3,\"name\":\"H\u00e4ufige Fragen\"}]},{\"@type\":\"WebSite\",\"@id\":\"https:\\\/\\\/handinhand.info\\\/#website\",\"url\":\"https:\\\/\\\/handinhand.info\\\/\",\"name\":\"HANDinHAND\",\"description\":\"Hilfe zur Selbsthilfe in Indien\",\"potentialAction\":[{\"@type\":\"SearchAction\",\"target\":{\"@type\":\"EntryPoint\",\"urlTemplate\":\"https:\\\/\\\/handinhand.info\\\/?s={search_term_string}\"},\"query-input\":{\"@type\":\"PropertyValueSpecification\",\"valueRequired\":true,\"valueName\":\"search_term_string\"}}],\"inLanguage\":\"en-GB\"}]}<\/script>\n<!-- \/ Yoast SEO plugin. -->","yoast_head_json":{"title":"HiH - Menschen bei HANDinHAND","description":"HiH e. V. ist ein von Elmar Jung gegr\u00fcndetes Hilfswerk, das Kinder, Kranke und Familien in Indien unterst\u00fctzt, die gro\u00dfe Not leiden.","robots":{"index":"index","follow":"follow","max-snippet":"max-snippet:-1","max-image-preview":"max-image-preview:large","max-video-preview":"max-video-preview:-1"},"canonical":"https:\/\/handinhand.info\/en\/ueber-hih\/faq\/","og_locale":"en_GB","og_type":"article","og_title":"HiH - Menschen bei HANDinHAND","og_description":"HiH e. V. ist ein von Elmar Jung gegr\u00fcndetes Hilfswerk, das Kinder, Kranke und Familien in Indien unterst\u00fctzt, die gro\u00dfe Not leiden.","og_url":"https:\/\/handinhand.info\/en\/ueber-hih\/faq\/","og_site_name":"HANDinHAND","article_modified_time":"2019-04-17T09:11:11+00:00","twitter_card":"summary_large_image","twitter_misc":{"Estimated reading time":"6 minutes"},"schema":{"@context":"https:\/\/schema.org","@graph":[{"@type":"WebPage","@id":"https:\/\/handinhand.info\/ueber-hih\/faq\/","url":"https:\/\/handinhand.info\/ueber-hih\/faq\/","name":"HiH - Menschen bei HANDinHAND","isPartOf":{"@id":"https:\/\/handinhand.info\/#website"},"datePublished":"2019-04-17T05:57:11+00:00","dateModified":"2019-04-17T09:11:11+00:00","description":"HiH e. V. ist ein von Elmar Jung gegr\u00fcndetes Hilfswerk, das Kinder, Kranke und Familien in Indien unterst\u00fctzt, die gro\u00dfe Not leiden.","breadcrumb":{"@id":"https:\/\/handinhand.info\/ueber-hih\/faq\/#breadcrumb"},"inLanguage":"en-GB","potentialAction":[{"@type":"ReadAction","target":["https:\/\/handinhand.info\/ueber-hih\/faq\/"]}]},{"@type":"BreadcrumbList","@id":"https:\/\/handinhand.info\/ueber-hih\/faq\/#breadcrumb","itemListElement":[{"@type":"ListItem","position":1,"name":"Startseite","item":"https:\/\/handinhand.info\/"},{"@type":"ListItem","position":2,"name":"\u00dcBER HiH","item":"https:\/\/handinhand.info\/ueber-hih\/"},{"@type":"ListItem","position":3,"name":"H\u00e4ufige Fragen"}]},{"@type":"WebSite","@id":"https:\/\/handinhand.info\/#website","url":"https:\/\/handinhand.info\/","name":"HANDinHAND","description":"Hilfe zur Selbsthilfe in Indien","potentialAction":[{"@type":"SearchAction","target":{"@type":"EntryPoint","urlTemplate":"https:\/\/handinhand.info\/?s={search_term_string}"},"query-input":{"@type":"PropertyValueSpecification","valueRequired":true,"valueName":"search_term_string"}}],"inLanguage":"en-GB"}]}},"_links":{"self":[{"href":"https:\/\/handinhand.info\/en\/wp-json\/wp\/v2\/pages\/3869","targetHints":{"allow":["GET"]}}],"collection":[{"href":"https:\/\/handinhand.info\/en\/wp-json\/wp\/v2\/pages"}],"about":[{"href":"https:\/\/handinhand.info\/en\/wp-json\/wp\/v2\/types\/page"}],"author":[{"embeddable":true,"href":"https:\/\/handinhand.info\/en\/wp-json\/wp\/v2\/users\/1"}],"replies":[{"embeddable":true,"href":"https:\/\/handinhand.info\/en\/wp-json\/wp\/v2\/comments?post=3869"}],"version-history":[{"count":0,"href":"https:\/\/handinhand.info\/en\/wp-json\/wp\/v2\/pages\/3869\/revisions"}],"up":[{"embeddable":true,"href":"https:\/\/handinhand.info\/en\/wp-json\/wp\/v2\/pages\/3053"}],"wp:attachment":[{"href":"https:\/\/handinhand.info\/en\/wp-json\/wp\/v2\/media?parent=3869"}],"curies":[{"name":"wp","href":"https:\/\/api.w.org\/{rel}","templated":true}]}}