{"id":3635,"date":"2018-12-18T18:47:29","date_gmt":"2018-12-18T17:47:29","guid":{"rendered":"https:\/\/handinhand.info\/?page_id=3635"},"modified":"2022-12-19T10:22:35","modified_gmt":"2022-12-19T09:22:35","slug":"spenden-formular","status":"publish","type":"page","link":"https:\/\/handinhand.info\/en\/spenden-formular\/","title":{"rendered":"Spenden-Formular"},"content":{"rendered":"<p><div class=\"fusion-fullwidth fullwidth-box fusion-builder-row-1 nonhundred-percent-fullwidth non-hundred-percent-height-scrolling\" style=\"--awb-border-radius-top-left:0px;--awb-border-radius-top-right:0px;--awb-border-radius-bottom-right:0px;--awb-border-radius-bottom-left:0px;--awb-flex-wrap:wrap;\" ><div class=\"fusion-builder-row fusion-row\"><div class=\"fusion-layout-column fusion_builder_column fusion-builder-column-0 fusion_builder_column_1_1 1_1 fusion-one-full fusion-column-first fusion-column-last\" style=\"--awb-bg-size:cover;--awb-margin-top:0px;--awb-margin-bottom:0px;\"><div class=\"fusion-column-wrapper fusion-flex-column-wrapper-legacy\"><div class=\"fusion-text fusion-text-1\"><h3><span style=\"color: #9e183e;\">ACHTUNG:<br \/>\nSie spenden hier f\u00fcr HANDinHAND e.V. Hilfe zur Selbsthilfe in Indien.<\/span><\/h3>\n<h4><span style=\"color: #9e183e;\">Momentan werden wir oft mit der Organisation aus Norddeutschland verwechselt!<br \/>\nMit dieser Organisation stehen wir NICHT in Verbindung!<br \/>\n<\/span><\/h4>\n<h3><span style=\"color: #25699e;\">Hier per Online-Formular spenden:<\/span><\/h3>\n<\/div><div class=\"fusion-text fusion-text-2\">\n<div class=\"wpcf7 no-js\" id=\"wpcf7-f4657-o1\" lang=\"de-DE\" dir=\"ltr\" data-wpcf7-id=\"4657\">\n<div class=\"screen-reader-response\"><p role=\"status\" aria-live=\"polite\" aria-atomic=\"true\"><\/p> <ul><\/ul><\/div>\n<form action=\"\/en\/wp-json\/wp\/v2\/pages\/3635#wpcf7-f4657-o1\" method=\"post\" class=\"wpcf7-form init wpcf7-acceptance-as-validation\" aria-label=\"Kontaktformular\" novalidate=\"novalidate\" data-status=\"init\" data-trp-original-action=\"\/en\/wp-json\/wp\/v2\/pages\/3635#wpcf7-f4657-o1\">\n<fieldset class=\"hidden-fields-container\"><input type=\"hidden\" name=\"_wpcf7\" value=\"4657\" \/><input type=\"hidden\" name=\"_wpcf7_version\" value=\"6.1.2\" \/><input type=\"hidden\" name=\"_wpcf7_locale\" value=\"de_DE\" \/><input type=\"hidden\" name=\"_wpcf7_unit_tag\" value=\"wpcf7-f4657-o1\" \/><input type=\"hidden\" name=\"_wpcf7_container_post\" value=\"0\" \/><input type=\"hidden\" name=\"_wpcf7_posted_data_hash\" value=\"\" \/>\n<\/fieldset>\n<p>Felder mit * sind Pflichtfelder\n<\/p>\n<p><label> Projektnummer<br \/>\n<span class=\"wpcf7-form-control-wrap\" data-name=\"Welches-Projekt-wollen-Sie-unterstuetzen\"><input size=\"40\" maxlength=\"400\" class=\"wpcf7-form-control wpcf7-text\" aria-invalid=\"false\" value=\"\" type=\"text\" name=\"Welches-Projekt-wollen-Sie-unterstuetzen\" \/><\/span> <\/label>\n<\/p>\n<p>Das Formular gilt f\u00fcr eine einmalige Spende.<br \/>\nWenn Sie regelm\u00e4\u00dfig monatlich oder j\u00e4hrlich spenden m\u00f6chten, richten Sie bitte einen Dauerauftrag ein oder <a href=\"https:\/\/handinhand.info\/en\/kontakt\/\"> kontaktieren Sie uns. <\/a>\n<\/p>\n<p><label> Wieviel m\u00f6chten Sie spenden?* (in Euro)<br \/>\n<span class=\"wpcf7-form-control-wrap\" data-name=\"wieviel-moechten-Sie-spenden\"><input size=\"40\" maxlength=\"400\" class=\"wpcf7-form-control wpcf7-text wpcf7-validates-as-required\" aria-required=\"true\" aria-invalid=\"false\" value=\"\" type=\"text\" name=\"wieviel-moechten-Sie-spenden\" \/><\/span> <\/label>\n<\/p>\n<p><label> <span id=\"wpcf7-69d291dae1b1c-wrapper\" class=\"wpcf7-form-control-wrap Telefon-wrap\" style=\"display:none !important; visibility:hidden !important;\"><label for=\"wpcf7-69d291dae1b1c-field\" class=\"hp-message\">Bitte lasse dieses Feld leer.<\/label><input id=\"wpcf7-69d291dae1b1c-field\"  class=\"wpcf7-form-control wpcf7-text\" type=\"text\" name=\"Telefon\" value=\"\" size=\"40\" tabindex=\"-1\" autocomplete=\"new-password\" \/><\/span> <\/label>\n<\/p>\n<p><label> Vorname*<br \/>\n<span class=\"wpcf7-form-control-wrap\" data-name=\"Vorname\"><input size=\"40\" maxlength=\"400\" class=\"wpcf7-form-control wpcf7-text wpcf7-validates-as-required\" aria-required=\"true\" aria-invalid=\"false\" value=\"\" type=\"text\" name=\"Vorname\" \/><\/span> <\/label>\n<\/p>\n<p><label> Nachname*<br \/>\n<span class=\"wpcf7-form-control-wrap\" data-name=\"Nachname\"><input size=\"40\" maxlength=\"400\" class=\"wpcf7-form-control wpcf7-text wpcf7-validates-as-required\" aria-required=\"true\" aria-invalid=\"false\" value=\"\" type=\"text\" name=\"Nachname\" \/><\/span> <\/label>\n<\/p>\n<p><label> Stra\u00dfe, Hausnummer*<br \/>\n<span class=\"wpcf7-form-control-wrap\" data-name=\"Strasse-Hausnummer\"><input size=\"40\" maxlength=\"400\" class=\"wpcf7-form-control wpcf7-text wpcf7-validates-as-required\" aria-required=\"true\" aria-invalid=\"false\" value=\"\" type=\"text\" name=\"Strasse-Hausnummer\" \/><\/span> <\/label>\n<\/p>\n<p><label> PLZ*<br \/>\n<span class=\"wpcf7-form-control-wrap\" data-name=\"PLZ\"><input class=\"wpcf7-form-control wpcf7-number wpcf7-validates-as-required wpcf7-validates-as-number\" aria-required=\"true\" aria-invalid=\"false\" value=\"\" type=\"number\" name=\"PLZ\" \/><\/span> <\/label>\n<\/p>\n<p><label> Ort*<br \/>\n<span class=\"wpcf7-form-control-wrap\" data-name=\"Ort\"><input size=\"40\" maxlength=\"400\" class=\"wpcf7-form-control wpcf7-text wpcf7-validates-as-required\" aria-required=\"true\" aria-invalid=\"false\" value=\"\" type=\"text\" name=\"Ort\" \/><\/span> <\/label>\n<\/p>\n<p><label> E-Mail*<br \/>\n<span class=\"wpcf7-form-control-wrap\" data-name=\"E-Mail\"><input size=\"40\" maxlength=\"400\" class=\"wpcf7-form-control wpcf7-email wpcf7-validates-as-required wpcf7-text wpcf7-validates-as-email\" aria-required=\"true\" aria-invalid=\"false\" value=\"\" type=\"email\" name=\"E-Mail\" \/><\/span> <\/label>\n<\/p>\n<p>Einzugserm\u00e4chtigung*:<br \/>\n<span class=\"wpcf7-form-control-wrap\" data-name=\"Zustimmung-Abbuchung\"><span class=\"wpcf7-form-control wpcf7-acceptance\"><span class=\"wpcf7-list-item\"><label><input type=\"checkbox\" name=\"Zustimmung-Abbuchung\" value=\"1\" aria-invalid=\"false\" \/><span class=\"wpcf7-list-item-label\">Ja, ich erm\u00e4chtige HANDinHAND e.V. widerruflich, den angegebenen Betrag von meinem Konto abzubuchen und erteile hierzu ein SEPA-Mandat.<\/span><\/label><\/span><\/span><\/span><br \/>\n<span class=\"wpcf7-form-control-wrap\" data-name=\"Datenschutz\"><span class=\"wpcf7-form-control wpcf7-acceptance\"><span class=\"wpcf7-list-item\"><label><input type=\"checkbox\" name=\"Datenschutz\" value=\"1\" aria-invalid=\"false\" \/><span class=\"wpcf7-list-item-label\">Ich habe die\u00a0<a href=\"https:\/\/handinhand.info\/en\/datenschutzerklaerung\/\"> Datenschutzerkl\u00e4rung <\/a>\u00a0zur Kenntnis genommen. Ihre Daten werden ausschlie\u00dflich zur Buchung der angegebenen Spende verwendet und nicht an Dritte weitergegeben.<\/span><\/label><\/span><\/span><\/span>\n<\/p>\n<p><label> Kontoinhaber*<br \/>\n<span class=\"wpcf7-form-control-wrap\" data-name=\"Kontoinhaber\"><input size=\"40\" maxlength=\"400\" class=\"wpcf7-form-control wpcf7-text wpcf7-validates-as-required\" aria-required=\"true\" aria-invalid=\"false\" value=\"\" type=\"text\" name=\"Kontoinhaber\" \/><\/span> <\/label>\n<\/p>\n<p><label> IBAN*<br \/>\n<span class=\"wpcf7-form-control-wrap\" data-name=\"IBAN\"><input size=\"40\" maxlength=\"400\" class=\"wpcf7-form-control wpcf7-text wpcf7-validates-as-required\" aria-required=\"true\" aria-invalid=\"false\" value=\"\" type=\"text\" name=\"IBAN\" \/><\/span> <\/label>\n<\/p>\n<p><label> Bank*<br \/>\n<span class=\"wpcf7-form-control-wrap\" data-name=\"Bank\"><input size=\"40\" maxlength=\"400\" class=\"wpcf7-form-control wpcf7-text wpcf7-validates-as-required\" aria-required=\"true\" aria-invalid=\"false\" value=\"\" type=\"text\" name=\"Bank\" \/><\/span> <\/label>\n<\/p>\n<p><label> Anmerkung<br \/>\n<span class=\"wpcf7-form-control-wrap\" data-name=\"Anmerkung\"><textarea cols=\"40\" rows=\"10\" maxlength=\"2000\" class=\"wpcf7-form-control wpcf7-textarea\" aria-invalid=\"false\" name=\"Anmerkung\"><\/textarea><\/span> <\/label>\n<\/p>\n<p><input class=\"wpcf7-form-control wpcf7-submit has-spinner\" type=\"submit\" value=\"Senden\" \/>\n<\/p><div class=\"fusion-alert alert custom alert-custom fusion-alert-center wpcf7-response-output awb-alert-native-link-color alert-dismissable awb-alert-close-boxed\" style=\"--awb-border-size:1px;--awb-border-top-left-radius:0px;--awb-border-top-right-radius:0px;--awb-border-bottom-left-radius:0px;--awb-border-bottom-right-radius:0px;\" role=\"alert\"><div class=\"fusion-alert-content-wrapper\"><span class=\"fusion-alert-content\"><\/span><\/div><button type=\"button\" class=\"close toggle-alert\" data-dismiss=\"alert\" aria-label=\"Close\">&times;<\/button><\/div>\n<input type=\"hidden\" name=\"trp-form-language\" value=\"en\"\/><\/form>\n<\/div>\n\n<\/div><div class=\"fusion-clearfix\"><\/div><\/div><\/div><\/div><\/div><div class=\"fusion-fullwidth fullwidth-box fusion-builder-row-2 nonhundred-percent-fullwidth non-hundred-percent-height-scrolling\" style=\"--awb-border-radius-top-left:0px;--awb-border-radius-top-right:0px;--awb-border-radius-bottom-right:0px;--awb-border-radius-bottom-left:0px;--awb-flex-wrap:wrap;\" ><div class=\"fusion-builder-row fusion-row\"><div class=\"fusion-layout-column fusion_builder_column fusion-builder-column-1 fusion_builder_column_1_1 1_1 fusion-one-full fusion-column-first fusion-column-last\" style=\"--awb-bg-size:cover;--awb-margin-top:80px;\"><div class=\"fusion-column-wrapper fusion-flex-column-wrapper-legacy\"><div class=\"fusion-sep-clear\"><\/div><div class=\"fusion-separator fusion-has-icon fusion-full-width-sep\" style=\"margin-left: auto;margin-right: auto;margin-top:-10px;margin-bottom:20px;width:100%;\"><div class=\"fusion-separator-border sep-single\" style=\"--awb-height:20px;--awb-amount:20px;--awb-sep-color:#25699e;border-color:#25699e;border-top-width:1px;\"><\/div><span class=\"icon-wrapper\" style=\"border-color:transparent;font-size:16px;width: 1.75em; height: 1.75em;border-width:1px;padding:1px;margin-top:-0.5px\"><i class=\"fa-arrow-alt-circle-down far\" style=\"font-size: inherit;color:#25699e;\" aria-hidden=\"true\"><\/i><\/span><div class=\"fusion-separator-border sep-single\" style=\"--awb-height:20px;--awb-amount:20px;--awb-sep-color:#25699e;border-color:#25699e;border-top-width:1px;\"><\/div><\/div><div class=\"fusion-sep-clear\"><\/div>\n<div class=\"fusion-clearfix\"><\/div><\/div><\/div><\/div><\/div><div class=\"fusion-fullwidth fullwidth-box fusion-builder-row-3 nonhundred-percent-fullwidth non-hundred-percent-height-scrolling\" style=\"--awb-border-radius-top-left:0px;--awb-border-radius-top-right:0px;--awb-border-radius-bottom-right:0px;--awb-border-radius-bottom-left:0px;--awb-flex-wrap:wrap;\" ><div class=\"fusion-builder-row fusion-row\"><div class=\"fusion-layout-column fusion_builder_column fusion-builder-column-2 fusion_builder_column_1_1 1_1 fusion-one-full fusion-column-first fusion-column-last\" style=\"--awb-bg-size:cover;\"><div class=\"fusion-column-wrapper fusion-flex-column-wrapper-legacy\"><div class=\"fusion-text fusion-text-3\"><h3><span style=\"color: #9e183e;\">Per \u00dcberweisung spenden<\/span><\/h3>\n<p>Spendenkonto<br \/>\nKreditinstitut: PAX-Bank<\/p>\n<p>IBAN: DE57 3706 0193 4003 1110 11<\/p>\n<p>BIC: GENODED1PAX<\/p>\n<h3><\/h3>\n<h3><span style=\"color: #9e183e;\">Wichtige Hinweise:<\/span><\/h3>\n<p><strong>1. Bitte bei jeder Spende mit angeben<\/strong><\/p>\n<p>Bei Einzahlungen bitte unbedingt die Spendernummer (wenn vorhanden) und den <strong>Namen<\/strong> und die <strong>Adresse<\/strong> mit angeben.<\/p>\n<p>Wollen Sie f\u00fcr ein bestimmtes Projekt spenden, denken Sie bitte daran zus\u00e4tzlich auch noch die <strong>Projektnummer<\/strong> mit anzugeben.<\/p>\n<p><strong>2. Spendenbescheinigung<\/strong><\/p>\n<p>F\u00fcr Ihre Steuererkl\u00e4rung erhalten Sie im Februar des n\u00e4chsten Jahres eine Zuwendungsbest\u00e4tigung \u00fcber alle Spenden des Vorjahres. Sollten Sie keine Bescheinigung ben\u00f6tigen, bitten wir um Mitteilung. Helfen Sie uns beim Porto-Sparen.<\/p>\n<p><strong>3. Steuern sparen<\/strong><\/p>\n<p>Bitte beachten Sie, dass HANDinHAND im Sinne der Abgabenordnung (\u00a753 AO) als mildt\u00e4tig anerkannt ist. Mit Ihrer Spende an uns k\u00f6nnen Sie bis zu 20% Ihrer einkommensteuerpflichtigen Jahresbez\u00fcge absetzen.<\/p>\n<p><strong>4. Keine Bankgeb\u00fchren<\/strong><\/p>\n<p>F\u00fcr Spenden an mildt\u00e4tige Organisationen d\u00fcrfen von den Banken keine Geb\u00fchren erhoben werden. Bitte weisen Sie ggf. bei Ihrem Geldinstitut auf diese Sonderregelung hin.<\/p>\n<p>F\u00fcr jede Spende sagen wir ein herzliches Dankesch\u00f6n. Prima, wenn sie mit Ihrem Geld helfen, Not zu lindern und den Reichtum dieser Erde etwas gerechter verteilen helfen.<\/p>\n<\/div><div class=\"fusion-clearfix\"><\/div><\/div><\/div><\/div><\/div><\/p>","protected":false},"excerpt":{"rendered":"","protected":false},"author":1,"featured_media":0,"parent":0,"menu_order":301,"comment_status":"closed","ping_status":"closed","template":"","meta":{"footnotes":""},"class_list":["post-3635","page","type-page","status-publish","hentry"],"yoast_head":"<!-- This site is optimized with the Yoast SEO plugin v26.0 - https:\/\/yoast.com\/wordpress\/plugins\/seo\/ -->\n<title>Spenden-Formular - HANDinHAND<\/title>\n<meta name=\"robots\" content=\"index, follow, max-snippet:-1, max-image-preview:large, max-video-preview:-1\" \/>\n<link rel=\"canonical\" href=\"https:\/\/handinhand.info\/en\/spenden-formular\/\" \/>\n<meta property=\"og:locale\" content=\"en_GB\" \/>\n<meta property=\"og:type\" content=\"article\" \/>\n<meta property=\"og:title\" content=\"Spenden-Formular - HANDinHAND\" \/>\n<meta property=\"og:url\" content=\"https:\/\/handinhand.info\/en\/spenden-formular\/\" \/>\n<meta property=\"og:site_name\" content=\"HANDinHAND\" \/>\n<meta property=\"article:modified_time\" content=\"2022-12-19T09:22:35+00:00\" \/>\n<meta name=\"twitter:card\" content=\"summary_large_image\" \/>\n<meta name=\"twitter:label1\" content=\"Estimated reading time\" \/>\n\t<meta name=\"twitter:data1\" content=\"4 minutes\" \/>\n<script type=\"application\/ld+json\" class=\"yoast-schema-graph\">{\"@context\":\"https:\/\/schema.org\",\"@graph\":[{\"@type\":\"WebPage\",\"@id\":\"https:\/\/handinhand.info\/en\/spenden-formular\/\",\"url\":\"https:\/\/handinhand.info\/en\/spenden-formular\/\",\"name\":\"Spenden-Formular - HANDinHAND\",\"isPartOf\":{\"@id\":\"https:\/\/handinhand.info\/#website\"},\"datePublished\":\"2018-12-18T17:47:29+00:00\",\"dateModified\":\"2022-12-19T09:22:35+00:00\",\"breadcrumb\":{\"@id\":\"https:\/\/handinhand.info\/en\/spenden-formular\/#breadcrumb\"},\"inLanguage\":\"en-GB\",\"potentialAction\":[{\"@type\":\"ReadAction\",\"target\":[\"https:\/\/handinhand.info\/en\/spenden-formular\/\"]}]},{\"@type\":\"BreadcrumbList\",\"@id\":\"https:\/\/handinhand.info\/en\/spenden-formular\/#breadcrumb\",\"itemListElement\":[{\"@type\":\"ListItem\",\"position\":1,\"name\":\"Startseite\",\"item\":\"https:\/\/handinhand.info\/\"},{\"@type\":\"ListItem\",\"position\":2,\"name\":\"Spenden-Formular\"}]},{\"@type\":\"WebSite\",\"@id\":\"https:\/\/handinhand.info\/#website\",\"url\":\"https:\/\/handinhand.info\/\",\"name\":\"HANDinHAND\",\"description\":\"Hilfe zur Selbsthilfe in Indien\",\"potentialAction\":[{\"@type\":\"SearchAction\",\"target\":{\"@type\":\"EntryPoint\",\"urlTemplate\":\"https:\/\/handinhand.info\/?s={search_term_string}\"},\"query-input\":{\"@type\":\"PropertyValueSpecification\",\"valueRequired\":true,\"valueName\":\"search_term_string\"}}],\"inLanguage\":\"en-GB\"}]}<\/script>\n<!-- \/ Yoast SEO plugin. -->","yoast_head_json":{"title":"Spenden-Formular - HANDinHAND","robots":{"index":"index","follow":"follow","max-snippet":"max-snippet:-1","max-image-preview":"max-image-preview:large","max-video-preview":"max-video-preview:-1"},"canonical":"https:\/\/handinhand.info\/en\/spenden-formular\/","og_locale":"en_GB","og_type":"article","og_title":"Spenden-Formular - HANDinHAND","og_url":"https:\/\/handinhand.info\/en\/spenden-formular\/","og_site_name":"HANDinHAND","article_modified_time":"2022-12-19T09:22:35+00:00","twitter_card":"summary_large_image","twitter_misc":{"Estimated reading time":"4 minutes"},"schema":{"@context":"https:\/\/schema.org","@graph":[{"@type":"WebPage","@id":"https:\/\/handinhand.info\/en\/spenden-formular\/","url":"https:\/\/handinhand.info\/en\/spenden-formular\/","name":"Spenden-Formular - HANDinHAND","isPartOf":{"@id":"https:\/\/handinhand.info\/#website"},"datePublished":"2018-12-18T17:47:29+00:00","dateModified":"2022-12-19T09:22:35+00:00","breadcrumb":{"@id":"https:\/\/handinhand.info\/en\/spenden-formular\/#breadcrumb"},"inLanguage":"en-GB","potentialAction":[{"@type":"ReadAction","target":["https:\/\/handinhand.info\/en\/spenden-formular\/"]}]},{"@type":"BreadcrumbList","@id":"https:\/\/handinhand.info\/en\/spenden-formular\/#breadcrumb","itemListElement":[{"@type":"ListItem","position":1,"name":"Startseite","item":"https:\/\/handinhand.info\/"},{"@type":"ListItem","position":2,"name":"Spenden-Formular"}]},{"@type":"WebSite","@id":"https:\/\/handinhand.info\/#website","url":"https:\/\/handinhand.info\/","name":"HANDinHAND","description":"Hilfe zur Selbsthilfe in Indien","potentialAction":[{"@type":"SearchAction","target":{"@type":"EntryPoint","urlTemplate":"https:\/\/handinhand.info\/?s={search_term_string}"},"query-input":{"@type":"PropertyValueSpecification","valueRequired":true,"valueName":"search_term_string"}}],"inLanguage":"en-GB"}]}},"_links":{"self":[{"href":"https:\/\/handinhand.info\/en\/wp-json\/wp\/v2\/pages\/3635","targetHints":{"allow":["GET"]}}],"collection":[{"href":"https:\/\/handinhand.info\/en\/wp-json\/wp\/v2\/pages"}],"about":[{"href":"https:\/\/handinhand.info\/en\/wp-json\/wp\/v2\/types\/page"}],"author":[{"embeddable":true,"href":"https:\/\/handinhand.info\/en\/wp-json\/wp\/v2\/users\/1"}],"replies":[{"embeddable":true,"href":"https:\/\/handinhand.info\/en\/wp-json\/wp\/v2\/comments?post=3635"}],"version-history":[{"count":0,"href":"https:\/\/handinhand.info\/en\/wp-json\/wp\/v2\/pages\/3635\/revisions"}],"wp:attachment":[{"href":"https:\/\/handinhand.info\/en\/wp-json\/wp\/v2\/media?parent=3635"}],"curies":[{"name":"wp","href":"https:\/\/api.w.org\/{rel}","templated":true}]}}