{"id":3551,"date":"2018-12-15T11:50:34","date_gmt":"2018-12-15T10:50:34","guid":{"rendered":"https:\/\/handinhand.info\/?page_id=3551"},"modified":"2022-06-02T08:43:54","modified_gmt":"2022-06-02T06:43:54","slug":"kontakt","status":"publish","type":"page","link":"https:\/\/handinhand.info\/en\/kontakt\/","title":{"rendered":"KONTAKT"},"content":{"rendered":"<p><div class=\"fusion-fullwidth fullwidth-box fusion-builder-row-1 nonhundred-percent-fullwidth non-hundred-percent-height-scrolling\" style=\"--awb-border-radius-top-left:0px;--awb-border-radius-top-right:0px;--awb-border-radius-bottom-right:0px;--awb-border-radius-bottom-left:0px;--awb-flex-wrap:wrap;\" ><div class=\"fusion-builder-row fusion-row\"><div class=\"fusion-layout-column fusion_builder_column fusion-builder-column-0 fusion_builder_column_1_1 1_1 fusion-one-full fusion-column-first fusion-column-last\" style=\"--awb-bg-size:cover;\"><div class=\"fusion-column-wrapper fusion-flex-column-wrapper-legacy\"><div class=\"fusion-text fusion-text-1\"><h1>Kontakt<\/h1>\n<\/div><div class=\"fusion-text fusion-text-2\"><p>Wenn Sie mit uns Kontakt aufnehmen m\u00f6chten, schreiben Sie uns am besten eine E-mail. Wir werden baldm\u00f6glichst reagieren. Da unser B\u00fcro zur Zeit nur ehrenamtlich und auch nur von Zeit zu Zeit besetzt ist, sind wir telefonisch nicht immer leicht zu erreichen. Wir bitten Sie daher um etwas Geduld.<\/p>\n<\/div><div class=\"fusion-clearfix\"><\/div><\/div><\/div><\/div><\/div><div class=\"fusion-fullwidth fullwidth-box fusion-builder-row-2 nonhundred-percent-fullwidth non-hundred-percent-height-scrolling\" style=\"--awb-border-radius-top-left:0px;--awb-border-radius-top-right:0px;--awb-border-radius-bottom-right:0px;--awb-border-radius-bottom-left:0px;--awb-flex-wrap:wrap;\" ><div class=\"fusion-builder-row fusion-row\"><div class=\"fusion-layout-column fusion_builder_column fusion-builder-column-1 fusion_builder_column_1_2 1_2 fusion-one-half fusion-column-first\" style=\"--awb-bg-size:cover;width:50%;width:calc(50% - ( ( 4% ) * 0.5 ) );margin-right: 4%;\"><div class=\"fusion-column-wrapper fusion-flex-column-wrapper-legacy\"><div class=\"fusion-text fusion-text-3\"><p>HANDinHAND e.V.<br \/>\nMainstr. 15<br \/>\n63329 Egelsbach<\/p>\n<p>Tel. 06103 3869 884<br \/>\ninfo@handinhand.info<\/p>\n<\/div><div class=\"fusion-clearfix\"><\/div><\/div><\/div><div class=\"fusion-layout-column fusion_builder_column fusion-builder-column-2 fusion_builder_column_1_2 1_2 fusion-one-half fusion-column-last\" style=\"--awb-bg-size:cover;width:50%;width:calc(50% - ( ( 4% ) * 0.5 ) );\"><div class=\"fusion-column-wrapper fusion-flex-column-wrapper-legacy\"><div class=\"fusion-image-element in-legacy-container\" style=\"--awb-caption-title-font-family:var(--h2_typography-font-family);--awb-caption-title-font-weight:var(--h2_typography-font-weight);--awb-caption-title-font-style:var(--h2_typography-font-style);--awb-caption-title-size:var(--h2_typography-font-size);--awb-caption-title-transform:var(--h2_typography-text-transform);--awb-caption-title-line-height:var(--h2_typography-line-height);--awb-caption-title-letter-spacing:var(--h2_typography-letter-spacing);\"><span class=\"fusion-imageframe imageframe-none imageframe-1 hover-type-none\"><img decoding=\"async\" width=\"2400\" height=\"1200\" title=\"headerbild_07\" src=\"https:\/\/handinhand.info\/wp-content\/uploads\/2018\/11\/headerbild_07.jpg\" data-orig-src=\"https:\/\/handinhand.info\/wp-content\/uploads\/2018\/11\/headerbild_07.jpg\" alt class=\"lazyload img-responsive wp-image-2652\" srcset=\"data:image\/svg+xml,%3Csvg%20xmlns%3D%27http%3A%2F%2Fwww.w3.org%2F2000%2Fsvg%27%20width%3D%272400%27%20height%3D%271200%27%20viewBox%3D%270%200%202400%201200%27%3E%3Crect%20width%3D%272400%27%20height%3D%271200%27%20fill-opacity%3D%220%22%2F%3E%3C%2Fsvg%3E\" data-srcset=\"https:\/\/handinhand.info\/wp-content\/uploads\/2018\/11\/headerbild_07-200x100.jpg 200w, https:\/\/handinhand.info\/wp-content\/uploads\/2018\/11\/headerbild_07-400x200.jpg 400w, https:\/\/handinhand.info\/wp-content\/uploads\/2018\/11\/headerbild_07-600x300.jpg 600w, https:\/\/handinhand.info\/wp-content\/uploads\/2018\/11\/headerbild_07-800x400.jpg 800w, https:\/\/handinhand.info\/wp-content\/uploads\/2018\/11\/headerbild_07-1200x600.jpg 1200w, https:\/\/handinhand.info\/wp-content\/uploads\/2018\/11\/headerbild_07.jpg 2400w\" data-sizes=\"auto\" data-orig-sizes=\"(max-width: 800px) 100vw, 600px\" \/><\/span><\/div><div class=\"fusion-clearfix\"><\/div><\/div><\/div><\/div><\/div><\/p>","protected":false},"excerpt":{"rendered":"","protected":false},"author":1,"featured_media":0,"parent":0,"menu_order":45,"comment_status":"closed","ping_status":"closed","template":"","meta":{"footnotes":""},"class_list":["post-3551","page","type-page","status-publish","hentry"],"yoast_head":"<!-- This site is optimized with the Yoast SEO plugin v27.4 - https:\/\/yoast.com\/product\/yoast-seo-wordpress\/ -->\n<title>KONTAKT - HANDinHAND<\/title>\n<meta name=\"robots\" content=\"index, follow, max-snippet:-1, max-image-preview:large, max-video-preview:-1\" \/>\n<link rel=\"canonical\" href=\"https:\/\/handinhand.info\/en\/kontakt\/\" \/>\n<meta property=\"og:locale\" content=\"en_GB\" \/>\n<meta property=\"og:type\" content=\"article\" \/>\n<meta property=\"og:title\" content=\"KONTAKT - HANDinHAND\" \/>\n<meta property=\"og:url\" content=\"https:\/\/handinhand.info\/en\/kontakt\/\" \/>\n<meta property=\"og:site_name\" content=\"HANDinHAND\" \/>\n<meta property=\"article:modified_time\" content=\"2022-06-02T06:43:54+00:00\" \/>\n<meta name=\"twitter:card\" content=\"summary_large_image\" \/>\n<meta name=\"twitter:label1\" content=\"Estimated reading time\" \/>\n\t<meta name=\"twitter:data1\" content=\"3 minutes\" \/>\n<script type=\"application\/ld+json\" class=\"yoast-schema-graph\">{\"@context\":\"https:\\\/\\\/schema.org\",\"@graph\":[{\"@type\":\"WebPage\",\"@id\":\"https:\\\/\\\/handinhand.info\\\/kontakt\\\/\",\"url\":\"https:\\\/\\\/handinhand.info\\\/kontakt\\\/\",\"name\":\"KONTAKT - HANDinHAND\",\"isPartOf\":{\"@id\":\"https:\\\/\\\/handinhand.info\\\/#website\"},\"datePublished\":\"2018-12-15T10:50:34+00:00\",\"dateModified\":\"2022-06-02T06:43:54+00:00\",\"breadcrumb\":{\"@id\":\"https:\\\/\\\/handinhand.info\\\/kontakt\\\/#breadcrumb\"},\"inLanguage\":\"en-GB\",\"potentialAction\":[{\"@type\":\"ReadAction\",\"target\":[\"https:\\\/\\\/handinhand.info\\\/kontakt\\\/\"]}]},{\"@type\":\"BreadcrumbList\",\"@id\":\"https:\\\/\\\/handinhand.info\\\/kontakt\\\/#breadcrumb\",\"itemListElement\":[{\"@type\":\"ListItem\",\"position\":1,\"name\":\"Startseite\",\"item\":\"https:\\\/\\\/handinhand.info\\\/\"},{\"@type\":\"ListItem\",\"position\":2,\"name\":\"KONTAKT\"}]},{\"@type\":\"WebSite\",\"@id\":\"https:\\\/\\\/handinhand.info\\\/#website\",\"url\":\"https:\\\/\\\/handinhand.info\\\/\",\"name\":\"HANDinHAND\",\"description\":\"Hilfe zur Selbsthilfe in Indien\",\"potentialAction\":[{\"@type\":\"SearchAction\",\"target\":{\"@type\":\"EntryPoint\",\"urlTemplate\":\"https:\\\/\\\/handinhand.info\\\/?s={search_term_string}\"},\"query-input\":{\"@type\":\"PropertyValueSpecification\",\"valueRequired\":true,\"valueName\":\"search_term_string\"}}],\"inLanguage\":\"en-GB\"}]}<\/script>\n<!-- \/ Yoast SEO plugin. -->","yoast_head_json":{"title":"KONTAKT - HANDinHAND","robots":{"index":"index","follow":"follow","max-snippet":"max-snippet:-1","max-image-preview":"max-image-preview:large","max-video-preview":"max-video-preview:-1"},"canonical":"https:\/\/handinhand.info\/en\/kontakt\/","og_locale":"en_GB","og_type":"article","og_title":"KONTAKT - HANDinHAND","og_url":"https:\/\/handinhand.info\/en\/kontakt\/","og_site_name":"HANDinHAND","article_modified_time":"2022-06-02T06:43:54+00:00","twitter_card":"summary_large_image","twitter_misc":{"Estimated reading time":"3 minutes"},"schema":{"@context":"https:\/\/schema.org","@graph":[{"@type":"WebPage","@id":"https:\/\/handinhand.info\/kontakt\/","url":"https:\/\/handinhand.info\/kontakt\/","name":"KONTAKT - HANDinHAND","isPartOf":{"@id":"https:\/\/handinhand.info\/#website"},"datePublished":"2018-12-15T10:50:34+00:00","dateModified":"2022-06-02T06:43:54+00:00","breadcrumb":{"@id":"https:\/\/handinhand.info\/kontakt\/#breadcrumb"},"inLanguage":"en-GB","potentialAction":[{"@type":"ReadAction","target":["https:\/\/handinhand.info\/kontakt\/"]}]},{"@type":"BreadcrumbList","@id":"https:\/\/handinhand.info\/kontakt\/#breadcrumb","itemListElement":[{"@type":"ListItem","position":1,"name":"Startseite","item":"https:\/\/handinhand.info\/"},{"@type":"ListItem","position":2,"name":"KONTAKT"}]},{"@type":"WebSite","@id":"https:\/\/handinhand.info\/#website","url":"https:\/\/handinhand.info\/","name":"HANDinHAND","description":"Hilfe zur Selbsthilfe in Indien","potentialAction":[{"@type":"SearchAction","target":{"@type":"EntryPoint","urlTemplate":"https:\/\/handinhand.info\/?s={search_term_string}"},"query-input":{"@type":"PropertyValueSpecification","valueRequired":true,"valueName":"search_term_string"}}],"inLanguage":"en-GB"}]}},"_links":{"self":[{"href":"https:\/\/handinhand.info\/en\/wp-json\/wp\/v2\/pages\/3551","targetHints":{"allow":["GET"]}}],"collection":[{"href":"https:\/\/handinhand.info\/en\/wp-json\/wp\/v2\/pages"}],"about":[{"href":"https:\/\/handinhand.info\/en\/wp-json\/wp\/v2\/types\/page"}],"author":[{"embeddable":true,"href":"https:\/\/handinhand.info\/en\/wp-json\/wp\/v2\/users\/1"}],"replies":[{"embeddable":true,"href":"https:\/\/handinhand.info\/en\/wp-json\/wp\/v2\/comments?post=3551"}],"version-history":[{"count":0,"href":"https:\/\/handinhand.info\/en\/wp-json\/wp\/v2\/pages\/3551\/revisions"}],"wp:attachment":[{"href":"https:\/\/handinhand.info\/en\/wp-json\/wp\/v2\/media?parent=3551"}],"curies":[{"name":"wp","href":"https:\/\/api.w.org\/{rel}","templated":true}]}}