{"id":3262,"date":"2018-11-12T13:07:55","date_gmt":"2018-11-12T12:07:55","guid":{"rendered":"https:\/\/hih-spende-statt-geschenke.de\/?page_id=3262"},"modified":"2021-11-10T10:52:58","modified_gmt":"2021-11-10T09:52:58","slug":"spendenbeispiele","status":"publish","type":"page","link":"https:\/\/handinhand.info\/en\/spenden\/spendenbeispiele\/","title":{"rendered":"Spendenbeispiele"},"content":{"rendered":"<div class=\"fusion-fullwidth fullwidth-box fusion-builder-row-1 nonhundred-percent-fullwidth non-hundred-percent-height-scrolling\" style=\"--awb-border-radius-top-left:0px;--awb-border-radius-top-right:0px;--awb-border-radius-bottom-right:0px;--awb-border-radius-bottom-left:0px;--awb-flex-wrap:wrap;\" ><div class=\"fusion-builder-row fusion-row\"><div class=\"fusion-layout-column fusion_builder_column fusion-builder-column-0 fusion_builder_column_1_1 1_1 fusion-one-full fusion-column-first fusion-column-last\" style=\"--awb-bg-size:cover;\"><div class=\"fusion-column-wrapper fusion-flex-column-wrapper-legacy\"><div class=\"fusion-text fusion-text-1 h2nochkleiner\"><h1>Spendenbeispiele<\/h1>\n<h2><span style=\"color: #993366;\">Dankbarkeit f\u00fcr 20 Jahre erfolgreiches Business \u2013 Alexander Groth<br \/>\n<\/span><\/h2>\n<p>Irgendwann in diesen Wochen ist es mir bewusst geworden, dass ich mich im Herbst 2001 als Trainer selbstst\u00e4ndig gemacht habe und dass da ein rundes Jubil\u00e4um naht. Vor 2001 hatte ich Berufserfahrung als Consultant bei einer Beratung und als Projektmanager und Trainer bei einem der gr\u00f6\u00dferen Weiterbildungsanbieter gesammelt. Mit 31 Jahren kam dann der recht fr\u00fche Schritt als freiberuflicher Trainer. 2006 erhielt ich den ersten von vielen weiteren Lehrauftr\u00e4gen an der Universit\u00e4t Mannheim. 2007 schrieb ich mein erstes von insgesamt 5 B\u00fcchern und 2009 wagte ich den Schritt zum Redner.<\/p>\n<p>&#8230;<\/p>\n<p>Insgesamt bin ich tief dankbar, dass mich das Leben in den letzten 20 Jahren gut versorgt hat, der spannende Beruf mir viel Interessantes gelernt hat und ich viele sch\u00f6ne Begegnungen mit Kunden*innen und Teilnehmer*innen hatte. Als Ausdruck dieser Dankbarkeit, werde ich HANDinHAND e.V., dessen Gr\u00fcnder und Vorbild an Menschlichkeit, Pfarrer Elmar Jung, in diesen Tagen das Bundesverdienstkreuz verliehen bekommen hat, einen dem Anlass ad\u00e4quaten Betrag spenden.<\/p>\n<p><a href=\"https:\/\/www.alexander-groth.de\/20-jahre-im-business-alexander-groth\/\">Den vollst\u00e4ndigen Artikel finden Sie hier &gt;&gt;<\/a><\/p>\n<h2><span style=\"color: #9e183e;\">Teilen f\u00fchrt zusammen!<\/span><\/h2>\n<p>Der Kindergarten der Liebfrauengemeinde in Darmstadt macht dies mit einer tollen Aktion und viel Bewusstseinsbildung deutlich. Danke dem ganzen Team und allen Kindern und Eltern, die ein so gro\u00dfes Zeichen der Solidarit\u00e4t setzten, denn durch viele, kleine Spenden wird in Indien ein neues Haus gebaut werden k\u00f6nnen.Lesen sie den Bericht zu der Aktion hier.<\/p>\n<h2><span style=\"color: #9e183e;\">Im Jahr seiner Goldenen Hochzeit finanziert ein Paar mit monatlichen Spenden ein ganzes Haus in Indien.<\/span><\/h2>\n<p>Ein Ehepaar feiert bald seine goldene Hochzeit. Ein Jahr zuvor beginnen sie monatlich 70 \u20ac zu \u00fcberweisen, so dass im ganzen Jahr das Geld f\u00fcr den Bau eines Hauses in Indien zusammenkommt.<\/p>\n<h2><span style=\"color: #9e183e;\">Kindergarten-Bazar zugunsten von Waisenkindern in Indien<\/span><\/h2>\n<p>Durch einen Kleinkinder-Kleider-Bazar, sowie Marmeladen- und Saftverkauf tr\u00e4gt ein Kindergarten dazu bei, dass Kinder hier bei uns lernen, mit Kindern in Indien zu teilen.<\/p>\n<h2><span style=\"color: #9e183e;\">Neuer Anstrich hier und dort<\/span><\/h2>\n<p>Weil sie ihre eigenen vier W\u00e4nde jetzt etwas luxuri\u00f6ser ausgebaut haben, geben die Eheleute zus\u00e4tzlich eine gro\u00dfe Spende an HiH, damit auch Arme in Indien mehr Lebensqualit\u00e4t haben k\u00f6nnen.<\/p>\n<h2><span style=\"color: #9e183e;\">Restgeld aus der Klassenkasse<\/span><\/h2>\n<p>Sch\u00fcler der Abschlussklasse 10 geben das Restgeld ihrer Klassenkasse an HiH. Damit k\u00f6nnen einige Tische und B\u00e4nke f\u00fcr Schulklassen in Indien angeschafft werden.<\/p>\n<h2><span style=\"color: #9e183e;\">Statt Blumen und Kr\u00e4nzen &#8211; Geld f\u00fcr Bed\u00fcrftige<\/span><\/h2>\n<p>Im Sinne einer Verstorbenen erbitten die Angeh\u00f6rigen statt Blumen und Kr\u00e4nze f\u00fcr die Beerdigung eine Gabe zur Linderung der Not in Indien. Davon konnte eine Dorfschule vor dem Zerfall gerettet und wieder aufgebaut werden.<\/p>\n<h2><span style=\"color: #9e183e;\">Online-Shopping und spenden<\/span><\/h2>\n<p>\u00dcber die Seite Adonate ( http:\/\/www.adonate.de\/index2.php) k\u00f6nnen Sie ganz bequem viele beliebte Online-Shops aufrufen und wie gewohnt ihren Einkauf t\u00e4tigen. Durch den kleinen &#8222;Umweg&#8220; \u00fcber die Seite von Adonate, k\u00f6nnen Sie aber auch noch kleines Spendengeld generieren, ohne selbst Kosten zu haben. Genaue Beschreibung wie es ganz genau funktioniert finden Sie auf der besagten Seite. Einfach den Link verwenden und ausprobieren.<\/p>\n<h2><span style=\"color: #9e183e;\">Spenden statt Geschenke<\/span><\/h2>\n<p>Wenn &#8222;man&#8220; schon alles hat, k\u00f6nnen ja auch Andere gl\u00fccklicher gemacht werden. Wie kann das gehen ?<br \/>\nRunder Geburtstag, Firmenjubil\u00e4um, Hochzeit, Silbernes oder Goldenes Hochzeitsjubil\u00e4um, und jeder Gast m\u00f6chte etwas schenken ! &#8222;Ich habe doch schon alles&#8220;, denken Sie&#8230;<\/p>\n<p>Wir kennen in Indien viele Menschen, denen es am N\u00f6tigsten fehlt. Durch Schenken dr\u00fccken wir Zuneigung aus und dies tut Gebern und Beschenkten gut. Wenn &#8222;man&#8220; schon alles hat, k\u00f6nnen Andere ein wenig gl\u00fccklicher gemacht werden. Dies bedeutet &#8222;Leben durch Teilen&#8220;. Gerne nennen wir Ihnen ganz pers\u00f6nliche, konkrete Projekte in Indien, die Sie auf Ihren &#8222;Wunschzettel&#8220; schreiben k\u00f6nnen.<\/p>\n<p>Schenken ist eine Herzensangelegenheit. Schon Bertolt Brecht sagte: &#8222;Liebe ist der Wunsch, etwas zu geben, nicht zu erhalten.&#8220; So k\u00f6nnte Ihre eigene Geburtstagsfreude bis nach Indien reichen und sich dort verbreiten. So k\u00f6nnte geteilte Freude zur doppelten Freude werden. Die Idee &#8222;Spenden statt Geschenke&#8220; bietet sich f\u00fcr Menschen an, die bewusst nicht noch mehr &#8222;Dinge&#8220; anh\u00e4ufen aber daf\u00fcr &#8222;Leben durch Teilen&#8220; konkret werden lassen m\u00f6chten.<\/p>\n<blockquote>\n<p>Das Herz muss H\u00e4nde haben &#8211; doch wehe, die H\u00e4nde haben kein Herz !<br \/>\n<em>(Indisches Sprichwort)<\/em><\/p>\n<\/blockquote>\n<\/div><div class=\"awb-gallery-wrapper awb-gallery-wrapper-1 button-span-no\"><div style=\"margin:-5px;--awb-bordersize:0px;\" class=\"fusion-gallery fusion-gallery-container fusion-grid-2 fusion-columns-total-2 fusion-gallery-layout-grid fusion-gallery-1\"><div style=\"padding:5px;\" class=\"fusion-grid-column fusion-gallery-column fusion-gallery-column-2 hover-type-zoomin\"><div class=\"fusion-gallery-image\"><a href=\"https:\/\/handinhand.info\/wp-content\/uploads\/2020\/08\/Spendenbeispiele_Galerie_HiH-MV-2019-127a.jpg\" rel=\"noreferrer\" data-rel=\"iLightbox[gallery_image_1]\" class=\"fusion-lightbox\" target=\"_self\"><img decoding=\"async\" src=\"https:\/\/handinhand.info\/wp-content\/uploads\/2020\/08\/Spendenbeispiele_Galerie_HiH-MV-2019-127a-460x295.jpg\" width=\"460\" height=\"295\" alt=\"\" title=\"_Spendenbeispiele_Galerie_HiH-MV-2019-127a\" aria-label=\"_Spendenbeispiele_Galerie_HiH-MV-2019-127a\" class=\"img-responsive wp-image-4418 fusion-gallery-image-size-fixed\"  \/><\/a><\/div><\/div><div style=\"padding:5px;\" class=\"fusion-grid-column fusion-gallery-column fusion-gallery-column-2 hover-type-zoomin\"><div class=\"fusion-gallery-image\"><a href=\"https:\/\/handinhand.info\/wp-content\/uploads\/2020\/08\/Spendenbeispiele_Galerie_HiH-MV-2019-128.jpg\" rel=\"noreferrer\" data-rel=\"iLightbox[gallery_image_1]\" class=\"fusion-lightbox\" target=\"_self\"><img decoding=\"async\" src=\"https:\/\/handinhand.info\/wp-content\/uploads\/2020\/08\/Spendenbeispiele_Galerie_HiH-MV-2019-128-460x295.jpg\" width=\"460\" height=\"295\" alt=\"\" title=\"_Spendenbeispiele_Galerie_HiH-MV-2019-128\" aria-label=\"_Spendenbeispiele_Galerie_HiH-MV-2019-128\" class=\"img-responsive wp-image-4419 fusion-gallery-image-size-fixed\"  \/><\/a><\/div><\/div><div class=\"clearfix\"><\/div><\/div><\/div><div class=\"fusion-clearfix\"><\/div><\/div><\/div><\/div><\/div>","protected":false},"excerpt":{"rendered":"","protected":false},"author":1,"featured_media":0,"parent":3247,"menu_order":42,"comment_status":"closed","ping_status":"closed","template":"","meta":{"footnotes":""},"class_list":["post-3262","page","type-page","status-publish","hentry"],"yoast_head":"<!-- This site is optimized with the Yoast SEO plugin v26.0 - https:\/\/yoast.com\/wordpress\/plugins\/seo\/ -->\n<title>Spendenbeispiele - HANDinHAND<\/title>\n<meta name=\"robots\" content=\"index, follow, max-snippet:-1, max-image-preview:large, max-video-preview:-1\" \/>\n<link rel=\"canonical\" href=\"https:\/\/handinhand.info\/en\/spenden\/spendenbeispiele\/\" \/>\n<meta property=\"og:locale\" content=\"en_GB\" \/>\n<meta property=\"og:type\" content=\"article\" \/>\n<meta property=\"og:title\" content=\"Spendenbeispiele - HANDinHAND\" \/>\n<meta property=\"og:url\" content=\"https:\/\/handinhand.info\/en\/spenden\/spendenbeispiele\/\" \/>\n<meta property=\"og:site_name\" content=\"HANDinHAND\" \/>\n<meta property=\"article:modified_time\" content=\"2021-11-10T09:52:58+00:00\" \/>\n<meta name=\"twitter:card\" content=\"summary_large_image\" \/>\n<meta name=\"twitter:label1\" content=\"Estimated reading time\" \/>\n\t<meta name=\"twitter:data1\" content=\"5 minutes\" \/>\n<script type=\"application\/ld+json\" class=\"yoast-schema-graph\">{\"@context\":\"https:\/\/schema.org\",\"@graph\":[{\"@type\":\"WebPage\",\"@id\":\"https:\/\/handinhand.info\/spenden\/spendenbeispiele\/\",\"url\":\"https:\/\/handinhand.info\/spenden\/spendenbeispiele\/\",\"name\":\"Spendenbeispiele - HANDinHAND\",\"isPartOf\":{\"@id\":\"https:\/\/handinhand.info\/#website\"},\"datePublished\":\"2018-11-12T12:07:55+00:00\",\"dateModified\":\"2021-11-10T09:52:58+00:00\",\"breadcrumb\":{\"@id\":\"https:\/\/handinhand.info\/spenden\/spendenbeispiele\/#breadcrumb\"},\"inLanguage\":\"en-GB\",\"potentialAction\":[{\"@type\":\"ReadAction\",\"target\":[\"https:\/\/handinhand.info\/spenden\/spendenbeispiele\/\"]}]},{\"@type\":\"BreadcrumbList\",\"@id\":\"https:\/\/handinhand.info\/spenden\/spendenbeispiele\/#breadcrumb\",\"itemListElement\":[{\"@type\":\"ListItem\",\"position\":1,\"name\":\"Startseite\",\"item\":\"https:\/\/handinhand.info\/\"},{\"@type\":\"ListItem\",\"position\":2,\"name\":\"SPENDEN f\u00fcr Menschen in Indien\",\"item\":\"https:\/\/handinhand.info\/spenden\/\"},{\"@type\":\"ListItem\",\"position\":3,\"name\":\"Spendenbeispiele\"}]},{\"@type\":\"WebSite\",\"@id\":\"https:\/\/handinhand.info\/#website\",\"url\":\"https:\/\/handinhand.info\/\",\"name\":\"HANDinHAND\",\"description\":\"Hilfe zur Selbsthilfe in Indien\",\"potentialAction\":[{\"@type\":\"SearchAction\",\"target\":{\"@type\":\"EntryPoint\",\"urlTemplate\":\"https:\/\/handinhand.info\/?s={search_term_string}\"},\"query-input\":{\"@type\":\"PropertyValueSpecification\",\"valueRequired\":true,\"valueName\":\"search_term_string\"}}],\"inLanguage\":\"en-GB\"}]}<\/script>\n<!-- \/ Yoast SEO plugin. -->","yoast_head_json":{"title":"Spendenbeispiele - HANDinHAND","robots":{"index":"index","follow":"follow","max-snippet":"max-snippet:-1","max-image-preview":"max-image-preview:large","max-video-preview":"max-video-preview:-1"},"canonical":"https:\/\/handinhand.info\/en\/spenden\/spendenbeispiele\/","og_locale":"en_GB","og_type":"article","og_title":"Spendenbeispiele - HANDinHAND","og_url":"https:\/\/handinhand.info\/en\/spenden\/spendenbeispiele\/","og_site_name":"HANDinHAND","article_modified_time":"2021-11-10T09:52:58+00:00","twitter_card":"summary_large_image","twitter_misc":{"Estimated reading time":"5 minutes"},"schema":{"@context":"https:\/\/schema.org","@graph":[{"@type":"WebPage","@id":"https:\/\/handinhand.info\/spenden\/spendenbeispiele\/","url":"https:\/\/handinhand.info\/spenden\/spendenbeispiele\/","name":"Spendenbeispiele - HANDinHAND","isPartOf":{"@id":"https:\/\/handinhand.info\/#website"},"datePublished":"2018-11-12T12:07:55+00:00","dateModified":"2021-11-10T09:52:58+00:00","breadcrumb":{"@id":"https:\/\/handinhand.info\/spenden\/spendenbeispiele\/#breadcrumb"},"inLanguage":"en-GB","potentialAction":[{"@type":"ReadAction","target":["https:\/\/handinhand.info\/spenden\/spendenbeispiele\/"]}]},{"@type":"BreadcrumbList","@id":"https:\/\/handinhand.info\/spenden\/spendenbeispiele\/#breadcrumb","itemListElement":[{"@type":"ListItem","position":1,"name":"Startseite","item":"https:\/\/handinhand.info\/"},{"@type":"ListItem","position":2,"name":"SPENDEN f\u00fcr Menschen in Indien","item":"https:\/\/handinhand.info\/spenden\/"},{"@type":"ListItem","position":3,"name":"Spendenbeispiele"}]},{"@type":"WebSite","@id":"https:\/\/handinhand.info\/#website","url":"https:\/\/handinhand.info\/","name":"HANDinHAND","description":"Hilfe zur Selbsthilfe in Indien","potentialAction":[{"@type":"SearchAction","target":{"@type":"EntryPoint","urlTemplate":"https:\/\/handinhand.info\/?s={search_term_string}"},"query-input":{"@type":"PropertyValueSpecification","valueRequired":true,"valueName":"search_term_string"}}],"inLanguage":"en-GB"}]}},"_links":{"self":[{"href":"https:\/\/handinhand.info\/en\/wp-json\/wp\/v2\/pages\/3262","targetHints":{"allow":["GET"]}}],"collection":[{"href":"https:\/\/handinhand.info\/en\/wp-json\/wp\/v2\/pages"}],"about":[{"href":"https:\/\/handinhand.info\/en\/wp-json\/wp\/v2\/types\/page"}],"author":[{"embeddable":true,"href":"https:\/\/handinhand.info\/en\/wp-json\/wp\/v2\/users\/1"}],"replies":[{"embeddable":true,"href":"https:\/\/handinhand.info\/en\/wp-json\/wp\/v2\/comments?post=3262"}],"version-history":[{"count":0,"href":"https:\/\/handinhand.info\/en\/wp-json\/wp\/v2\/pages\/3262\/revisions"}],"up":[{"embeddable":true,"href":"https:\/\/handinhand.info\/en\/wp-json\/wp\/v2\/pages\/3247"}],"wp:attachment":[{"href":"https:\/\/handinhand.info\/en\/wp-json\/wp\/v2\/media?parent=3262"}],"curies":[{"name":"wp","href":"https:\/\/api.w.org\/{rel}","templated":true}]}}