{"id":3258,"date":"2018-11-12T13:04:28","date_gmt":"2018-11-12T12:04:28","guid":{"rendered":"https:\/\/hih-spende-statt-geschenke.de\/?page_id=3258"},"modified":"2025-09-30T12:29:12","modified_gmt":"2025-09-30T10:29:12","slug":"mitglied-werden","status":"publish","type":"page","link":"https:\/\/handinhand.info\/en\/spenden\/mitglied-werden\/","title":{"rendered":"Mitglied werden"},"content":{"rendered":"<div class=\"fusion-fullwidth fullwidth-box fusion-builder-row-1 nonhundred-percent-fullwidth non-hundred-percent-height-scrolling\" style=\"--awb-border-radius-top-left:0px;--awb-border-radius-top-right:0px;--awb-border-radius-bottom-right:0px;--awb-border-radius-bottom-left:0px;--awb-flex-wrap:wrap;\" ><div class=\"fusion-builder-row fusion-row\"><div class=\"fusion-layout-column fusion_builder_column fusion-builder-column-0 fusion_builder_column_1_1 1_1 fusion-one-full fusion-column-first fusion-column-last\" style=\"--awb-bg-size:cover;\"><div class=\"fusion-column-wrapper fusion-flex-column-wrapper-legacy\"><div class=\"fusion-text fusion-text-1\"><h2>Mitglied werden<\/h2>\n<h5>Kurzinfos zur Mitgliedschaft<\/h5>\n<ul>\n<li>Jede Person kann Mitglied werden. \u00dcber den schriftlichen Antrag entscheidet der Vorstand.<\/li>\n<li>Die Mitglieder legen Ihren Mitgliedsbeitrag selbst fest &#8211; jeder wie er kann und will. Der Mindestbeitrag liegt bei 10,00 Euro im Jahr. Der Beitrag ist in Ihrer Spende f\u00fcr ein Projekt bereits enthalten und muss nicht gesondert gezahlt werden.<\/li>\n<li>Die Spenden k\u00f6nnen Sie bei Ihrer Einkommenssteuer geltend machen.<\/li>\n<li>Der freiwillige Austritt erfolgt durch schriftliche Erkl\u00e4rung gegen\u00fcber einem Mitglied des Vorstands und ist nur zum Schluss eines Kalenderjahres zul\u00e4ssig.<\/li>\n<\/ul>\n<h5>Weiterf\u00fchrende Infos<\/h5>\n<p>Ausf\u00fchrliche Informationen zu allen Fragen rund um die Mitgliedschaft finden Sie in der<\/p>\n<p><a href=\"https:\/\/handinhand.info\/wp-content\/uploads\/2020\/08\/170910_HiH-Satzung.pdf\" target=\"_blank\" rel=\"noopener noreferrer\">HANDinHAND Vereinssatzung (PDF).<\/a><\/p>\n<h5><a href=\"https:\/\/handinhand.info\/wp-content\/uploads\/2025\/09\/Dok_Mitgliedsantrag2022.pdf\"><span style=\"color: #9e183e;\">Ich will Mitglied werden<\/span><\/a><\/h5>\n<p>Fordern Sie Ihre Anmeldeunterlagen am besten gleich online an. Wir senden Ihnen dann unverz\u00fcglich Ihre Anmeldeunterlagen, eine Infobrosch\u00fcre sowie die Vereinssatzung kostenlos zu.<\/p>\n<p><a href=\"https:\/\/handinhand.info\/wp-content\/uploads\/2025\/09\/Dok_Mitgliedsantrag2022.pdf\" target=\"_blank\" rel=\"noopener noreferrer\">Mitgliedsantrag zum Ausdrucken (PDF).<\/a><\/p>\n<h5>Noch Fragen?<\/h5>\n<p>Sie haben noch Fragen? Dann sprechen oder schreiben Sie uns doch bitte an. Wir helfen Ihnen gerne weiter.<\/p>\n<\/div><div class=\"fusion-align-block\"><a class=\"fusion-button button-flat fusion-button-default-size button-default fusion-button-default button-1 fusion-button-default-span fusion-button-default-type fusion-animated spendenbutton\" style=\"width:calc(100%);\" data-animationtype=\"fadeInLeft\" data-animationduration=\"0.3\" data-animationoffset=\"top-into-view\" target=\"_self\" title=\"Jetzt spenden\" aria-label=\"Jetzt spenden\" href=\"https:\/\/handinhand.info\/wp-content\/uploads\/2025\/09\/Dok_Mitgliedsantrag2022.pdf\"><i class=\"fa-arrow-alt-circle-right fas awb-button__icon awb-button__icon--default button-icon-left\" aria-hidden=\"true\"><\/i><span class=\"fusion-button-text awb-button__text awb-button__text--default\">Ich m\u00f6chte Mitglied werden.<\/span><\/a><\/div><div class=\"fusion-text fusion-text-2\"><h5>Mitgliederversammlung<\/h5>\n<p>Einmal j\u00e4hrlich findet eine Mitgliederversammlung des Vereins, zur Information der Mitglieder und G\u00e4ste, \u00fcber die geleistete Arbeit des Vorjahres statt.<\/p>\n<p>Treffpunkt ist in der Regel im Gemeindezentrum von St. Josef in Egelsbach, Mainstr. 15, 63329 Egelsbach.<\/p>\n<p>Meistens beginnt die Mitgliederversammlung mit einem Diavortrag, denn die geleistet Arbeit des Jahres, anhand von Bildern zu erl\u00e4utern, bringt uns Indien ganz nahe und zeigt anschaulich WIE und WO Spendengeld angekommen ist.<\/p>\n<p>Mit Kaffee und Kuchen beginnen wir ab 16:00 Uhr. Zu unserer Tradition &#8222;Leben durch Teilen&#8220; geh\u00f6rt, dass jeder, der m\u00f6chte, etwas Kuchen mitbringt.<\/p>\n<p>Es ist sch\u00f6n, wenn m\u00f6glichst viele Mitglieder pers\u00f6nlich kommen und gerne auch G\u00e4ste mitbringen. Alle Informationen zum abgelaufenen Gesch\u00e4ftsjahr werden mitgeteilt und der Vorstand steht f\u00fcr alle Fragen und W\u00fcnsche gerne zur Verf\u00fcgung.<\/p>\n<\/div><div class=\"fusion-clearfix\"><\/div><\/div><\/div><\/div><\/div>","protected":false},"excerpt":{"rendered":"","protected":false},"author":1,"featured_media":0,"parent":3247,"menu_order":42,"comment_status":"closed","ping_status":"closed","template":"","meta":{"footnotes":""},"class_list":["post-3258","page","type-page","status-publish","hentry"],"yoast_head":"<!-- This site is optimized with the Yoast SEO plugin v26.0 - https:\/\/yoast.com\/wordpress\/plugins\/seo\/ -->\n<title>Mitglied werden - HANDinHAND<\/title>\n<meta name=\"robots\" content=\"index, follow, max-snippet:-1, max-image-preview:large, max-video-preview:-1\" \/>\n<link rel=\"canonical\" href=\"https:\/\/handinhand.info\/en\/spenden\/mitglied-werden\/\" \/>\n<meta property=\"og:locale\" content=\"en_GB\" \/>\n<meta property=\"og:type\" content=\"article\" \/>\n<meta property=\"og:title\" content=\"Mitglied werden - HANDinHAND\" \/>\n<meta property=\"og:url\" content=\"https:\/\/handinhand.info\/en\/spenden\/mitglied-werden\/\" \/>\n<meta property=\"og:site_name\" content=\"HANDinHAND\" \/>\n<meta property=\"article:modified_time\" content=\"2025-09-30T10:29:12+00:00\" \/>\n<meta name=\"twitter:card\" content=\"summary_large_image\" \/>\n<meta name=\"twitter:label1\" content=\"Estimated reading time\" \/>\n\t<meta name=\"twitter:data1\" content=\"2 minutes\" \/>\n<script type=\"application\/ld+json\" class=\"yoast-schema-graph\">{\"@context\":\"https:\/\/schema.org\",\"@graph\":[{\"@type\":\"WebPage\",\"@id\":\"https:\/\/handinhand.info\/spenden\/mitglied-werden\/\",\"url\":\"https:\/\/handinhand.info\/spenden\/mitglied-werden\/\",\"name\":\"Mitglied werden - HANDinHAND\",\"isPartOf\":{\"@id\":\"https:\/\/handinhand.info\/#website\"},\"datePublished\":\"2018-11-12T12:04:28+00:00\",\"dateModified\":\"2025-09-30T10:29:12+00:00\",\"breadcrumb\":{\"@id\":\"https:\/\/handinhand.info\/spenden\/mitglied-werden\/#breadcrumb\"},\"inLanguage\":\"en-GB\",\"potentialAction\":[{\"@type\":\"ReadAction\",\"target\":[\"https:\/\/handinhand.info\/spenden\/mitglied-werden\/\"]}]},{\"@type\":\"BreadcrumbList\",\"@id\":\"https:\/\/handinhand.info\/spenden\/mitglied-werden\/#breadcrumb\",\"itemListElement\":[{\"@type\":\"ListItem\",\"position\":1,\"name\":\"Startseite\",\"item\":\"https:\/\/handinhand.info\/\"},{\"@type\":\"ListItem\",\"position\":2,\"name\":\"SPENDEN f\u00fcr Menschen in Indien\",\"item\":\"https:\/\/handinhand.info\/spenden\/\"},{\"@type\":\"ListItem\",\"position\":3,\"name\":\"Mitglied werden\"}]},{\"@type\":\"WebSite\",\"@id\":\"https:\/\/handinhand.info\/#website\",\"url\":\"https:\/\/handinhand.info\/\",\"name\":\"HANDinHAND\",\"description\":\"Hilfe zur Selbsthilfe in Indien\",\"potentialAction\":[{\"@type\":\"SearchAction\",\"target\":{\"@type\":\"EntryPoint\",\"urlTemplate\":\"https:\/\/handinhand.info\/?s={search_term_string}\"},\"query-input\":{\"@type\":\"PropertyValueSpecification\",\"valueRequired\":true,\"valueName\":\"search_term_string\"}}],\"inLanguage\":\"en-GB\"}]}<\/script>\n<!-- \/ Yoast SEO plugin. -->","yoast_head_json":{"title":"Mitglied werden - HANDinHAND","robots":{"index":"index","follow":"follow","max-snippet":"max-snippet:-1","max-image-preview":"max-image-preview:large","max-video-preview":"max-video-preview:-1"},"canonical":"https:\/\/handinhand.info\/en\/spenden\/mitglied-werden\/","og_locale":"en_GB","og_type":"article","og_title":"Mitglied werden - HANDinHAND","og_url":"https:\/\/handinhand.info\/en\/spenden\/mitglied-werden\/","og_site_name":"HANDinHAND","article_modified_time":"2025-09-30T10:29:12+00:00","twitter_card":"summary_large_image","twitter_misc":{"Estimated reading time":"2 minutes"},"schema":{"@context":"https:\/\/schema.org","@graph":[{"@type":"WebPage","@id":"https:\/\/handinhand.info\/spenden\/mitglied-werden\/","url":"https:\/\/handinhand.info\/spenden\/mitglied-werden\/","name":"Mitglied werden - HANDinHAND","isPartOf":{"@id":"https:\/\/handinhand.info\/#website"},"datePublished":"2018-11-12T12:04:28+00:00","dateModified":"2025-09-30T10:29:12+00:00","breadcrumb":{"@id":"https:\/\/handinhand.info\/spenden\/mitglied-werden\/#breadcrumb"},"inLanguage":"en-GB","potentialAction":[{"@type":"ReadAction","target":["https:\/\/handinhand.info\/spenden\/mitglied-werden\/"]}]},{"@type":"BreadcrumbList","@id":"https:\/\/handinhand.info\/spenden\/mitglied-werden\/#breadcrumb","itemListElement":[{"@type":"ListItem","position":1,"name":"Startseite","item":"https:\/\/handinhand.info\/"},{"@type":"ListItem","position":2,"name":"SPENDEN f\u00fcr Menschen in Indien","item":"https:\/\/handinhand.info\/spenden\/"},{"@type":"ListItem","position":3,"name":"Mitglied werden"}]},{"@type":"WebSite","@id":"https:\/\/handinhand.info\/#website","url":"https:\/\/handinhand.info\/","name":"HANDinHAND","description":"Hilfe zur Selbsthilfe in Indien","potentialAction":[{"@type":"SearchAction","target":{"@type":"EntryPoint","urlTemplate":"https:\/\/handinhand.info\/?s={search_term_string}"},"query-input":{"@type":"PropertyValueSpecification","valueRequired":true,"valueName":"search_term_string"}}],"inLanguage":"en-GB"}]}},"_links":{"self":[{"href":"https:\/\/handinhand.info\/en\/wp-json\/wp\/v2\/pages\/3258","targetHints":{"allow":["GET"]}}],"collection":[{"href":"https:\/\/handinhand.info\/en\/wp-json\/wp\/v2\/pages"}],"about":[{"href":"https:\/\/handinhand.info\/en\/wp-json\/wp\/v2\/types\/page"}],"author":[{"embeddable":true,"href":"https:\/\/handinhand.info\/en\/wp-json\/wp\/v2\/users\/1"}],"replies":[{"embeddable":true,"href":"https:\/\/handinhand.info\/en\/wp-json\/wp\/v2\/comments?post=3258"}],"version-history":[{"count":0,"href":"https:\/\/handinhand.info\/en\/wp-json\/wp\/v2\/pages\/3258\/revisions"}],"up":[{"embeddable":true,"href":"https:\/\/handinhand.info\/en\/wp-json\/wp\/v2\/pages\/3247"}],"wp:attachment":[{"href":"https:\/\/handinhand.info\/en\/wp-json\/wp\/v2\/media?parent=3258"}],"curies":[{"name":"wp","href":"https:\/\/api.w.org\/{rel}","templated":true}]}}