{"id":3255,"date":"2018-11-12T13:02:49","date_gmt":"2018-11-12T12:02:49","guid":{"rendered":"https:\/\/hih-spende-statt-geschenke.de\/?page_id=3255"},"modified":"2019-04-17T11:15:46","modified_gmt":"2019-04-17T09:15:46","slug":"weitersagen","status":"publish","type":"page","link":"https:\/\/handinhand.info\/en\/spenden\/weitersagen\/","title":{"rendered":"Weitersagen"},"content":{"rendered":"<div class=\"fusion-fullwidth fullwidth-box fusion-builder-row-1 nonhundred-percent-fullwidth non-hundred-percent-height-scrolling\" style=\"--awb-border-radius-top-left:0px;--awb-border-radius-top-right:0px;--awb-border-radius-bottom-right:0px;--awb-border-radius-bottom-left:0px;--awb-flex-wrap:wrap;\" ><div class=\"fusion-builder-row fusion-row\"><div class=\"fusion-layout-column fusion_builder_column fusion-builder-column-0 fusion_builder_column_1_1 1_1 fusion-one-full fusion-column-first fusion-column-last\" style=\"--awb-bg-size:cover;\"><div class=\"fusion-column-wrapper fusion-flex-column-wrapper-legacy\"><div class=\"fusion-text fusion-text-1\"><h3>Weitersagen<\/h3>\n<p>Unser Engagement bei HANDinHAND ist ehrenamtlich. S\u00e4mtliche Reisekosten nach Indien tragen wir grunds\u00e4tzlich selbst, damit Spendengeld dort und daf\u00fcr verwendet werden kann, wo es dringend gebraucht wird. Wir freuen uns dar\u00fcber, wenn uns jemand unterst\u00fctzen und helfen will. Leben durch Teilen &#8211; auch nur f\u00fcr eine begrenzte Zeit oder mit einem einzelnen Engagement &#8211; das k\u00f6nnte bedeuten:<\/p>\n<ul>\n<li>Sie haben eine Idee f\u00fcr eine Aktion (in Gemeinden, Schulen, Gruppen, Vereinen, bei einem Fest, bei einem Jubil\u00e4um wie z.B. einem runden Geburtstag, bei einer Hochzeit, bei einem Trauerfall usw.) zugunsten von Menschen in Not in Indien. Ein konkretes Projekt in Indien schlagen wir Ihnen gerne vor und unterst\u00fctzen Sie bei der Durchf\u00fchrung mit Material, Bildern und Infos \u00fcber HANDinHAND.<\/li>\n<li>Sie k\u00f6nnen helfen beim Transport von Hilfsg\u00fctern nach Indien, wie z.B. Binden f\u00fcr unsere Leprastation, Kleider f\u00fcr Bed\u00fcrftige, Materialien f\u00fcr unser Kinderheim, wenn Sie aus Berufsgr\u00fcnden einmal oder regelm\u00e4\u00dfig nach Indien fliegen und noch etwas Platz im eigenen Gep\u00e4ck haben oder einen weiteren Koffer mitnehmen k\u00f6nnen. Nehmen Sie etwa einen Monat vorher mit uns Kontakt auf&#8230;<\/li>\n<li>Sie haben Talente und F\u00e4higkeiten, die unsere Arbeit unterst\u00fctzen ? Zum Beispiel k\u00f6nnen Sie uns helfen beim \u00dcbersetzen von Briefen und Texten (englisch- deutsch und deutsch-englisch).<\/li>\n<li>Sie finden unsere Arbeit gut und machen Werbung f\u00fcr HANDinHAND in Ihrem Freundes- und Bekanntenkreis. Gerne geben wir Ihnen unser aktuelles Rundschreiben auch in gr\u00f6sserer Zahl zum Auslegen oder Weitergeben. Oder setzen Sie einen Link in Ihre eigene Homepage, damit weiter bekannt wird, was HANDinHAND tut.<\/li>\n<\/ul>\n<p><span style=\"color: #9e183e;\"><strong>Sprechen Sie uns an !<\/strong><\/span><\/p>\n<\/div><div class=\"fusion-clearfix\"><\/div><\/div><\/div><\/div><\/div>","protected":false},"excerpt":{"rendered":"","protected":false},"author":1,"featured_media":0,"parent":3247,"menu_order":41,"comment_status":"closed","ping_status":"closed","template":"","meta":{"footnotes":""},"class_list":["post-3255","page","type-page","status-publish","hentry"],"yoast_head":"<!-- This site is optimized with the Yoast SEO plugin v27.4 - https:\/\/yoast.com\/product\/yoast-seo-wordpress\/ -->\n<title>Weitersagen - HANDinHAND<\/title>\n<meta name=\"robots\" content=\"index, follow, max-snippet:-1, max-image-preview:large, max-video-preview:-1\" \/>\n<link rel=\"canonical\" href=\"https:\/\/handinhand.info\/en\/spenden\/weitersagen\/\" \/>\n<meta property=\"og:locale\" content=\"en_GB\" \/>\n<meta property=\"og:type\" content=\"article\" \/>\n<meta property=\"og:title\" content=\"Weitersagen - HANDinHAND\" \/>\n<meta property=\"og:url\" content=\"https:\/\/handinhand.info\/en\/spenden\/weitersagen\/\" \/>\n<meta property=\"og:site_name\" content=\"HANDinHAND\" \/>\n<meta property=\"article:modified_time\" content=\"2019-04-17T09:15:46+00:00\" \/>\n<meta name=\"twitter:card\" content=\"summary_large_image\" \/>\n<meta name=\"twitter:label1\" content=\"Estimated reading time\" \/>\n\t<meta name=\"twitter:data1\" content=\"2 minutes\" \/>\n<script type=\"application\/ld+json\" class=\"yoast-schema-graph\">{\"@context\":\"https:\\\/\\\/schema.org\",\"@graph\":[{\"@type\":\"WebPage\",\"@id\":\"https:\\\/\\\/handinhand.info\\\/spenden\\\/weitersagen\\\/\",\"url\":\"https:\\\/\\\/handinhand.info\\\/spenden\\\/weitersagen\\\/\",\"name\":\"Weitersagen - HANDinHAND\",\"isPartOf\":{\"@id\":\"https:\\\/\\\/handinhand.info\\\/#website\"},\"datePublished\":\"2018-11-12T12:02:49+00:00\",\"dateModified\":\"2019-04-17T09:15:46+00:00\",\"breadcrumb\":{\"@id\":\"https:\\\/\\\/handinhand.info\\\/spenden\\\/weitersagen\\\/#breadcrumb\"},\"inLanguage\":\"en-GB\",\"potentialAction\":[{\"@type\":\"ReadAction\",\"target\":[\"https:\\\/\\\/handinhand.info\\\/spenden\\\/weitersagen\\\/\"]}]},{\"@type\":\"BreadcrumbList\",\"@id\":\"https:\\\/\\\/handinhand.info\\\/spenden\\\/weitersagen\\\/#breadcrumb\",\"itemListElement\":[{\"@type\":\"ListItem\",\"position\":1,\"name\":\"Startseite\",\"item\":\"https:\\\/\\\/handinhand.info\\\/\"},{\"@type\":\"ListItem\",\"position\":2,\"name\":\"SPENDEN f\u00fcr Menschen in Indien\",\"item\":\"https:\\\/\\\/handinhand.info\\\/spenden\\\/\"},{\"@type\":\"ListItem\",\"position\":3,\"name\":\"Weitersagen\"}]},{\"@type\":\"WebSite\",\"@id\":\"https:\\\/\\\/handinhand.info\\\/#website\",\"url\":\"https:\\\/\\\/handinhand.info\\\/\",\"name\":\"HANDinHAND\",\"description\":\"Hilfe zur Selbsthilfe in Indien\",\"potentialAction\":[{\"@type\":\"SearchAction\",\"target\":{\"@type\":\"EntryPoint\",\"urlTemplate\":\"https:\\\/\\\/handinhand.info\\\/?s={search_term_string}\"},\"query-input\":{\"@type\":\"PropertyValueSpecification\",\"valueRequired\":true,\"valueName\":\"search_term_string\"}}],\"inLanguage\":\"en-GB\"}]}<\/script>\n<!-- \/ Yoast SEO plugin. -->","yoast_head_json":{"title":"Weitersagen - HANDinHAND","robots":{"index":"index","follow":"follow","max-snippet":"max-snippet:-1","max-image-preview":"max-image-preview:large","max-video-preview":"max-video-preview:-1"},"canonical":"https:\/\/handinhand.info\/en\/spenden\/weitersagen\/","og_locale":"en_GB","og_type":"article","og_title":"Weitersagen - HANDinHAND","og_url":"https:\/\/handinhand.info\/en\/spenden\/weitersagen\/","og_site_name":"HANDinHAND","article_modified_time":"2019-04-17T09:15:46+00:00","twitter_card":"summary_large_image","twitter_misc":{"Estimated reading time":"2 minutes"},"schema":{"@context":"https:\/\/schema.org","@graph":[{"@type":"WebPage","@id":"https:\/\/handinhand.info\/spenden\/weitersagen\/","url":"https:\/\/handinhand.info\/spenden\/weitersagen\/","name":"Weitersagen - HANDinHAND","isPartOf":{"@id":"https:\/\/handinhand.info\/#website"},"datePublished":"2018-11-12T12:02:49+00:00","dateModified":"2019-04-17T09:15:46+00:00","breadcrumb":{"@id":"https:\/\/handinhand.info\/spenden\/weitersagen\/#breadcrumb"},"inLanguage":"en-GB","potentialAction":[{"@type":"ReadAction","target":["https:\/\/handinhand.info\/spenden\/weitersagen\/"]}]},{"@type":"BreadcrumbList","@id":"https:\/\/handinhand.info\/spenden\/weitersagen\/#breadcrumb","itemListElement":[{"@type":"ListItem","position":1,"name":"Startseite","item":"https:\/\/handinhand.info\/"},{"@type":"ListItem","position":2,"name":"SPENDEN f\u00fcr Menschen in Indien","item":"https:\/\/handinhand.info\/spenden\/"},{"@type":"ListItem","position":3,"name":"Weitersagen"}]},{"@type":"WebSite","@id":"https:\/\/handinhand.info\/#website","url":"https:\/\/handinhand.info\/","name":"HANDinHAND","description":"Hilfe zur Selbsthilfe in Indien","potentialAction":[{"@type":"SearchAction","target":{"@type":"EntryPoint","urlTemplate":"https:\/\/handinhand.info\/?s={search_term_string}"},"query-input":{"@type":"PropertyValueSpecification","valueRequired":true,"valueName":"search_term_string"}}],"inLanguage":"en-GB"}]}},"_links":{"self":[{"href":"https:\/\/handinhand.info\/en\/wp-json\/wp\/v2\/pages\/3255","targetHints":{"allow":["GET"]}}],"collection":[{"href":"https:\/\/handinhand.info\/en\/wp-json\/wp\/v2\/pages"}],"about":[{"href":"https:\/\/handinhand.info\/en\/wp-json\/wp\/v2\/types\/page"}],"author":[{"embeddable":true,"href":"https:\/\/handinhand.info\/en\/wp-json\/wp\/v2\/users\/1"}],"replies":[{"embeddable":true,"href":"https:\/\/handinhand.info\/en\/wp-json\/wp\/v2\/comments?post=3255"}],"version-history":[{"count":0,"href":"https:\/\/handinhand.info\/en\/wp-json\/wp\/v2\/pages\/3255\/revisions"}],"up":[{"embeddable":true,"href":"https:\/\/handinhand.info\/en\/wp-json\/wp\/v2\/pages\/3247"}],"wp:attachment":[{"href":"https:\/\/handinhand.info\/en\/wp-json\/wp\/v2\/media?parent=3255"}],"curies":[{"name":"wp","href":"https:\/\/api.w.org\/{rel}","templated":true}]}}