{"id":3247,"date":"2018-11-12T12:48:13","date_gmt":"2018-11-12T12:48:13","guid":{"rendered":"https:\/\/hih-spende-statt-geschenke.de\/?page_id=3247"},"modified":"2025-09-30T12:22:06","modified_gmt":"2025-09-30T10:22:06","slug":"spenden","status":"publish","type":"page","link":"https:\/\/handinhand.info\/en\/spenden\/","title":{"rendered":"SPENDEN f\u00fcr Menschen in Indien"},"content":{"rendered":"<p><div class=\"fusion-fullwidth fullwidth-box fusion-builder-row-1 nonhundred-percent-fullwidth non-hundred-percent-height-scrolling\" style=\"--awb-border-radius-top-left:0px;--awb-border-radius-top-right:0px;--awb-border-radius-bottom-right:0px;--awb-border-radius-bottom-left:0px;--awb-flex-wrap:wrap;\" ><div class=\"fusion-builder-row fusion-row\"><div class=\"fusion-layout-column fusion_builder_column fusion-builder-column-0 fusion_builder_column_1_1 1_1 fusion-one-full fusion-column-first fusion-column-last\" style=\"--awb-bg-size:cover;\"><div class=\"fusion-column-wrapper fusion-flex-column-wrapper-legacy\"><div class=\"fusion-text fusion-text-1\"><h1>Aktiv Spenden<\/h1>\n<h3><a href=\"https:\/\/handinhand.info\/en\/spenden-formular\/\"><span style=\"color: #9e183e;\">Per Online-Formular spenden<\/span><\/a><\/h3>\n<p><a href=\"https:\/\/handinhand.info\/en\/spenden-formular\/\">Hier klicken, um zum Online-Formular zu gelangen.<\/a><\/p>\n<p><a href=\"https:\/\/handinhand.info\/en\/spenden-formular\/\"><img decoding=\"async\" class=\"lazyload alignnone wp-image-3639\" src=\"data:image\/svg+xml,%3Csvg%20xmlns%3D%27http%3A%2F%2Fwww.w3.org%2F2000%2Fsvg%27%20width%3D%27295%27%20height%3D%27153%27%20viewBox%3D%270%200%20295%20153%27%3E%3Crect%20width%3D%27295%27%20height%3D%27153%27%20fill-opacity%3D%220%22%2F%3E%3C%2Fsvg%3E\" data-orig-src=\"https:\/\/handinhand.info\/wp-content\/uploads\/Online-Formular-Foto.png\" alt=\"\" width=\"295\" height=\"153\" \/><\/a><\/p>\n<\/div><div class=\"fusion-clearfix\"><\/div><\/div><\/div><div class=\"fusion-layout-column fusion_builder_column fusion-builder-column-1 fusion_builder_column_1_1 1_1 fusion-one-full fusion-column-first fusion-column-last\" style=\"--awb-bg-size:cover;\"><div class=\"fusion-column-wrapper fusion-flex-column-wrapper-legacy\"><div class=\"fusion-text fusion-text-2\"><h3><span style=\"color: #9e183e;\">Per \u00dcberweisung spenden<\/span><\/h3>\n<p>Spendenkonto<br \/>\nKreditinstitut: PAX-Bank<\/p>\n<p>IBAN: DE57 3706 0193 4003 1110 11<\/p>\n<p>BIC: GENODED1PAX<\/p>\n<h3><\/h3>\n<h3><span style=\"color: #9e183e;\">Wichtige Hinweise:<\/span><\/h3>\n<p><strong>1. Bitte bei jeder Spende mit angeben<\/strong><\/p>\n<p>Bei Einzahlungen bitte unbedingt die Spendernummer (wenn vorhanden) und den <strong>Namen<\/strong> und die <strong>Adresse<\/strong> mit angeben.<\/p>\n<p>Wollen Sie f\u00fcr ein bestimmtes Projekt spenden, denken Sie bitte daran zus\u00e4tzlich auch noch die <strong>Projektnummer<\/strong> mit anzugeben.<\/p>\n<p><strong>2. Spendenbescheinigung<\/strong><\/p>\n<p>F\u00fcr Ihre Steuererkl\u00e4rung erhalten Sie im Februar des folgenden Jahres eine Zuwendungsbest\u00e4tigung \u00fcber all Ihre Spenden des Vorjahres an HANDinHAND. Sollten Sie keine Bescheinigung ben\u00f6tigen, bitten wir um Mitteilung. So helfen Sie uns beim Porto-Sparen.<\/p>\n<p><strong>3. Steuern sparen<\/strong><\/p>\n<p>Bitte beachten Sie, dass HANDinHAND im Sinne der Abgabenordnung (\u00a753 AO) als mildt\u00e4tig anerkannt ist. Mit Ihrer Spende an uns k\u00f6nnen Sie bis zu 20% Ihrer einkommensteuerpflichtigen Jahresbez\u00fcge absetzen.<\/p>\n<p><strong>4. Keine Bankgeb\u00fchren<\/strong><\/p>\n<p>F\u00fcr Spenden an mildt\u00e4tige Organisationen d\u00fcrfen von den Banken keine Geb\u00fchren erhoben werden. Bitte weisen Sie ggf. bei Ihrem Geldinstitut auf diese Sonderregelung hin.<\/p>\n<p>F\u00fcr jede Spende sagen wir ein herzliches Dankesch\u00f6n. Wie gut, wenn sie mit Ihrem Geld helfen, Not zu lindern und dazu beitragen, den Reichtum dieser Erde etwas gerechter zu verteilen.<\/p>\n<p>Ich will mehr \u00fcber die Mitgliedschaft erfahren<\/p>\n<h3><span style=\"color: #993366;\"><b><span style=\"color: #9e183e;\">Hinweis Spendenbest\u00e4tigungen:<\/span>\u00a0<\/b><\/span><\/h3>\n<p>Mit dem Gesetz zur Modernisierung des Besteuerungsverfahrens (StModernG) wurde die elektronische \u00dcbersendung von Spendenbescheinigungen als schreibgesch\u00fctztes PDF anerkannt. HANDinHAND e.V. ist sehr darauf bedacht, die Verwaltungs\u00adausgaben so gering wie m\u00f6glich zu halten.<\/p>\n<p>F\u00fcr die elektronische \u00dcbermittlung von Spendenbescheinigungen bitten wir Sie, uns Ihre E-Mail-Adresse via\u00a0<a href=\"mailto:info@handinhand.info\" target=\"_blank\" rel=\"noopener noreferrer\">info@handinhand.info<\/a>\u00a0mitzuteilen \/ zu best\u00e4tigen. Ihre Daten werden mit einer SSL-Verschl\u00fcsselung \u00fcbertragen. F\u00fcr Spenden\u00adsummen unter 200,00 Euro erkennt das Finanzamt Ihren Einzahlungs- oder \u00dcberweisungsbeleg auch in Kombination mit dem Kontoauszug an.<\/p>\n<\/div><div class=\"fusion-clearfix\"><\/div><\/div><\/div><\/div><\/div><div class=\"fusion-fullwidth fullwidth-box fusion-builder-row-2 nonhundred-percent-fullwidth non-hundred-percent-height-scrolling\" style=\"--awb-border-radius-top-left:0px;--awb-border-radius-top-right:0px;--awb-border-radius-bottom-right:0px;--awb-border-radius-bottom-left:0px;--awb-flex-wrap:wrap;\" ><div class=\"fusion-builder-row fusion-row\"><div class=\"fusion-layout-column fusion_builder_column fusion-builder-column-2 fusion_builder_column_1_1 1_1 fusion-one-full fusion-column-first fusion-column-last\" style=\"--awb-bg-size:cover;\"><div class=\"fusion-column-wrapper fusion-flex-column-wrapper-legacy\"><div class=\"fusion-clearfix\"><\/div><\/div><\/div><\/div><\/div><div class=\"fusion-fullwidth fullwidth-box fusion-builder-row-3 nonhundred-percent-fullwidth non-hundred-percent-height-scrolling\" style=\"--awb-border-radius-top-left:0px;--awb-border-radius-top-right:0px;--awb-border-radius-bottom-right:0px;--awb-border-radius-bottom-left:0px;--awb-flex-wrap:wrap;\" ><div class=\"fusion-builder-row fusion-row\"><div class=\"fusion-layout-column fusion_builder_column fusion-builder-column-3 fusion_builder_column_1_1 1_1 fusion-one-full fusion-column-first fusion-column-last\" style=\"--awb-bg-size:cover;\"><div class=\"fusion-column-wrapper fusion-flex-column-wrapper-legacy\"><div class=\"fusion-sep-clear\"><\/div><div class=\"fusion-separator fusion-full-width-sep\" style=\"margin-left: auto;margin-right: auto;width:100%;\"><div class=\"fusion-separator-border sep-single\" style=\"--awb-height:20px;--awb-amount:20px;--awb-sep-color:#25699e;border-color:#25699e;border-top-width:1px;\"><\/div><\/div><div class=\"fusion-sep-clear\"><\/div><div class=\"fusion-clearfix\"><\/div><\/div><\/div><\/div><\/div><div class=\"fusion-fullwidth fullwidth-box fusion-builder-row-4 nonhundred-percent-fullwidth non-hundred-percent-height-scrolling\" style=\"--awb-border-radius-top-left:0px;--awb-border-radius-top-right:0px;--awb-border-radius-bottom-right:0px;--awb-border-radius-bottom-left:0px;--awb-flex-wrap:wrap;\" id=\"sokommtihrgeldan\" ><div class=\"fusion-builder-row fusion-row\"><div class=\"fusion-layout-column fusion_builder_column fusion-builder-column-4 fusion_builder_column_1_1 1_1 fusion-one-full fusion-column-first fusion-column-last\" style=\"--awb-bg-size:cover;\"><div class=\"fusion-column-wrapper fusion-flex-column-wrapper-legacy\"><div class=\"fusion-text fusion-text-3\"><h2>So kommt Ihr Geld an<\/h2>\n<\/div><div class=\"fusion-text fusion-text-4\"><h1><img decoding=\"async\" class=\"lazyload alignnone size-full wp-image-3218\" src=\"https:\/\/hih-spende-statt-geschenke.de\/wp-content\/uploads\/Grafik_HiH-Spendenkreislauf.jpg\" data-orig-src=\"https:\/\/hih-spende-statt-geschenke.de\/wp-content\/uploads\/Grafik_HiH-Spendenkreislauf.jpg\" alt=\"\" width=\"807\" height=\"375\" srcset=\"data:image\/svg+xml,%3Csvg%20xmlns%3D%27http%3A%2F%2Fwww.w3.org%2F2000%2Fsvg%27%20width%3D%27807%27%20height%3D%27375%27%20viewBox%3D%270%200%20807%20375%27%3E%3Crect%20width%3D%27807%27%20height%3D%27375%27%20fill-opacity%3D%220%22%2F%3E%3C%2Fsvg%3E\" data-srcset=\"https:\/\/handinhand.info\/wp-content\/uploads\/Grafik_HiH-Spendenkreislauf-200x93.jpg 200w, https:\/\/handinhand.info\/wp-content\/uploads\/Grafik_HiH-Spendenkreislauf-300x139.jpg 300w, https:\/\/handinhand.info\/wp-content\/uploads\/Grafik_HiH-Spendenkreislauf-400x186.jpg 400w, https:\/\/handinhand.info\/wp-content\/uploads\/Grafik_HiH-Spendenkreislauf-600x279.jpg 600w, https:\/\/handinhand.info\/wp-content\/uploads\/Grafik_HiH-Spendenkreislauf-768x357.jpg 768w, https:\/\/handinhand.info\/wp-content\/uploads\/Grafik_HiH-Spendenkreislauf-800x372.jpg 800w, https:\/\/handinhand.info\/wp-content\/uploads\/Grafik_HiH-Spendenkreislauf.jpg 807w\" data-sizes=\"auto\" data-orig-sizes=\"(max-width: 807px) 100vw, 807px\" \/><\/h1>\n<\/div><div class=\"fusion-clearfix\"><\/div><\/div><\/div><\/div><\/div><div class=\"fusion-fullwidth fullwidth-box fusion-builder-row-5 nonhundred-percent-fullwidth non-hundred-percent-height-scrolling\" style=\"--awb-border-radius-top-left:0px;--awb-border-radius-top-right:0px;--awb-border-radius-bottom-right:0px;--awb-border-radius-bottom-left:0px;--awb-flex-wrap:wrap;\" ><div class=\"fusion-builder-row fusion-row\"><div class=\"fusion-layout-column fusion_builder_column fusion-builder-column-5 fusion_builder_column_1_1 1_1 fusion-one-full fusion-column-first fusion-column-last\" style=\"--awb-bg-size:cover;\"><div class=\"fusion-column-wrapper fusion-flex-column-wrapper-legacy\"><div class=\"fusion-sep-clear\"><\/div><div class=\"fusion-separator fusion-full-width-sep\" style=\"margin-left: auto;margin-right: auto;width:100%;\"><div class=\"fusion-separator-border sep-single\" style=\"--awb-height:20px;--awb-amount:20px;--awb-sep-color:#25699e;border-color:#25699e;border-top-width:1px;\"><\/div><\/div><div class=\"fusion-sep-clear\"><\/div><div class=\"fusion-clearfix\"><\/div><\/div><\/div><\/div><\/div><div class=\"fusion-fullwidth fullwidth-box fusion-builder-row-6 nonhundred-percent-fullwidth non-hundred-percent-height-scrolling\" style=\"--awb-border-radius-top-left:0px;--awb-border-radius-top-right:0px;--awb-border-radius-bottom-right:0px;--awb-border-radius-bottom-left:0px;--awb-flex-wrap:wrap;\" ><div class=\"fusion-builder-row fusion-row\"><div class=\"fusion-layout-column fusion_builder_column fusion-builder-column-6 fusion_builder_column_1_1 1_1 fusion-one-full fusion-column-first fusion-column-last\" style=\"--awb-bg-size:cover;\"><div class=\"fusion-column-wrapper fusion-flex-column-wrapper-legacy\"><div class=\"fusion-text fusion-text-5\"><h2>Adonate &#8211; Shoppen und spenden<\/h2>\n<\/div><div class=\"fusion-text fusion-text-6\"><p>Darmst\u00e4dter Studenten haben eine Plattform im Netz gegr\u00fcndet. Nun kann mit einem Klick, vor jedem Interneteinkauf, indirekt gespendet werden.<\/p>\n<p>Unter <a href=\"http:\/\/www.adonate.de\/index2.php\" target=\"_blank\" rel=\"noopener noreferrer\">www.adonate.de<\/a> k\u00f6nnen sie ganz direkt nachlesen wie dies funktioniert und nutzen.<\/p>\n<p>Die Idee dahinter: Werbung mit einem karitativen Zweck verbinden.<\/p>\n<p>Zusammen mit zwei befreundeten Studenten entstand adonate (engl. &#8222;to donate&#8220; auf deutsch spenden). Die neue Plattform ist mit gro\u00dfen Onlineh\u00e4ndlern verkn\u00fcpft und fungiert nun als Vermittler. Klickt man \u00fcber die adonate-Seite auf ein H\u00e4ndler-Logo gelangt man ganz normal zum Einkaufsportal.<\/p>\n<p>Im Hintergrund merkt sich der Onlineh\u00e4ndler, dass \u00fcber adonate eingekauft wurde und \u00fcberwei\u00dft eine Vermittlungsgeb\u00fchr an adonate. Jeden Monat k\u00f6nnen die Nutzer abstimmen, an welche Hilfsorganisation das Spendengeld flie\u00dfen soll, die Organisation mit den meisten &#8222;Votes&#8220; erh\u00e4lt dann den Zuschlag und die Spende des Monats.<\/p>\n<p>Wir haben Kontakt mit Jegan Sivalingam aus Sri Lanka aufgenommen und so wird HANDinHAND in die Liste der Organisatoren aufgenommen, die von den Spendengeldern unterst\u00fctzt werden wird.<\/p>\n<\/div><div class=\"fusion-clearfix\"><\/div><\/div><\/div><\/div><\/div><div class=\"fusion-fullwidth fullwidth-box fusion-builder-row-7 nonhundred-percent-fullwidth non-hundred-percent-height-scrolling\" style=\"--awb-border-radius-top-left:0px;--awb-border-radius-top-right:0px;--awb-border-radius-bottom-right:0px;--awb-border-radius-bottom-left:0px;--awb-flex-wrap:wrap;\" ><div class=\"fusion-builder-row fusion-row\"><div class=\"fusion-layout-column fusion_builder_column fusion-builder-column-7 fusion_builder_column_1_1 1_1 fusion-one-full fusion-column-first fusion-column-last\" style=\"--awb-bg-size:cover;\"><div class=\"fusion-column-wrapper fusion-flex-column-wrapper-legacy\"><div class=\"fusion-text fusion-text-7\"><h1>Aktiv Spenden<\/h1>\n<h3><a href=\"https:\/\/handinhand.info\/en\/spenden-formular\/\"><span style=\"color: #9e183e;\">Per Online-Formular spenden<\/span><\/a><\/h3>\n<p><a href=\"https:\/\/handinhand.info\/en\/spenden-formular\/\">Hier klicken, um zum Online-Formular zu gelangen.<\/a><\/p>\n<p><a href=\"https:\/\/handinhand.info\/en\/spenden-formular\/\"><img decoding=\"async\" class=\"lazyload alignnone wp-image-3639\" src=\"data:image\/svg+xml,%3Csvg%20xmlns%3D%27http%3A%2F%2Fwww.w3.org%2F2000%2Fsvg%27%20width%3D%27295%27%20height%3D%27153%27%20viewBox%3D%270%200%20295%20153%27%3E%3Crect%20width%3D%27295%27%20height%3D%27153%27%20fill-opacity%3D%220%22%2F%3E%3C%2Fsvg%3E\" data-orig-src=\"https:\/\/handinhand.info\/wp-content\/uploads\/Online-Formular-Foto.png\" alt=\"\" width=\"295\" height=\"153\" \/><\/a><\/p>\n<\/div><div class=\"fusion-clearfix\"><\/div><\/div><\/div><\/div><\/div><\/p>","protected":false},"excerpt":{"rendered":"","protected":false},"author":1,"featured_media":0,"parent":0,"menu_order":40,"comment_status":"closed","ping_status":"closed","template":"","meta":{"footnotes":""},"class_list":["post-3247","page","type-page","status-publish","hentry"],"yoast_head":"<!-- This site is optimized with the Yoast SEO plugin v26.0 - https:\/\/yoast.com\/wordpress\/plugins\/seo\/ -->\n<title>SPENDEN f\u00fcr Menschen in Indien - HANDinHAND<\/title>\n<meta name=\"robots\" content=\"index, follow, max-snippet:-1, max-image-preview:large, max-video-preview:-1\" \/>\n<link rel=\"canonical\" href=\"https:\/\/handinhand.info\/en\/spenden\/\" \/>\n<meta property=\"og:locale\" content=\"en_GB\" \/>\n<meta property=\"og:type\" content=\"article\" \/>\n<meta property=\"og:title\" content=\"SPENDEN f\u00fcr Menschen in Indien - HANDinHAND\" \/>\n<meta property=\"og:url\" content=\"https:\/\/handinhand.info\/en\/spenden\/\" \/>\n<meta property=\"og:site_name\" content=\"HANDinHAND\" \/>\n<meta property=\"article:modified_time\" content=\"2025-09-30T10:22:06+00:00\" \/>\n<meta property=\"og:image\" content=\"https:\/\/handinhand.info\/wp-content\/uploads\/Online-Formular-Foto.png\" \/>\n<meta name=\"twitter:card\" content=\"summary_large_image\" \/>\n<meta name=\"twitter:label1\" content=\"Estimated reading time\" \/>\n\t<meta name=\"twitter:data1\" content=\"4 minutes\" \/>\n<script type=\"application\/ld+json\" class=\"yoast-schema-graph\">{\"@context\":\"https:\/\/schema.org\",\"@graph\":[{\"@type\":\"WebPage\",\"@id\":\"https:\/\/handinhand.info\/spenden\/\",\"url\":\"https:\/\/handinhand.info\/spenden\/\",\"name\":\"SPENDEN f\u00fcr Menschen in Indien - HANDinHAND\",\"isPartOf\":{\"@id\":\"https:\/\/handinhand.info\/#website\"},\"primaryImageOfPage\":{\"@id\":\"https:\/\/handinhand.info\/spenden\/#primaryimage\"},\"image\":{\"@id\":\"https:\/\/handinhand.info\/spenden\/#primaryimage\"},\"thumbnailUrl\":\"https:\/\/handinhand.info\/wp-content\/uploads\/Online-Formular-Foto.png\",\"datePublished\":\"2018-11-12T12:48:13+00:00\",\"dateModified\":\"2025-09-30T10:22:06+00:00\",\"breadcrumb\":{\"@id\":\"https:\/\/handinhand.info\/spenden\/#breadcrumb\"},\"inLanguage\":\"en-GB\",\"potentialAction\":[{\"@type\":\"ReadAction\",\"target\":[\"https:\/\/handinhand.info\/spenden\/\"]}]},{\"@type\":\"ImageObject\",\"inLanguage\":\"en-GB\",\"@id\":\"https:\/\/handinhand.info\/spenden\/#primaryimage\",\"url\":\"https:\/\/handinhand.info\/wp-content\/uploads\/Online-Formular-Foto.png\",\"contentUrl\":\"https:\/\/handinhand.info\/wp-content\/uploads\/Online-Formular-Foto.png\"},{\"@type\":\"BreadcrumbList\",\"@id\":\"https:\/\/handinhand.info\/spenden\/#breadcrumb\",\"itemListElement\":[{\"@type\":\"ListItem\",\"position\":1,\"name\":\"Startseite\",\"item\":\"https:\/\/handinhand.info\/\"},{\"@type\":\"ListItem\",\"position\":2,\"name\":\"SPENDEN f\u00fcr Menschen in Indien\"}]},{\"@type\":\"WebSite\",\"@id\":\"https:\/\/handinhand.info\/#website\",\"url\":\"https:\/\/handinhand.info\/\",\"name\":\"HANDinHAND\",\"description\":\"Hilfe zur Selbsthilfe in Indien\",\"potentialAction\":[{\"@type\":\"SearchAction\",\"target\":{\"@type\":\"EntryPoint\",\"urlTemplate\":\"https:\/\/handinhand.info\/?s={search_term_string}\"},\"query-input\":{\"@type\":\"PropertyValueSpecification\",\"valueRequired\":true,\"valueName\":\"search_term_string\"}}],\"inLanguage\":\"en-GB\"}]}<\/script>\n<!-- \/ Yoast SEO plugin. -->","yoast_head_json":{"title":"SPENDEN f\u00fcr Menschen in Indien - HANDinHAND","robots":{"index":"index","follow":"follow","max-snippet":"max-snippet:-1","max-image-preview":"max-image-preview:large","max-video-preview":"max-video-preview:-1"},"canonical":"https:\/\/handinhand.info\/en\/spenden\/","og_locale":"en_GB","og_type":"article","og_title":"SPENDEN f\u00fcr Menschen in Indien - HANDinHAND","og_url":"https:\/\/handinhand.info\/en\/spenden\/","og_site_name":"HANDinHAND","article_modified_time":"2025-09-30T10:22:06+00:00","og_image":[{"url":"https:\/\/handinhand.info\/wp-content\/uploads\/Online-Formular-Foto.png","type":"","width":"","height":""}],"twitter_card":"summary_large_image","twitter_misc":{"Estimated reading time":"4 minutes"},"schema":{"@context":"https:\/\/schema.org","@graph":[{"@type":"WebPage","@id":"https:\/\/handinhand.info\/spenden\/","url":"https:\/\/handinhand.info\/spenden\/","name":"SPENDEN f\u00fcr Menschen in Indien - HANDinHAND","isPartOf":{"@id":"https:\/\/handinhand.info\/#website"},"primaryImageOfPage":{"@id":"https:\/\/handinhand.info\/spenden\/#primaryimage"},"image":{"@id":"https:\/\/handinhand.info\/spenden\/#primaryimage"},"thumbnailUrl":"https:\/\/handinhand.info\/wp-content\/uploads\/Online-Formular-Foto.png","datePublished":"2018-11-12T12:48:13+00:00","dateModified":"2025-09-30T10:22:06+00:00","breadcrumb":{"@id":"https:\/\/handinhand.info\/spenden\/#breadcrumb"},"inLanguage":"en-GB","potentialAction":[{"@type":"ReadAction","target":["https:\/\/handinhand.info\/spenden\/"]}]},{"@type":"ImageObject","inLanguage":"en-GB","@id":"https:\/\/handinhand.info\/spenden\/#primaryimage","url":"https:\/\/handinhand.info\/wp-content\/uploads\/Online-Formular-Foto.png","contentUrl":"https:\/\/handinhand.info\/wp-content\/uploads\/Online-Formular-Foto.png"},{"@type":"BreadcrumbList","@id":"https:\/\/handinhand.info\/spenden\/#breadcrumb","itemListElement":[{"@type":"ListItem","position":1,"name":"Startseite","item":"https:\/\/handinhand.info\/"},{"@type":"ListItem","position":2,"name":"SPENDEN f\u00fcr Menschen in Indien"}]},{"@type":"WebSite","@id":"https:\/\/handinhand.info\/#website","url":"https:\/\/handinhand.info\/","name":"HANDinHAND","description":"Hilfe zur Selbsthilfe in Indien","potentialAction":[{"@type":"SearchAction","target":{"@type":"EntryPoint","urlTemplate":"https:\/\/handinhand.info\/?s={search_term_string}"},"query-input":{"@type":"PropertyValueSpecification","valueRequired":true,"valueName":"search_term_string"}}],"inLanguage":"en-GB"}]}},"_links":{"self":[{"href":"https:\/\/handinhand.info\/en\/wp-json\/wp\/v2\/pages\/3247","targetHints":{"allow":["GET"]}}],"collection":[{"href":"https:\/\/handinhand.info\/en\/wp-json\/wp\/v2\/pages"}],"about":[{"href":"https:\/\/handinhand.info\/en\/wp-json\/wp\/v2\/types\/page"}],"author":[{"embeddable":true,"href":"https:\/\/handinhand.info\/en\/wp-json\/wp\/v2\/users\/1"}],"replies":[{"embeddable":true,"href":"https:\/\/handinhand.info\/en\/wp-json\/wp\/v2\/comments?post=3247"}],"version-history":[{"count":0,"href":"https:\/\/handinhand.info\/en\/wp-json\/wp\/v2\/pages\/3247\/revisions"}],"wp:attachment":[{"href":"https:\/\/handinhand.info\/en\/wp-json\/wp\/v2\/media?parent=3247"}],"curies":[{"name":"wp","href":"https:\/\/api.w.org\/{rel}","templated":true}]}}