{"id":3224,"date":"2018-11-12T11:20:44","date_gmt":"2018-11-12T10:20:44","guid":{"rendered":"https:\/\/hih-spende-statt-geschenke.de\/?page_id=3224"},"modified":"2023-11-21T11:29:51","modified_gmt":"2023-11-21T10:29:51","slug":"hih-in-der-presse","status":"publish","type":"page","link":"https:\/\/handinhand.info\/en\/ueber-hih\/hih-in-der-presse\/","title":{"rendered":"HiH in der Presse"},"content":{"rendered":"<div class=\"fusion-fullwidth fullwidth-box fusion-builder-row-1 nonhundred-percent-fullwidth non-hundred-percent-height-scrolling\" style=\"--awb-border-radius-top-left:0px;--awb-border-radius-top-right:0px;--awb-border-radius-bottom-right:0px;--awb-border-radius-bottom-left:0px;--awb-flex-wrap:wrap;\" ><div class=\"fusion-builder-row fusion-row\"><div class=\"fusion-layout-column fusion_builder_column fusion-builder-column-0 fusion_builder_column_1_1 1_1 fusion-one-full fusion-column-first fusion-column-last\" style=\"--awb-bg-size:cover;\"><div class=\"fusion-column-wrapper fusion-flex-column-wrapper-legacy\"><div class=\"fusion-text fusion-text-1\"><h2>HiH in der Presse<\/h2>\n<p>Manchmal berichtet auch die Presse \u00fcber uns. Hier k\u00f6nnen Sie st\u00f6bern und nachlesen.<\/p>\n<p><a href=\"https:\/\/handinhand.info\/wp-content\/uploads\/2023\/11\/Presse_Kirchenseite_231028.pdf\">\u00d6kumenische Kirchenseite in der Offenbach-Post vom 28.10.2023 \u00bb\u00bb<\/a><\/p>\n<p><a href=\"https:\/\/www.op-online.de\/region\/roedermark\/mit-24-euro-vier-wochen-leben-90197367.html\">Offenbach Post &#8211; Mit 24 Euro vier Wochen leben &#8230; (Februar 2021) \u00bb\u00bb<\/a><\/p>\n<p><a href=\"https:\/\/handinhand.info\/wp-content\/uploads\/2019\/04\/Presse_Heimatblatt_180410.pdf\">Interview mit Elmar Jung \u00fcber 25 HANDinHAND (Heimatblatt Apris 2018) \u00bb\u00bb<\/a><\/p>\n<p><a href=\"https:\/\/www.op-online.de\/region\/roedermark\/lichtblicke-indischen-elend-9764303.html\" target=\"_blank\" rel=\"noopener noreferrer\">Offenbach Post &#8211; ein Artikel zum 25. HiH- Jubil\u00e4um. (April 2018) \u00bb\u00bb<\/a><\/p>\n<p><a href=\"\/wp-content\/uploads\/Presse_Heimatblatt-Roedermark_Haus-Nazarius-Senioren_1505.pdf\" target=\"_blank\" rel=\"noopener noreferrer\">Senioren bauen ein Haus in Indien (Heimatblatt Mai 2015) \u00bb\u00bb<\/a><\/p>\n<p><a href=\"\/wp-content\/uploads\/Presse_Heimatblatt-Roedermark_130110.pdf\" target=\"_blank\" rel=\"noopener noreferrer\">Das neue Heimatblatt R\u00f6dermark schrieb im Janaur 2013 \u00fcber uns. \u00bb\u00bb<\/a><\/p>\n<p><a href=\"\/wp-content\/uploads\/Presse_OP_Rikshaws-Cent-fuer-cent-abstootern_2012.pdf\" target=\"_blank\" rel=\"noopener noreferrer\">Ein Bericht \u00fcber unser Rikshaw-Projekt (2012) \u00bb\u00bb<\/a><\/p>\n<p><a href=\"\/wp-content\/uploads\/Presse_OP_Hilfe-kommt-an_op_060305.pdf\" target=\"_blank\" rel=\"noopener noreferrer\">OP- Die Hilfe kommt vor Ort an (M\u00e4rz 2006) \u00bb\u00bb<\/a><\/p>\n<p><a href=\"\/wp-content\/uploads\/Presse_10Jahre-HiH.pdf\" target=\"_blank\" rel=\"noopener noreferrer\">10 Jahre HiH (2002) \u00bb\u00bb<\/a><\/p>\n<p><a href=\"\/wp-content\/uploads\/Presse_indischer-zeitungsartikel_1210.pdf\" target=\"_blank\" rel=\"noopener noreferrer\">Ein Zeitungsartikel in der indischen Presse \u00bb\u00bb<\/a><\/p>\n<\/div><div class=\"fusion-clearfix\"><\/div><\/div><\/div><\/div><\/div>","protected":false},"excerpt":{"rendered":"","protected":false},"author":1,"featured_media":0,"parent":3053,"menu_order":15,"comment_status":"closed","ping_status":"closed","template":"","meta":{"footnotes":""},"class_list":["post-3224","page","type-page","status-publish","hentry"],"yoast_head":"<!-- This site is optimized with the Yoast SEO plugin v27.4 - https:\/\/yoast.com\/product\/yoast-seo-wordpress\/ -->\n<title>HiH in der Presse - HANDinHAND<\/title>\n<meta name=\"robots\" content=\"index, follow, max-snippet:-1, max-image-preview:large, max-video-preview:-1\" \/>\n<link rel=\"canonical\" href=\"https:\/\/handinhand.info\/en\/ueber-hih\/hih-in-der-presse\/\" \/>\n<meta property=\"og:locale\" content=\"en_GB\" \/>\n<meta property=\"og:type\" content=\"article\" \/>\n<meta property=\"og:title\" content=\"HiH in der Presse - HANDinHAND\" \/>\n<meta property=\"og:url\" content=\"https:\/\/handinhand.info\/en\/ueber-hih\/hih-in-der-presse\/\" \/>\n<meta property=\"og:site_name\" content=\"HANDinHAND\" \/>\n<meta property=\"article:modified_time\" content=\"2023-11-21T10:29:51+00:00\" \/>\n<meta name=\"twitter:card\" content=\"summary_large_image\" \/>\n<meta name=\"twitter:label1\" content=\"Estimated reading time\" \/>\n\t<meta name=\"twitter:data1\" content=\"2 minutes\" \/>\n<script type=\"application\/ld+json\" class=\"yoast-schema-graph\">{\"@context\":\"https:\\\/\\\/schema.org\",\"@graph\":[{\"@type\":\"WebPage\",\"@id\":\"https:\\\/\\\/handinhand.info\\\/ueber-hih\\\/hih-in-der-presse\\\/\",\"url\":\"https:\\\/\\\/handinhand.info\\\/ueber-hih\\\/hih-in-der-presse\\\/\",\"name\":\"HiH in der Presse - HANDinHAND\",\"isPartOf\":{\"@id\":\"https:\\\/\\\/handinhand.info\\\/#website\"},\"datePublished\":\"2018-11-12T10:20:44+00:00\",\"dateModified\":\"2023-11-21T10:29:51+00:00\",\"breadcrumb\":{\"@id\":\"https:\\\/\\\/handinhand.info\\\/ueber-hih\\\/hih-in-der-presse\\\/#breadcrumb\"},\"inLanguage\":\"en-GB\",\"potentialAction\":[{\"@type\":\"ReadAction\",\"target\":[\"https:\\\/\\\/handinhand.info\\\/ueber-hih\\\/hih-in-der-presse\\\/\"]}]},{\"@type\":\"BreadcrumbList\",\"@id\":\"https:\\\/\\\/handinhand.info\\\/ueber-hih\\\/hih-in-der-presse\\\/#breadcrumb\",\"itemListElement\":[{\"@type\":\"ListItem\",\"position\":1,\"name\":\"Startseite\",\"item\":\"https:\\\/\\\/handinhand.info\\\/\"},{\"@type\":\"ListItem\",\"position\":2,\"name\":\"\u00dcBER HiH\",\"item\":\"https:\\\/\\\/handinhand.info\\\/ueber-hih\\\/\"},{\"@type\":\"ListItem\",\"position\":3,\"name\":\"HiH in der Presse\"}]},{\"@type\":\"WebSite\",\"@id\":\"https:\\\/\\\/handinhand.info\\\/#website\",\"url\":\"https:\\\/\\\/handinhand.info\\\/\",\"name\":\"HANDinHAND\",\"description\":\"Hilfe zur Selbsthilfe in Indien\",\"potentialAction\":[{\"@type\":\"SearchAction\",\"target\":{\"@type\":\"EntryPoint\",\"urlTemplate\":\"https:\\\/\\\/handinhand.info\\\/?s={search_term_string}\"},\"query-input\":{\"@type\":\"PropertyValueSpecification\",\"valueRequired\":true,\"valueName\":\"search_term_string\"}}],\"inLanguage\":\"en-GB\"}]}<\/script>\n<!-- \/ Yoast SEO plugin. -->","yoast_head_json":{"title":"HiH in der Presse - HANDinHAND","robots":{"index":"index","follow":"follow","max-snippet":"max-snippet:-1","max-image-preview":"max-image-preview:large","max-video-preview":"max-video-preview:-1"},"canonical":"https:\/\/handinhand.info\/en\/ueber-hih\/hih-in-der-presse\/","og_locale":"en_GB","og_type":"article","og_title":"HiH in der Presse - HANDinHAND","og_url":"https:\/\/handinhand.info\/en\/ueber-hih\/hih-in-der-presse\/","og_site_name":"HANDinHAND","article_modified_time":"2023-11-21T10:29:51+00:00","twitter_card":"summary_large_image","twitter_misc":{"Estimated reading time":"2 minutes"},"schema":{"@context":"https:\/\/schema.org","@graph":[{"@type":"WebPage","@id":"https:\/\/handinhand.info\/ueber-hih\/hih-in-der-presse\/","url":"https:\/\/handinhand.info\/ueber-hih\/hih-in-der-presse\/","name":"HiH in der Presse - HANDinHAND","isPartOf":{"@id":"https:\/\/handinhand.info\/#website"},"datePublished":"2018-11-12T10:20:44+00:00","dateModified":"2023-11-21T10:29:51+00:00","breadcrumb":{"@id":"https:\/\/handinhand.info\/ueber-hih\/hih-in-der-presse\/#breadcrumb"},"inLanguage":"en-GB","potentialAction":[{"@type":"ReadAction","target":["https:\/\/handinhand.info\/ueber-hih\/hih-in-der-presse\/"]}]},{"@type":"BreadcrumbList","@id":"https:\/\/handinhand.info\/ueber-hih\/hih-in-der-presse\/#breadcrumb","itemListElement":[{"@type":"ListItem","position":1,"name":"Startseite","item":"https:\/\/handinhand.info\/"},{"@type":"ListItem","position":2,"name":"\u00dcBER HiH","item":"https:\/\/handinhand.info\/ueber-hih\/"},{"@type":"ListItem","position":3,"name":"HiH in der Presse"}]},{"@type":"WebSite","@id":"https:\/\/handinhand.info\/#website","url":"https:\/\/handinhand.info\/","name":"HANDinHAND","description":"Hilfe zur Selbsthilfe in Indien","potentialAction":[{"@type":"SearchAction","target":{"@type":"EntryPoint","urlTemplate":"https:\/\/handinhand.info\/?s={search_term_string}"},"query-input":{"@type":"PropertyValueSpecification","valueRequired":true,"valueName":"search_term_string"}}],"inLanguage":"en-GB"}]}},"_links":{"self":[{"href":"https:\/\/handinhand.info\/en\/wp-json\/wp\/v2\/pages\/3224","targetHints":{"allow":["GET"]}}],"collection":[{"href":"https:\/\/handinhand.info\/en\/wp-json\/wp\/v2\/pages"}],"about":[{"href":"https:\/\/handinhand.info\/en\/wp-json\/wp\/v2\/types\/page"}],"author":[{"embeddable":true,"href":"https:\/\/handinhand.info\/en\/wp-json\/wp\/v2\/users\/1"}],"replies":[{"embeddable":true,"href":"https:\/\/handinhand.info\/en\/wp-json\/wp\/v2\/comments?post=3224"}],"version-history":[{"count":0,"href":"https:\/\/handinhand.info\/en\/wp-json\/wp\/v2\/pages\/3224\/revisions"}],"up":[{"embeddable":true,"href":"https:\/\/handinhand.info\/en\/wp-json\/wp\/v2\/pages\/3053"}],"wp:attachment":[{"href":"https:\/\/handinhand.info\/en\/wp-json\/wp\/v2\/media?parent=3224"}],"curies":[{"name":"wp","href":"https:\/\/api.w.org\/{rel}","templated":true}]}}