{"id":3097,"date":"2018-11-11T18:06:25","date_gmt":"2018-11-11T17:06:25","guid":{"rendered":"https:\/\/hih-spende-statt-geschenke.de\/?page_id=3097"},"modified":"2018-12-04T18:01:33","modified_gmt":"2018-12-04T17:01:33","slug":"organisation-und-verwaltung","status":"publish","type":"page","link":"https:\/\/handinhand.info\/en\/projekte\/organisation-und-verwaltung\/","title":{"rendered":"Organisation und Verwaltung"},"content":{"rendered":"<p><div class=\"fusion-fullwidth fullwidth-box fusion-builder-row-1 nonhundred-percent-fullwidth non-hundred-percent-height-scrolling\" style=\"--awb-border-radius-top-left:0px;--awb-border-radius-top-right:0px;--awb-border-radius-bottom-right:0px;--awb-border-radius-bottom-left:0px;--awb-flex-wrap:wrap;\" ><div class=\"fusion-builder-row fusion-row\"><div class=\"fusion-layout-column fusion_builder_column fusion-builder-column-0 fusion_builder_column_1_1 1_1 fusion-one-full fusion-column-first fusion-column-last\" style=\"--awb-bg-size:cover;\"><div class=\"fusion-column-wrapper fusion-flex-column-wrapper-legacy\"><div class=\"fusion-text fusion-text-1\"><h1>Organisation und Verwaltung<\/h1>\n<p>Unsere Spendengelder sollen zuallererst den Menschen in Indien zugute kommen. Deshalb bem\u00fchen wir uns, alle Verwaltungsausgaben gering zu halten, aber ganz vermeiden lassen sie sich nat\u00fcrlich nicht. Deshalb freuen wir uns, wenn Menschen gezielt auch einmal f\u00fcr die Verwaltungsausgaben spenden. Jeder Betrag hilft.<\/p>\n<\/div><div class=\"fusion-clearfix\"><\/div><\/div><\/div><\/div><\/div><div class=\"fusion-fullwidth fullwidth-box fusion-builder-row-2 nonhundred-percent-fullwidth non-hundred-percent-height-scrolling\" style=\"--awb-border-radius-top-left:0px;--awb-border-radius-top-right:0px;--awb-border-radius-bottom-right:0px;--awb-border-radius-bottom-left:0px;--awb-flex-wrap:wrap;\" ><div class=\"fusion-builder-row fusion-row\"><div class=\"fusion-layout-column fusion_builder_column fusion-builder-column-1 fusion_builder_column_1_1 1_1 fusion-one-full fusion-column-first fusion-column-last\" style=\"--awb-bg-size:cover;\"><div class=\"fusion-column-wrapper fusion-flex-column-wrapper-legacy\"><div class=\"fusion-sep-clear\"><\/div><div class=\"fusion-separator fusion-has-icon fusion-full-width-sep\" style=\"margin-left: auto;margin-right: auto;margin-top:-10px;margin-bottom:20px;width:100%;\"><div class=\"fusion-separator-border sep-single\" style=\"--awb-height:20px;--awb-amount:20px;--awb-sep-color:#25699e;border-color:#25699e;border-top-width:1px;\"><\/div><span class=\"icon-wrapper\" style=\"border-color:transparent;font-size:16px;width: 1.75em; height: 1.75em;border-width:1px;padding:1px;margin-top:-0.5px\"><i class=\"fa-arrow-alt-circle-down far\" style=\"font-size: inherit;color:#25699e;\" aria-hidden=\"true\"><\/i><\/span><div class=\"fusion-separator-border sep-single\" style=\"--awb-height:20px;--awb-amount:20px;--awb-sep-color:#25699e;border-color:#25699e;border-top-width:1px;\"><\/div><\/div><div class=\"fusion-sep-clear\"><\/div>\n<div class=\"fusion-clearfix\"><\/div><\/div><\/div><\/div><\/div><div class=\"fusion-fullwidth fullwidth-box fusion-builder-row-3 nonhundred-percent-fullwidth non-hundred-percent-height-scrolling\" style=\"--awb-border-radius-top-left:0px;--awb-border-radius-top-right:0px;--awb-border-radius-bottom-right:0px;--awb-border-radius-bottom-left:0px;--awb-flex-wrap:wrap;\" ><div class=\"fusion-builder-row fusion-row\"><div class=\"fusion-layout-column fusion_builder_column fusion-builder-column-2 fusion_builder_column_1_1 1_1 fusion-one-full fusion-column-first fusion-column-last\" style=\"--awb-bg-size:cover;\"><div class=\"fusion-column-wrapper fusion-flex-column-wrapper-legacy\"><div class=\"fusion-blog-shortcode fusion-blog-shortcode-1 fusion-blog-archive fusion-blog-layout-grid-wrapper fusion-blog-pagination\"><style type=\"text\/css\">.fusion-blog-shortcode-1 .fusion-blog-layout-grid .fusion-post-grid{padding:15px;}.fusion-blog-shortcode-1 .fusion-posts-container{margin-left: -15px !important; margin-right:-15px !important;}<\/style><div class=\"fusion-posts-container fusion-posts-container-pagination fusion-blog-rollover fusion-blog-layout-grid fusion-blog-layout-grid-2 isotope fusion-blog-equal-heights\" data-pages=\"1\" data-grid-col-space=\"30\" style=\"margin: -15px -15px 0;min-height:500px;\"><article id=\"blog-1-post-3387\" class=\"fusion-post-grid post-3387 post type-post status-publish format-standard has-post-thumbnail hentry category-organisation-und-verwaltung\">\n<div class=\"fusion-post-wrapper\" style=\"background-color:rgba(255,255,255,0);border:1px solid #ebeaea;border-bottom-width:3px;\">\n\n\t\t\t<div class=\"fusion-flexslider flexslider fusion-flexslider-loading fusion-post-slideshow\" style=\"border-color:#ebeaea;\">\n\t\t<ul class=\"slides\">\n\t\t\t\n\t\t\t\t\t\t\t\t\t\t\t\t\t\t<li><div  class=\"fusion-image-wrapper\" aria-haspopup=\"true\">\n\t\t\t\t<img decoding=\"async\" width=\"522\" height=\"391\" src=\"https:\/\/handinhand.info\/wp-content\/uploads\/Website.jpg\" class=\"attachment-full size-full lazyload wp-post-image\" alt=\"\" srcset=\"data:image\/svg+xml,%3Csvg%20xmlns%3D%27http%3A%2F%2Fwww.w3.org%2F2000%2Fsvg%27%20width%3D%27522%27%20height%3D%27391%27%20viewBox%3D%270%200%20522%20391%27%3E%3Crect%20width%3D%27522%27%20height%3D%27391%27%20fill-opacity%3D%220%22%2F%3E%3C%2Fsvg%3E\" data-orig-src=\"https:\/\/handinhand.info\/wp-content\/uploads\/Website.jpg\" data-srcset=\"https:\/\/handinhand.info\/wp-content\/uploads\/Website-200x150.jpg 200w, https:\/\/handinhand.info\/wp-content\/uploads\/Website-400x300.jpg 400w, https:\/\/handinhand.info\/wp-content\/uploads\/Website.jpg 522w\" data-sizes=\"auto\" \/><div class=\"fusion-rollover\">\n\t<div class=\"fusion-rollover-content\">\n\n\t\t\t\t\t\t\t\t\t\t\t\t\t\t<a class=\"fusion-rollover-link\" href=\"https:\/\/handinhand.info\/en\/neue-webseite\/\">Neue Webseite<\/a>\n\t\t\t\n\t\t\t\t\t\t\t\t\n\t\t\n\t\t\t\t\t\t\t\t\t\t\t\t<h4 class=\"fusion-rollover-title\">\n\t\t\t\t\t<a class=\"fusion-rollover-title-link\" href=\"https:\/\/handinhand.info\/en\/neue-webseite\/\">\n\t\t\t\t\t\tNeue Webseite\t\t\t\t\t<\/a>\n\t\t\t\t<\/h4>\n\t\t\t\n\t\t\t\t\t\t\t\t\n\t\t\n\t\t\t\t\t\t<a class=\"fusion-link-wrapper\" href=\"https:\/\/handinhand.info\/en\/neue-webseite\/\" aria-label=\"Neue Webseite\"><\/a>\n\t<\/div>\n<\/div>\n<\/div>\n<\/li>\n\t\t\t\n\t\t\t\n\t\t\t\t\t\t\t\t\t\t\t\t\t\t\t\t\t\t\t\t\t\t\t\t\t\t\t\t\t\t\t\t\t\t\t\t\t\t\t\t\t\t\t\t\t\t\t\t\t\t\t\t\t\t\t\t\t\t\t\t\t\t\t\t\t\t\t\t<\/ul>\n\t<\/div>\n\t<div class=\"fusion-post-content-wrapper\" style=\"padding:30px 25px 20px 25px;\"><div class=\"fusion-post-content post-content\"><h2 class=\"blog-shortcode-post-title entry-title\"><a href=\"https:\/\/handinhand.info\/en\/neue-webseite\/\">Neue Webseite<\/a><\/h2><p class=\"fusion-single-line-meta\"><span class=\"vcard\" style=\"display: none;\"><span class=\"fn\"><a href=\"https:\/\/handinhand.info\/en\/author\/bettinahih\/\" title=\"Posts by Bettina\" rel=\"author\">Bettina<\/a><\/span><\/span><span class=\"updated\" style=\"display:none;\">2019-09-09T18:36:22+02:00<\/span><a href=\"https:\/\/handinhand.info\/en\/category\/organisation-und-verwaltung\/\" rel=\"category tag\">Organisation-Verwaltung<\/a><span class=\"fusion-inline-sep\">|<\/span><\/p><div class=\"fusion-content-sep sep-single sep-solid\"><\/div><div class=\"fusion-post-content-container\"><p><div class=\"fusion-fullwidth fullwidth-box fusion-builder-row-3-1 nonhundred-percent-fullwidth non-hundred-percent-height-scrolling\" style=\"--awb-border-radius-top-left:0px;--awb-border-radius-top-right:0px;--awb-border-radius-bottom-right:0px;--awb-border-radius-bottom-left:0px;--awb-flex-wrap:wrap;\" ><\/div><div class=\"fusion-builder-row fusion-row\"><\/div><div class=\"fusion-layout-column fusion_builder_column fusion-builder-column-3 fusion_builder_column_1_1 1_1 fusion-one-full fusion-column-first fusion-column-last\" style=\"--awb-bg-size:cover;--awb-margin-top:0px;--awb-margin-bottom:0px;width:100%;\"><div class=\"fusion-column-wrapper fusion-flex-column-wrapper-legacy\"><div class=\"fusion-clearfix\"><\/div><\/div><\/div><div class=\"fusion-text fusion-text-2\"><\/div><\/p>\n<p>Projektnummer: 0-0010<br \/>\nSpende: frei w\u00e4hlbarer Betrag<\/p>\n<p>Auch ein neuer Internetauftritt kostet Geld. Wir wollten unsere alte, nicht mehr attraktive Internetseite zum 25-j\u00e4hrigen Bestehen unseres Vereines auf den neuesten Stand bringen und moderner werden. <a href=\"https:\/\/handinhand.info\/en\/neue-webseite\/#more-3387\" class=\"more-link\"><span aria-label=\"Continue reading Neue Webseite\">(more&hellip;)<\/span><\/a><\/p>\n<\/div><\/div><div class=\"fusion-meta-info\"><div class=\"fusion-alignleft\"><a class=\"fusion-read-more\" href=\"https:\/\/handinhand.info\/en\/neue-webseite\/\" aria-label=\"More on Neue Webseite\">Read More<\/a><\/div><\/div><\/div><div class=\"fusion-clearfix\"><\/div><\/div>\n<\/article>\n<article id=\"blog-1-post-3385\" class=\"fusion-post-grid post-3385 post type-post status-publish format-standard has-post-thumbnail hentry category-organisation-und-verwaltung\">\n<div class=\"fusion-post-wrapper\" style=\"background-color:rgba(255,255,255,0);border:1px solid #ebeaea;border-bottom-width:3px;\">\n\n\t\t\t<div class=\"fusion-flexslider flexslider fusion-flexslider-loading fusion-post-slideshow\" style=\"border-color:#ebeaea;\">\n\t\t<ul class=\"slides\">\n\t\t\t\n\t\t\t\t\t\t\t\t\t\t\t\t\t\t<li><div  class=\"fusion-image-wrapper\" aria-haspopup=\"true\">\n\t\t\t\t<img decoding=\"async\" width=\"1200\" height=\"898\" src=\"https:\/\/handinhand.info\/wp-content\/uploads\/2018\/11\/haende-muster_009.jpg\" class=\"attachment-full size-full lazyload wp-post-image\" alt=\"HANDinHAND - Hilfe zur Selbsthilfe f\u00fcr Menschen in Indien\" srcset=\"data:image\/svg+xml,%3Csvg%20xmlns%3D%27http%3A%2F%2Fwww.w3.org%2F2000%2Fsvg%27%20width%3D%271200%27%20height%3D%27898%27%20viewBox%3D%270%200%201200%20898%27%3E%3Crect%20width%3D%271200%27%20height%3D%27898%27%20fill-opacity%3D%220%22%2F%3E%3C%2Fsvg%3E\" data-orig-src=\"https:\/\/handinhand.info\/wp-content\/uploads\/2018\/11\/haende-muster_009.jpg\" data-srcset=\"https:\/\/handinhand.info\/wp-content\/uploads\/2018\/11\/haende-muster_009-200x150.jpg 200w, https:\/\/handinhand.info\/wp-content\/uploads\/2018\/11\/haende-muster_009-400x299.jpg 400w, https:\/\/handinhand.info\/wp-content\/uploads\/2018\/11\/haende-muster_009-600x449.jpg 600w, https:\/\/handinhand.info\/wp-content\/uploads\/2018\/11\/haende-muster_009-800x599.jpg 800w, https:\/\/handinhand.info\/wp-content\/uploads\/2018\/11\/haende-muster_009.jpg 1200w\" data-sizes=\"auto\" \/><div class=\"fusion-rollover\">\n\t<div class=\"fusion-rollover-content\">\n\n\t\t\t\t\t\t\t\t\t\t\t\t\t\t<a class=\"fusion-rollover-link\" href=\"https:\/\/handinhand.info\/en\/verwaltungskosten\/\">Verwaltungskosten<\/a>\n\t\t\t\n\t\t\t\t\t\t\t\t\n\t\t\n\t\t\t\t\t\t\t\t\t\t\t\t<h4 class=\"fusion-rollover-title\">\n\t\t\t\t\t<a class=\"fusion-rollover-title-link\" href=\"https:\/\/handinhand.info\/en\/verwaltungskosten\/\">\n\t\t\t\t\t\tVerwaltungskosten\t\t\t\t\t<\/a>\n\t\t\t\t<\/h4>\n\t\t\t\n\t\t\t\t\t\t\t\t\n\t\t\n\t\t\t\t\t\t<a class=\"fusion-link-wrapper\" href=\"https:\/\/handinhand.info\/en\/verwaltungskosten\/\" aria-label=\"Verwaltungskosten\"><\/a>\n\t<\/div>\n<\/div>\n<\/div>\n<\/li>\n\t\t\t\n\t\t\t\n\t\t\t\t\t\t\t\t\t\t\t\t\t\t\t\t\t\t\t\t\t\t\t\t\t\t\t\t\t\t\t\t\t\t\t\t\t\t\t\t\t\t\t\t\t\t\t\t\t\t\t\t\t\t\t\t\t\t\t\t\t\t\t\t\t\t\t\t<\/ul>\n\t<\/div>\n\t<div class=\"fusion-post-content-wrapper\" style=\"padding:30px 25px 20px 25px;\"><div class=\"fusion-post-content post-content\"><h2 class=\"blog-shortcode-post-title entry-title\"><a href=\"https:\/\/handinhand.info\/en\/verwaltungskosten\/\">Verwaltungskosten<\/a><\/h2><p class=\"fusion-single-line-meta\"><span class=\"vcard\" style=\"display: none;\"><span class=\"fn\"><a href=\"https:\/\/handinhand.info\/en\/author\/bettinahih\/\" title=\"Posts by Bettina\" rel=\"author\">Bettina<\/a><\/span><\/span><span class=\"updated\" style=\"display:none;\">2019-09-09T18:37:44+02:00<\/span><a href=\"https:\/\/handinhand.info\/en\/category\/organisation-und-verwaltung\/\" rel=\"category tag\">Organisation-Verwaltung<\/a><span class=\"fusion-inline-sep\">|<\/span><\/p><div class=\"fusion-content-sep sep-single sep-solid\"><\/div><div class=\"fusion-post-content-container\"><p><div class=\"fusion-fullwidth fullwidth-box fusion-builder-row-3-2 nonhundred-percent-fullwidth non-hundred-percent-height-scrolling\" style=\"--awb-border-radius-top-left:0px;--awb-border-radius-top-right:0px;--awb-border-radius-bottom-right:0px;--awb-border-radius-bottom-left:0px;--awb-flex-wrap:wrap;\" ><\/div><div class=\"fusion-builder-row fusion-row\"><\/div><div class=\"fusion-layout-column fusion_builder_column fusion-builder-column-4 fusion_builder_column_1_1 1_1 fusion-one-full fusion-column-first fusion-column-last\" style=\"--awb-bg-size:cover;--awb-margin-top:0px;--awb-margin-bottom:0px;width:100%;\"><div class=\"fusion-column-wrapper fusion-flex-column-wrapper-legacy\"><div class=\"fusion-clearfix\"><\/div><\/div><\/div><div class=\"fusion-text fusion-text-3\"><\/div><\/p>\n<p>Projektnummer: 0-0000<br \/>\nSpende: frei w\u00e4hlbarer Betrag<\/p>\n<p>Verwaltungskosten entstehen in Deutschland und Indien, durch die ehrenamtliche Arbeit zwar in geringerem Umfang, aber sie sind auch nicht zu vermeiden.  <a href=\"https:\/\/handinhand.info\/en\/verwaltungskosten\/#more-3385\" class=\"more-link\"><span aria-label=\"Continue reading Verwaltungskosten\">(more&hellip;)<\/span><\/a><\/p>\n<\/div><\/div><div class=\"fusion-meta-info\"><div class=\"fusion-alignleft\"><a class=\"fusion-read-more\" href=\"https:\/\/handinhand.info\/en\/verwaltungskosten\/\" aria-label=\"More on Verwaltungskosten\">Read More<\/a><\/div><\/div><\/div><div class=\"fusion-clearfix\"><\/div><\/div>\n<\/article>\n<article id=\"blog-1-post-3380\" class=\"fusion-post-grid post-3380 post type-post status-publish format-standard has-post-thumbnail hentry category-organisation-und-verwaltung\">\n<div class=\"fusion-post-wrapper\" style=\"background-color:rgba(255,255,255,0);border:1px solid #ebeaea;border-bottom-width:3px;\">\n\n\t\t\t<div class=\"fusion-flexslider flexslider fusion-flexslider-loading fusion-post-slideshow\" style=\"border-color:#ebeaea;\">\n\t\t<ul class=\"slides\">\n\t\t\t\n\t\t\t\t\t\t\t\t\t\t\t\t\t\t<li><div  class=\"fusion-image-wrapper\" aria-haspopup=\"true\">\n\t\t\t\t<img decoding=\"async\" width=\"522\" height=\"391\" src=\"https:\/\/handinhand.info\/wp-content\/uploads\/HiH-gemacht.jpg\" class=\"attachment-full size-full lazyload wp-post-image\" alt=\"HANDinHAND gemacht - die Info-Zeitung \u00fcber Hilfe und Spendenaktionen in Indien\" srcset=\"data:image\/svg+xml,%3Csvg%20xmlns%3D%27http%3A%2F%2Fwww.w3.org%2F2000%2Fsvg%27%20width%3D%27522%27%20height%3D%27391%27%20viewBox%3D%270%200%20522%20391%27%3E%3Crect%20width%3D%27522%27%20height%3D%27391%27%20fill-opacity%3D%220%22%2F%3E%3C%2Fsvg%3E\" data-orig-src=\"https:\/\/handinhand.info\/wp-content\/uploads\/HiH-gemacht.jpg\" data-srcset=\"https:\/\/handinhand.info\/wp-content\/uploads\/HiH-gemacht-200x150.jpg 200w, https:\/\/handinhand.info\/wp-content\/uploads\/HiH-gemacht-400x300.jpg 400w, https:\/\/handinhand.info\/wp-content\/uploads\/HiH-gemacht.jpg 522w\" data-sizes=\"auto\" \/><div class=\"fusion-rollover\">\n\t<div class=\"fusion-rollover-content\">\n\n\t\t\t\t\t\t\t\t\t\t\t\t\t\t<a class=\"fusion-rollover-link\" href=\"https:\/\/handinhand.info\/en\/druck-und-versandkosten\/\">Druck- und Versandkosten<\/a>\n\t\t\t\n\t\t\t\t\t\t\t\t\n\t\t\n\t\t\t\t\t\t\t\t\t\t\t\t<h4 class=\"fusion-rollover-title\">\n\t\t\t\t\t<a class=\"fusion-rollover-title-link\" href=\"https:\/\/handinhand.info\/en\/druck-und-versandkosten\/\">\n\t\t\t\t\t\tDruck- und Versandkosten\t\t\t\t\t<\/a>\n\t\t\t\t<\/h4>\n\t\t\t\n\t\t\t\t\t\t\t\t\n\t\t\n\t\t\t\t\t\t<a class=\"fusion-link-wrapper\" href=\"https:\/\/handinhand.info\/en\/druck-und-versandkosten\/\" aria-label=\"Druck- und Versandkosten\"><\/a>\n\t<\/div>\n<\/div>\n<\/div>\n<\/li>\n\t\t\t\n\t\t\t\n\t\t\t\t\t\t\t\t\t\t\t\t\t\t\t\t\t\t\t\t\t\t\t\t\t\t\t\t\t\t\t\t\t\t\t\t\t\t\t\t\t\t\t\t\t\t\t\t\t\t\t\t\t\t\t\t\t\t\t\t\t\t\t\t\t\t\t\t<\/ul>\n\t<\/div>\n\t<div class=\"fusion-post-content-wrapper\" style=\"padding:30px 25px 20px 25px;\"><div class=\"fusion-post-content post-content\"><h2 class=\"blog-shortcode-post-title entry-title\"><a href=\"https:\/\/handinhand.info\/en\/druck-und-versandkosten\/\">Druck- und Versandkosten<\/a><\/h2><p class=\"fusion-single-line-meta\"><span class=\"vcard\" style=\"display: none;\"><span class=\"fn\"><a href=\"https:\/\/handinhand.info\/en\/author\/bettinahih\/\" title=\"Posts by Bettina\" rel=\"author\">Bettina<\/a><\/span><\/span><span class=\"updated\" style=\"display:none;\">2019-09-09T18:39:19+02:00<\/span><a href=\"https:\/\/handinhand.info\/en\/category\/organisation-und-verwaltung\/\" rel=\"category tag\">Organisation-Verwaltung<\/a><span class=\"fusion-inline-sep\">|<\/span><\/p><div class=\"fusion-content-sep sep-single sep-solid\"><\/div><div class=\"fusion-post-content-container\"><p><div class=\"fusion-fullwidth fullwidth-box fusion-builder-row-3-3 nonhundred-percent-fullwidth non-hundred-percent-height-scrolling\" style=\"--awb-border-radius-top-left:0px;--awb-border-radius-top-right:0px;--awb-border-radius-bottom-right:0px;--awb-border-radius-bottom-left:0px;--awb-flex-wrap:wrap;\" ><\/div><div class=\"fusion-builder-row fusion-row\"><\/div><div class=\"fusion-layout-column fusion_builder_column fusion-builder-column-5 fusion_builder_column_1_1 1_1 fusion-one-full fusion-column-first fusion-column-last\" style=\"--awb-bg-size:cover;--awb-margin-top:0px;--awb-margin-bottom:0px;width:100%;\"><div class=\"fusion-column-wrapper fusion-flex-column-wrapper-legacy\"><div class=\"fusion-clearfix\"><\/div><\/div><\/div><div class=\"fusion-text fusion-text-4\"><\/div><\/p>\n<p>Projektnummer: 0-0003<br \/>\nSpende: frei w\u00e4hlbarer Betrag<\/p>\n<p>Da wir mit Spendengeld sehr verantwortungsbewusst umgehen und am liebsten direkt in Indien helfen, sind alle Verwaltungsausgaben eine n\u00f6tige Pflicht, die wir versuchen so klein wie m\u00f6glich zu halten. Deshalb sind wir froh, \u00fcber jede zweckgebundene Spende f\u00fcr den Bereich der Verwaltung. <a href=\"https:\/\/handinhand.info\/en\/druck-und-versandkosten\/#more-3380\" class=\"more-link\"><span aria-label=\"Continue reading Druck- und Versandkosten\">(more&hellip;)<\/span><\/a><\/p>\n<\/div><\/div><div class=\"fusion-meta-info\"><div class=\"fusion-alignleft\"><a class=\"fusion-read-more\" href=\"https:\/\/handinhand.info\/en\/druck-und-versandkosten\/\" aria-label=\"More on Druck- und Versandkosten\">Read More<\/a><\/div><\/div><\/div><div class=\"fusion-clearfix\"><\/div><\/div>\n<\/article>\n<div class=\"fusion-clearfix\"><\/div><\/div><\/div><div class=\"fusion-clearfix\"><\/div><\/div><\/div><\/div><\/div><\/p>","protected":false},"excerpt":{"rendered":"","protected":false},"author":1,"featured_media":0,"parent":2686,"menu_order":36,"comment_status":"closed","ping_status":"closed","template":"","meta":{"footnotes":""},"class_list":["post-3097","page","type-page","status-publish","hentry"],"yoast_head":"<!-- This site is optimized with the Yoast SEO plugin v27.4 - https:\/\/yoast.com\/product\/yoast-seo-wordpress\/ -->\n<title>Organisation und Verwaltung - HANDinHAND<\/title>\n<meta name=\"robots\" content=\"index, follow, max-snippet:-1, max-image-preview:large, max-video-preview:-1\" \/>\n<link rel=\"canonical\" href=\"https:\/\/handinhand.info\/en\/projekte\/organisation-und-verwaltung\/\" \/>\n<meta property=\"og:locale\" content=\"en_GB\" \/>\n<meta property=\"og:type\" content=\"article\" \/>\n<meta property=\"og:title\" content=\"Organisation und Verwaltung - HANDinHAND\" \/>\n<meta property=\"og:url\" content=\"https:\/\/handinhand.info\/en\/projekte\/organisation-und-verwaltung\/\" \/>\n<meta property=\"og:site_name\" content=\"HANDinHAND\" \/>\n<meta property=\"article:modified_time\" content=\"2018-12-04T17:01:33+00:00\" \/>\n<meta name=\"twitter:card\" content=\"summary_large_image\" \/>\n<meta name=\"twitter:label1\" content=\"Estimated reading time\" \/>\n\t<meta name=\"twitter:data1\" content=\"4 minutes\" \/>\n<script type=\"application\/ld+json\" class=\"yoast-schema-graph\">{\"@context\":\"https:\\\/\\\/schema.org\",\"@graph\":[{\"@type\":\"WebPage\",\"@id\":\"https:\\\/\\\/handinhand.info\\\/projekte\\\/organisation-und-verwaltung\\\/\",\"url\":\"https:\\\/\\\/handinhand.info\\\/projekte\\\/organisation-und-verwaltung\\\/\",\"name\":\"Organisation und Verwaltung - HANDinHAND\",\"isPartOf\":{\"@id\":\"https:\\\/\\\/handinhand.info\\\/#website\"},\"datePublished\":\"2018-11-11T17:06:25+00:00\",\"dateModified\":\"2018-12-04T17:01:33+00:00\",\"breadcrumb\":{\"@id\":\"https:\\\/\\\/handinhand.info\\\/projekte\\\/organisation-und-verwaltung\\\/#breadcrumb\"},\"inLanguage\":\"en-GB\",\"potentialAction\":[{\"@type\":\"ReadAction\",\"target\":[\"https:\\\/\\\/handinhand.info\\\/projekte\\\/organisation-und-verwaltung\\\/\"]}]},{\"@type\":\"BreadcrumbList\",\"@id\":\"https:\\\/\\\/handinhand.info\\\/projekte\\\/organisation-und-verwaltung\\\/#breadcrumb\",\"itemListElement\":[{\"@type\":\"ListItem\",\"position\":1,\"name\":\"Startseite\",\"item\":\"https:\\\/\\\/handinhand.info\\\/\"},{\"@type\":\"ListItem\",\"position\":2,\"name\":\"PROJEKTE\",\"item\":\"https:\\\/\\\/handinhand.info\\\/projekte\\\/\"},{\"@type\":\"ListItem\",\"position\":3,\"name\":\"Organisation und Verwaltung\"}]},{\"@type\":\"WebSite\",\"@id\":\"https:\\\/\\\/handinhand.info\\\/#website\",\"url\":\"https:\\\/\\\/handinhand.info\\\/\",\"name\":\"HANDinHAND\",\"description\":\"Hilfe zur Selbsthilfe in Indien\",\"potentialAction\":[{\"@type\":\"SearchAction\",\"target\":{\"@type\":\"EntryPoint\",\"urlTemplate\":\"https:\\\/\\\/handinhand.info\\\/?s={search_term_string}\"},\"query-input\":{\"@type\":\"PropertyValueSpecification\",\"valueRequired\":true,\"valueName\":\"search_term_string\"}}],\"inLanguage\":\"en-GB\"}]}<\/script>\n<!-- \/ Yoast SEO plugin. -->","yoast_head_json":{"title":"Organisation und Verwaltung - HANDinHAND","robots":{"index":"index","follow":"follow","max-snippet":"max-snippet:-1","max-image-preview":"max-image-preview:large","max-video-preview":"max-video-preview:-1"},"canonical":"https:\/\/handinhand.info\/en\/projekte\/organisation-und-verwaltung\/","og_locale":"en_GB","og_type":"article","og_title":"Organisation und Verwaltung - HANDinHAND","og_url":"https:\/\/handinhand.info\/en\/projekte\/organisation-und-verwaltung\/","og_site_name":"HANDinHAND","article_modified_time":"2018-12-04T17:01:33+00:00","twitter_card":"summary_large_image","twitter_misc":{"Estimated reading time":"4 minutes"},"schema":{"@context":"https:\/\/schema.org","@graph":[{"@type":"WebPage","@id":"https:\/\/handinhand.info\/projekte\/organisation-und-verwaltung\/","url":"https:\/\/handinhand.info\/projekte\/organisation-und-verwaltung\/","name":"Organisation und Verwaltung - HANDinHAND","isPartOf":{"@id":"https:\/\/handinhand.info\/#website"},"datePublished":"2018-11-11T17:06:25+00:00","dateModified":"2018-12-04T17:01:33+00:00","breadcrumb":{"@id":"https:\/\/handinhand.info\/projekte\/organisation-und-verwaltung\/#breadcrumb"},"inLanguage":"en-GB","potentialAction":[{"@type":"ReadAction","target":["https:\/\/handinhand.info\/projekte\/organisation-und-verwaltung\/"]}]},{"@type":"BreadcrumbList","@id":"https:\/\/handinhand.info\/projekte\/organisation-und-verwaltung\/#breadcrumb","itemListElement":[{"@type":"ListItem","position":1,"name":"Startseite","item":"https:\/\/handinhand.info\/"},{"@type":"ListItem","position":2,"name":"PROJEKTE","item":"https:\/\/handinhand.info\/projekte\/"},{"@type":"ListItem","position":3,"name":"Organisation und Verwaltung"}]},{"@type":"WebSite","@id":"https:\/\/handinhand.info\/#website","url":"https:\/\/handinhand.info\/","name":"HANDinHAND","description":"Hilfe zur Selbsthilfe in Indien","potentialAction":[{"@type":"SearchAction","target":{"@type":"EntryPoint","urlTemplate":"https:\/\/handinhand.info\/?s={search_term_string}"},"query-input":{"@type":"PropertyValueSpecification","valueRequired":true,"valueName":"search_term_string"}}],"inLanguage":"en-GB"}]}},"_links":{"self":[{"href":"https:\/\/handinhand.info\/en\/wp-json\/wp\/v2\/pages\/3097","targetHints":{"allow":["GET"]}}],"collection":[{"href":"https:\/\/handinhand.info\/en\/wp-json\/wp\/v2\/pages"}],"about":[{"href":"https:\/\/handinhand.info\/en\/wp-json\/wp\/v2\/types\/page"}],"author":[{"embeddable":true,"href":"https:\/\/handinhand.info\/en\/wp-json\/wp\/v2\/users\/1"}],"replies":[{"embeddable":true,"href":"https:\/\/handinhand.info\/en\/wp-json\/wp\/v2\/comments?post=3097"}],"version-history":[{"count":0,"href":"https:\/\/handinhand.info\/en\/wp-json\/wp\/v2\/pages\/3097\/revisions"}],"up":[{"embeddable":true,"href":"https:\/\/handinhand.info\/en\/wp-json\/wp\/v2\/pages\/2686"}],"wp:attachment":[{"href":"https:\/\/handinhand.info\/en\/wp-json\/wp\/v2\/media?parent=3097"}],"curies":[{"name":"wp","href":"https:\/\/api.w.org\/{rel}","templated":true}]}}