{"id":3053,"date":"2018-11-11T17:26:52","date_gmt":"2018-11-11T16:26:52","guid":{"rendered":"https:\/\/hih-spende-statt-geschenke.de\/?page_id=3053"},"modified":"2024-11-10T21:11:29","modified_gmt":"2024-11-10T20:11:29","slug":"ueber-hih","status":"publish","type":"page","link":"https:\/\/handinhand.info\/en\/ueber-hih\/","title":{"rendered":"\u00dcBER HiH"},"content":{"rendered":"<p><div class=\"fusion-fullwidth fullwidth-box fusion-builder-row-1 nonhundred-percent-fullwidth non-hundred-percent-height-scrolling\" style=\"--awb-border-radius-top-left:0px;--awb-border-radius-top-right:0px;--awb-border-radius-bottom-right:0px;--awb-border-radius-bottom-left:0px;--awb-flex-wrap:wrap;\" ><div class=\"fusion-builder-row fusion-row\"><div class=\"fusion-layout-column fusion_builder_column fusion-builder-column-0 fusion_builder_column_1_1 1_1 fusion-one-full fusion-column-first fusion-column-last\" style=\"--awb-bg-size:cover;\"><div class=\"fusion-column-wrapper fusion-flex-column-wrapper-legacy\"><div class=\"fusion-text fusion-text-1\"><h3>Who we are<\/h3>\n<p>Wir sind eine Gemeinschaft von Gleichgesinnten, die sich zu dem kleinen Hilfswerk HANDinHAND zusammengeschlossen haben.<br \/>\nWir wollen in einer eindeutigen &#8222;Option f\u00fcr die Armen&#8220; Leben teilen mit Menschen in Indien, die unterhalb der Armutsgrenze leben m\u00fcssen.<br \/>\nWir wollen Verbindungen zu Menschen kn\u00fcpfen &#8211; ungeachtet von Religion, Kaste oder Rasse.<br \/>\nWir wollen HILFE zur SELBSTHILFE erm\u00f6glichen, also SO helfen, dass Menschen in Indien sich selbst weiterhelfen k\u00f6nnen und dadurch auch dort noch mehr Bewu\u00dftsein f\u00fcr solidarisches Handeln w\u00e4chst.<\/p>\n<h5>Menschen bei HANDinHAND<\/h5>\n<p>Als Menschen haben wir uns kennengelernt und sind offen f\u00fcreinander geworden. Diese Offenheit hat zu wunderbaren Br\u00fccken gef\u00fchrt, die wir zwischen unseren beiden L\u00e4ndern schon bauten. So haben wir im Lauf der Jahre gelernt, LEBEN zu TEILEN. <a href=\"https:\/\/handinhand.info\/en\/ueber-hih\/menschen-bei-hih\/\">Lernen Sie die Menschen in Indien und Deutschland kennen, die HANDinHAND lebendig machen.<\/a><\/p>\n<p>HANDinHAND wurde 1992 von Elmar Jung und Gleichgesinnten in Darmstadt gegr\u00fcndet. Heute hat der Verein 96 Mitglieder und weit \u00fcber 2000 aktive Spender. Erfahren Sie mehr \u00fcber die Geschichte von HANDinHAND.<\/p>\n<\/div><div class=\"fusion-clearfix\"><\/div><\/div><\/div><\/div><\/div><div class=\"fusion-fullwidth fullwidth-box fusion-builder-row-2 nonhundred-percent-fullwidth non-hundred-percent-height-scrolling\" style=\"--awb-border-radius-top-left:0px;--awb-border-radius-top-right:0px;--awb-border-radius-bottom-right:0px;--awb-border-radius-bottom-left:0px;--awb-flex-wrap:wrap;\" id=\"wieallesanfing\" ><div class=\"fusion-builder-row fusion-row\"><div class=\"fusion-layout-column fusion_builder_column fusion-builder-column-1 fusion_builder_column_1_1 1_1 fusion-one-full fusion-column-first fusion-column-last\" style=\"--awb-bg-size:cover;\"><div class=\"fusion-column-wrapper fusion-flex-column-wrapper-legacy\"><div class=\"fusion-text fusion-text-2\"><h3>WIE alles anfing<\/h3>\n<h5>1985 &#8211; erster Kontakt zu Indien<\/h5>\n<p>Seit Elmar Jung zusammen mit einem indischen Studienfreund anl\u00e4\u00dflich eines Taiz\u00e9-Welt-Jugendtreffens Indien besucht hat, l\u00e4\u00dft ihn das Land nicht mehr los.<\/p>\n<p>Bei weiteren, l\u00e4ngeren Aufenthalten lernte er immer wieder die Lage vieler Menschen vor Ort genau kennen. Seitdem erf\u00fcllt ihn der Auftrag, dazu beizutragen, die G\u00fcter dieser Erde gerechter unter allen Menschen zu teilen.<\/p>\n<h5>1992 &#8211; Gr\u00fcndung von HANDinHAND<\/h5>\n<p>Weil hier bei uns viele Gleichgesinnte dieses Anliegen unterst\u00fctzen m\u00f6chten, wurde am 31.10.1992 das Hilfswerk HANDinHAND e.V. in Darmstadt gegr\u00fcndet.<\/p>\n<h5>1995 &#8211; Preis f\u00fcr Gerechtigkeit und Frieden<\/h5>\n<p>1995 wurde HANDinHAND e.V. der Preis f\u00fcr &#8222;Frieden und Gerechtigkeit&#8220; des Bistums Mainz verliehen. Die Auszeichnung wurde dem Vorstand von Dr. Karl Lehmann, Bischof von Mainz, w\u00e4hrend einer Festversammlung \u00fcberreicht.<\/p>\n<h5>1996 &#8211; HANDinHAND zieht nach R\u00f6dermark<\/h5>\n<p>Zusammen mit Elmar Jung zieht das HANDinHAND-B\u00fcro von Darmstadt nach R\u00f6dermark.<\/p>\n<h5>2000 &#8211; Gr\u00fcndung HANDinHAND e.V. India<\/h5>\n<p>Im Jahr 2000 wurde HANDinHAND-India als Verein gegr\u00fcndet. Unser Partnerverein in Indien betreut die Projekte intensiv vor Ort. Das Zentral-B\u00fcro ist in Chennai.<\/p>\n<h5>2002 &#8211; HANDinHAND geht online<\/h5>\n<p>HANDinHAND nutzt das Medium Internet um seine Mitglieder, Spender und Interessierte \u00fcber den Verein zu informieren.<\/p>\n<h5>2021 &#8211; HANDinHAND zieht um nach Egelsbach<\/h5>\n<\/div><div class=\"fusion-clearfix\"><\/div><\/div><\/div><\/div><\/div><div class=\"fusion-fullwidth fullwidth-box fusion-builder-row-3 nonhundred-percent-fullwidth non-hundred-percent-height-scrolling\" style=\"--awb-border-radius-top-left:0px;--awb-border-radius-top-right:0px;--awb-border-radius-bottom-right:0px;--awb-border-radius-bottom-left:0px;--awb-flex-wrap:wrap;\" id=\"wowirhelfen\" ><div class=\"fusion-builder-row fusion-row\"><div class=\"fusion-layout-column fusion_builder_column fusion-builder-column-2 fusion_builder_column_1_2 1_2 fusion-one-half fusion-column-first\" style=\"--awb-bg-size:cover;width:50%;width:calc(50% - ( ( 4% ) * 0.5 ) );margin-right: 4%;\" data-scroll-devices=\"small-visibility,medium-visibility,large-visibility\"><div class=\"fusion-column-wrapper fusion-column-has-shadow fusion-flex-column-wrapper-legacy\"><div class=\"fusion-text fusion-text-3\"><h3>WO wir helfen<\/h3>\n<p>Die Schwerpunkte unserer Arbeit,die Orte an denen wir aktuell helfen, liegen rund um die Orte, an denen unsere indischen Mitarbeiter leben.<br \/>\nIn dem gro\u00dfen Land Indien (zw\u00f6lfmal so gro\u00df wie Deutschland) helfen wir rund um :<\/p>\n<ul>\n<li>Bobbili im Bundesland Andhra Pradesh (Ostk\u00fcste Indiens)<\/li>\n<li>Gudoor\/ Hyderabad im Bundesland Andra Pradesh<\/li>\n<li>Virapandianpatnam im Bundesland Tamil Nadu (S\u00fcdspitze Indiens)<\/li>\n<li>Chennai im Bundesland Tamil Nadu<\/li>\n<li>Koderma im Bundesland Jharkhand<\/li>\n<li>Bhagavanpura im Bundesland Madhya Pradesh<\/li>\n<li>Kanudih im Bundesland Uttar Pradesh<\/li>\n<li>Bangalore im Bundesland Karnataka<\/li>\n<\/ul>\n<p>Allerlei weitere Infos \u00fcber Land und Leute finden Sie zum Beispiel unter <a href=\"http:\/\/www.indi-guide.de\/indien\/land-leute\">http:\/\/www.indi-guide.de<\/a><\/p>\n<\/div><div class=\"fusion-clearfix\"><\/div><\/div><\/div><div class=\"fusion-layout-column fusion_builder_column fusion-builder-column-3 fusion_builder_column_1_2 1_2 fusion-one-half fusion-column-last fusion-column-inner-bg-wrapper\" style=\"--awb-padding-top:15%;--awb-inner-bg-size:cover;width:50%;width:calc(50% - ( ( 4% ) * 0.5 ) );\" data-scroll-devices=\"small-visibility,medium-visibility,large-visibility\"><span class=\"fusion-column-inner-bg hover-type-none\"><a class=\"fusion-column-anchor\" href=\"https:\/\/handinhand.info\/wp-content\/uploads\/2024\/11\/Indien-Karte-scaled.jpg\"><span class=\"fusion-column-inner-bg-image\"><\/span><\/a><\/span><div class=\"fusion-column-wrapper fusion-column-has-shadow fusion-flex-column-wrapper-legacy\"><div class=\"fusion-image-element in-legacy-container\" style=\"--awb-caption-title-font-family:var(--h2_typography-font-family);--awb-caption-title-font-weight:var(--h2_typography-font-weight);--awb-caption-title-font-style:var(--h2_typography-font-style);--awb-caption-title-size:var(--h2_typography-font-size);--awb-caption-title-transform:var(--h2_typography-text-transform);--awb-caption-title-line-height:var(--h2_typography-line-height);--awb-caption-title-letter-spacing:var(--h2_typography-letter-spacing);\"><span class=\"fusion-imageframe imageframe-none imageframe-1 hover-type-none\"><img decoding=\"async\" width=\"2185\" height=\"2560\" title=\"Indien-Karte\" src=\"https:\/\/handinhand.info\/wp-content\/uploads\/2024\/11\/Indien-Karte-scaled.jpg\" data-orig-src=\"https:\/\/handinhand.info\/wp-content\/uploads\/2024\/11\/Indien-Karte-scaled.jpg\" alt class=\"lazyload img-responsive wp-image-4998\" srcset=\"data:image\/svg+xml,%3Csvg%20xmlns%3D%27http%3A%2F%2Fwww.w3.org%2F2000%2Fsvg%27%20width%3D%272185%27%20height%3D%272560%27%20viewBox%3D%270%200%202185%202560%27%3E%3Crect%20width%3D%272185%27%20height%3D%272560%27%20fill-opacity%3D%220%22%2F%3E%3C%2Fsvg%3E\" data-srcset=\"https:\/\/handinhand.info\/wp-content\/uploads\/2024\/11\/Indien-Karte-200x234.jpg 200w, https:\/\/handinhand.info\/wp-content\/uploads\/2024\/11\/Indien-Karte-400x469.jpg 400w, https:\/\/handinhand.info\/wp-content\/uploads\/2024\/11\/Indien-Karte-600x703.jpg 600w, https:\/\/handinhand.info\/wp-content\/uploads\/2024\/11\/Indien-Karte-800x937.jpg 800w, https:\/\/handinhand.info\/wp-content\/uploads\/2024\/11\/Indien-Karte-1200x1406.jpg 1200w, https:\/\/handinhand.info\/wp-content\/uploads\/2024\/11\/Indien-Karte-scaled.jpg 2185w\" data-sizes=\"auto\" data-orig-sizes=\"(max-width: 800px) 100vw, 600px\" \/><\/span><\/div><div class=\"fusion-clearfix\"><\/div><\/div><\/div><\/div><\/div><div class=\"fusion-fullwidth fullwidth-box fusion-builder-row-4 nonhundred-percent-fullwidth non-hundred-percent-height-scrolling\" style=\"--awb-border-radius-top-left:0px;--awb-border-radius-top-right:0px;--awb-border-radius-bottom-right:0px;--awb-border-radius-bottom-left:0px;--awb-flex-wrap:wrap;\" id=\"wiewirhelfen\" ><div class=\"fusion-builder-row fusion-row\"><div class=\"fusion-layout-column fusion_builder_column fusion-builder-column-4 fusion_builder_column_1_1 1_1 fusion-one-full fusion-column-first fusion-column-last\" style=\"--awb-bg-size:cover;\"><div class=\"fusion-column-wrapper fusion-flex-column-wrapper-legacy\"><div class=\"fusion-text fusion-text-4\"><h3>WIE wir helfen<\/h3>\n<h5>\u00dcberschaubare Projekte und pers\u00f6nlicher Kontakt.<\/h5>\n<p>Wir wollen nicht eine unter vielen Gruppen sein, die irgendwo in der Dritten Welt irgend etwas unterst\u00fctzt. Wir wollen Verbindungen, d.h. pers\u00f6nliche Br\u00fccken bauen zwischen Menschen in Deutschland und Menschen in Indien.<\/p>\n<h5>HANDinHAND arbeitet nach drei Grunds\u00e4tzen:<\/h5>\n<p><span style=\"color: #9e183e;\"><strong>1. Hilfe zur Selbsthilfe<\/strong><\/span><\/p>\n<p>Menschen soll, wann immer m\u00f6glich, so geholfen werden, dass Sie sich in Zukunft selber helfen k\u00f6nnen. Ein Sprichwort weist in die richtige Richtung: &#8222;Gib einem Hungernden einen Fisch, und er wird einen Tag lang satt. Lehre ihn fischen, und er wird niemals mehr hungern&#8220;<\/p>\n<p><span style=\"color: #9e183e;\"><strong>2. Spendengeld kommt an<\/strong><\/span><\/p>\n<p>Was Spender bei uns in Deutschland bereit sind zu teilen, leiten wir zu 100% weiter. Hier gespendete Gelder d\u00fcrfen nicht in anonymen T\u00f6pfen verschwinden, sondern m\u00fcssen direkt dort verwendet werden, wo sie jeweils gebraucht werden.<\/p>\n<p>Nur ca 5 % Verwaltungskosten fallen in Deutschland und Indien an, weil unser Engagement hier wie dort vorwiegend ehrenamtlich geschieht. Ganz vermeiden lassen sich Verwaltungskosten nicht.<\/p>\n<p><a href=\"https:\/\/hih-spende-statt-geschenke.de\/organisation-und-verwaltung\/\">Gerne k\u00f6nnen Sie auch gezielt f\u00fcr den Bereich 0-000 Verwaltung etwas spenden.<\/a><\/p>\n<p>Auf ein Spendensiegel, f\u00fcr dessen Erteilung hohe Geb\u00fchren gezahlt werden m\u00fcssen, verzichten wir ganz bewusst, da wir mit dem eingesparten Geld lieber Hilfe in Indien leisten m\u00f6chten.<\/p>\n<p><span style=\"color: #9e183e;\"><strong>3. Vertrauen und Verbindung zu Indien<\/strong><\/span><\/p>\n<p>Das vertrauensvolle Verh\u00e4ltnis durch intensive Kontakte zu Indien und die freundschaftliche Verbundenheit mit den Menschen dort sind uns wichtige Anliegen. So soll durchsichtig werden, wem wir helfen. Br\u00fccken von Mensch zu Mensch entstehen. Dabei ist <strong>&#8222;Leben durch Teilen&#8220;<\/strong> immer unser Leitmotiv. Schon Mutter Teresa hat dies betont und danach gehandelt, wenn sie sagte:<\/p>\n<blockquote>\n<p>&#8222;Das einzige, was die Armut wirklich beseitigen kann, ist miteinander zu teilen&#8220;.<\/p>\n<\/blockquote>\n<p>Wie kann die immer gr\u00f6sser werdende Zahl der Armen mit weit \u00fcber 80% der Menschheit \u00fcberleben, ohne dass die 20% der Wohlhabenden dieser Erde mit ihnen teilen ? Es ist ungerecht und bleibt ein Stachel im Fleisch, wenn 80% der Armen sich 20% der G\u00fcter dieser Erde teilen m\u00fcssen, w\u00e4hrend 20% der Wohlhabenden \u00fcber 80% der G\u00fcter dieser Erde verf\u00fcgen k\u00f6nnen&#8230;<\/p>\n<p>ganz aktuell im Januar 2017 zu Lesen: Laut von Oxfam zusammengestellten Daten besitzen die acht reichsten Menschen der Welt \u2013 allesamt M\u00e4nner \u2013 gemeinsam ein \u00e4hnlich gro\u00dfes Verm\u00f6gen wie die gesamte \u00e4rmere H\u00e4lfte der Menschheit. Das reichste Prozent der Menschheit besitzt demnach seit 2015 mehr als der gesamte Rest.<\/p>\n<blockquote>\n<p>&#8222;Entwicklungszusammenarbeit muss immer Entwicklung f\u00fcr den Menschen sein &#8211; niemals allein Ver\u00e4nderung von Strukturen. Denn jeder Mensch lebt vor Ort in seiner ganz eigenen Welt, deren Strukturen er selbst am besten kennt und ver\u00e4ndern kann. Wenn er lernt, seine eigenen F\u00e4higkeiten und Talente zu entdecken und zu entfalten, wenn er sich selbst weiterentwickelt, dann entwickelt er auch seine Umgebung, sein Land und die Welt.&#8220; (Elmar Jung)<\/p>\n<\/blockquote>\n<\/div><div class=\"fusion-clearfix\"><\/div><\/div><\/div><\/div><\/div><div class=\"fusion-fullwidth fullwidth-box fusion-builder-row-5 nonhundred-percent-fullwidth non-hundred-percent-height-scrolling\" style=\"--awb-border-radius-top-left:0px;--awb-border-radius-top-right:0px;--awb-border-radius-bottom-right:0px;--awb-border-radius-bottom-left:0px;--awb-flex-wrap:wrap;\" ><div class=\"fusion-builder-row fusion-row\"><div class=\"fusion-layout-column fusion_builder_column fusion-builder-column-5 fusion_builder_column_1_1 1_1 fusion-one-full fusion-column-first fusion-column-last\" style=\"--awb-bg-size:cover;\"><div class=\"fusion-column-wrapper fusion-flex-column-wrapper-legacy\"><div class=\"fusion-text fusion-text-5\"><p><img decoding=\"async\" class=\"lazyload alignnone size-large wp-image-3074\" src=\"https:\/\/hih-spende-statt-geschenke.de\/wp-content\/uploads\/indienbild-1024x1024.jpg\" data-orig-src=\"https:\/\/hih-spende-statt-geschenke.de\/wp-content\/uploads\/indienbild-1024x1024.jpg\" alt=\"\" width=\"1024\" height=\"1024\" srcset=\"data:image\/svg+xml,%3Csvg%20xmlns%3D%27http%3A%2F%2Fwww.w3.org%2F2000%2Fsvg%27%20width%3D%271024%27%20height%3D%271024%27%20viewBox%3D%270%200%201024%201024%27%3E%3Crect%20width%3D%271024%27%20height%3D%271024%27%20fill-opacity%3D%220%22%2F%3E%3C%2Fsvg%3E\" data-srcset=\"https:\/\/handinhand.info\/wp-content\/uploads\/indienbild-66x66.jpg 66w, https:\/\/handinhand.info\/wp-content\/uploads\/indienbild-150x150.jpg 150w, https:\/\/handinhand.info\/wp-content\/uploads\/indienbild-200x200.jpg 200w, https:\/\/handinhand.info\/wp-content\/uploads\/indienbild-300x300.jpg 300w, https:\/\/handinhand.info\/wp-content\/uploads\/indienbild-400x400.jpg 400w, https:\/\/handinhand.info\/wp-content\/uploads\/indienbild-600x600.jpg 600w, https:\/\/handinhand.info\/wp-content\/uploads\/indienbild-768x768.jpg 768w, https:\/\/handinhand.info\/wp-content\/uploads\/indienbild-800x800.jpg 800w, https:\/\/handinhand.info\/wp-content\/uploads\/indienbild-1024x1024.jpg 1024w, https:\/\/handinhand.info\/wp-content\/uploads\/indienbild.jpg 1200w\" data-sizes=\"auto\" data-orig-sizes=\"(max-width: 1024px) 100vw, 1024px\" \/><\/p>\n<\/div><div class=\"fusion-clearfix\"><\/div><\/div><\/div><\/div><\/div><\/p>","protected":false},"excerpt":{"rendered":"","protected":false},"author":1,"featured_media":0,"parent":0,"menu_order":10,"comment_status":"closed","ping_status":"closed","template":"","meta":{"footnotes":""},"class_list":["post-3053","page","type-page","status-publish","hentry"],"yoast_head":"<!-- This site is optimized with the Yoast SEO plugin v27.4 - https:\/\/yoast.com\/product\/yoast-seo-wordpress\/ -->\n<title>\u00dcBER HiH - HANDinHAND<\/title>\n<meta name=\"robots\" content=\"index, follow, max-snippet:-1, max-image-preview:large, max-video-preview:-1\" \/>\n<link rel=\"canonical\" href=\"https:\/\/handinhand.info\/en\/ueber-hih\/\" \/>\n<meta property=\"og:locale\" content=\"en_GB\" \/>\n<meta property=\"og:type\" content=\"article\" \/>\n<meta property=\"og:title\" content=\"\u00dcBER HiH - HANDinHAND\" \/>\n<meta property=\"og:url\" content=\"https:\/\/handinhand.info\/en\/ueber-hih\/\" \/>\n<meta property=\"og:site_name\" content=\"HANDinHAND\" \/>\n<meta property=\"article:modified_time\" content=\"2024-11-10T20:11:29+00:00\" \/>\n<meta property=\"og:image\" content=\"https:\/\/hih-spende-statt-geschenke.de\/wp-content\/uploads\/indienbild-1024x1024.jpg\" \/>\n<meta name=\"twitter:card\" content=\"summary_large_image\" \/>\n<meta name=\"twitter:label1\" content=\"Estimated reading time\" \/>\n\t<meta name=\"twitter:data1\" content=\"17 minutes\" \/>\n<script type=\"application\/ld+json\" class=\"yoast-schema-graph\">{\"@context\":\"https:\\\/\\\/schema.org\",\"@graph\":[{\"@type\":\"WebPage\",\"@id\":\"https:\\\/\\\/handinhand.info\\\/ueber-hih\\\/\",\"url\":\"https:\\\/\\\/handinhand.info\\\/ueber-hih\\\/\",\"name\":\"\u00dcBER HiH - HANDinHAND\",\"isPartOf\":{\"@id\":\"https:\\\/\\\/handinhand.info\\\/#website\"},\"primaryImageOfPage\":{\"@id\":\"https:\\\/\\\/handinhand.info\\\/ueber-hih\\\/#primaryimage\"},\"image\":{\"@id\":\"https:\\\/\\\/handinhand.info\\\/ueber-hih\\\/#primaryimage\"},\"thumbnailUrl\":\"https:\\\/\\\/hih-spende-statt-geschenke.de\\\/wp-content\\\/uploads\\\/indienbild-1024x1024.jpg\",\"datePublished\":\"2018-11-11T16:26:52+00:00\",\"dateModified\":\"2024-11-10T20:11:29+00:00\",\"breadcrumb\":{\"@id\":\"https:\\\/\\\/handinhand.info\\\/ueber-hih\\\/#breadcrumb\"},\"inLanguage\":\"en-GB\",\"potentialAction\":[{\"@type\":\"ReadAction\",\"target\":[\"https:\\\/\\\/handinhand.info\\\/ueber-hih\\\/\"]}]},{\"@type\":\"ImageObject\",\"inLanguage\":\"en-GB\",\"@id\":\"https:\\\/\\\/handinhand.info\\\/ueber-hih\\\/#primaryimage\",\"url\":\"https:\\\/\\\/hih-spende-statt-geschenke.de\\\/wp-content\\\/uploads\\\/indienbild-1024x1024.jpg\",\"contentUrl\":\"https:\\\/\\\/hih-spende-statt-geschenke.de\\\/wp-content\\\/uploads\\\/indienbild-1024x1024.jpg\"},{\"@type\":\"BreadcrumbList\",\"@id\":\"https:\\\/\\\/handinhand.info\\\/ueber-hih\\\/#breadcrumb\",\"itemListElement\":[{\"@type\":\"ListItem\",\"position\":1,\"name\":\"Startseite\",\"item\":\"https:\\\/\\\/handinhand.info\\\/\"},{\"@type\":\"ListItem\",\"position\":2,\"name\":\"\u00dcBER HiH\"}]},{\"@type\":\"WebSite\",\"@id\":\"https:\\\/\\\/handinhand.info\\\/#website\",\"url\":\"https:\\\/\\\/handinhand.info\\\/\",\"name\":\"HANDinHAND\",\"description\":\"Hilfe zur Selbsthilfe in Indien\",\"potentialAction\":[{\"@type\":\"SearchAction\",\"target\":{\"@type\":\"EntryPoint\",\"urlTemplate\":\"https:\\\/\\\/handinhand.info\\\/?s={search_term_string}\"},\"query-input\":{\"@type\":\"PropertyValueSpecification\",\"valueRequired\":true,\"valueName\":\"search_term_string\"}}],\"inLanguage\":\"en-GB\"}]}<\/script>\n<!-- \/ Yoast SEO plugin. -->","yoast_head_json":{"title":"\u00dcBER HiH - HANDinHAND","robots":{"index":"index","follow":"follow","max-snippet":"max-snippet:-1","max-image-preview":"max-image-preview:large","max-video-preview":"max-video-preview:-1"},"canonical":"https:\/\/handinhand.info\/en\/ueber-hih\/","og_locale":"en_GB","og_type":"article","og_title":"\u00dcBER HiH - HANDinHAND","og_url":"https:\/\/handinhand.info\/en\/ueber-hih\/","og_site_name":"HANDinHAND","article_modified_time":"2024-11-10T20:11:29+00:00","og_image":[{"url":"https:\/\/hih-spende-statt-geschenke.de\/wp-content\/uploads\/indienbild-1024x1024.jpg","type":"","width":"","height":""}],"twitter_card":"summary_large_image","twitter_misc":{"Estimated reading time":"17 minutes"},"schema":{"@context":"https:\/\/schema.org","@graph":[{"@type":"WebPage","@id":"https:\/\/handinhand.info\/ueber-hih\/","url":"https:\/\/handinhand.info\/ueber-hih\/","name":"\u00dcBER HiH - HANDinHAND","isPartOf":{"@id":"https:\/\/handinhand.info\/#website"},"primaryImageOfPage":{"@id":"https:\/\/handinhand.info\/ueber-hih\/#primaryimage"},"image":{"@id":"https:\/\/handinhand.info\/ueber-hih\/#primaryimage"},"thumbnailUrl":"https:\/\/hih-spende-statt-geschenke.de\/wp-content\/uploads\/indienbild-1024x1024.jpg","datePublished":"2018-11-11T16:26:52+00:00","dateModified":"2024-11-10T20:11:29+00:00","breadcrumb":{"@id":"https:\/\/handinhand.info\/ueber-hih\/#breadcrumb"},"inLanguage":"en-GB","potentialAction":[{"@type":"ReadAction","target":["https:\/\/handinhand.info\/ueber-hih\/"]}]},{"@type":"ImageObject","inLanguage":"en-GB","@id":"https:\/\/handinhand.info\/ueber-hih\/#primaryimage","url":"https:\/\/hih-spende-statt-geschenke.de\/wp-content\/uploads\/indienbild-1024x1024.jpg","contentUrl":"https:\/\/hih-spende-statt-geschenke.de\/wp-content\/uploads\/indienbild-1024x1024.jpg"},{"@type":"BreadcrumbList","@id":"https:\/\/handinhand.info\/ueber-hih\/#breadcrumb","itemListElement":[{"@type":"ListItem","position":1,"name":"Startseite","item":"https:\/\/handinhand.info\/"},{"@type":"ListItem","position":2,"name":"\u00dcBER HiH"}]},{"@type":"WebSite","@id":"https:\/\/handinhand.info\/#website","url":"https:\/\/handinhand.info\/","name":"HANDinHAND","description":"Hilfe zur Selbsthilfe in Indien","potentialAction":[{"@type":"SearchAction","target":{"@type":"EntryPoint","urlTemplate":"https:\/\/handinhand.info\/?s={search_term_string}"},"query-input":{"@type":"PropertyValueSpecification","valueRequired":true,"valueName":"search_term_string"}}],"inLanguage":"en-GB"}]}},"_links":{"self":[{"href":"https:\/\/handinhand.info\/en\/wp-json\/wp\/v2\/pages\/3053","targetHints":{"allow":["GET"]}}],"collection":[{"href":"https:\/\/handinhand.info\/en\/wp-json\/wp\/v2\/pages"}],"about":[{"href":"https:\/\/handinhand.info\/en\/wp-json\/wp\/v2\/types\/page"}],"author":[{"embeddable":true,"href":"https:\/\/handinhand.info\/en\/wp-json\/wp\/v2\/users\/1"}],"replies":[{"embeddable":true,"href":"https:\/\/handinhand.info\/en\/wp-json\/wp\/v2\/comments?post=3053"}],"version-history":[{"count":0,"href":"https:\/\/handinhand.info\/en\/wp-json\/wp\/v2\/pages\/3053\/revisions"}],"wp:attachment":[{"href":"https:\/\/handinhand.info\/en\/wp-json\/wp\/v2\/media?parent=3053"}],"curies":[{"name":"wp","href":"https:\/\/api.w.org\/{rel}","templated":true}]}}